{"id":2811,"date":"2026-03-04T11:27:09","date_gmt":"2026-03-04T09:27:09","guid":{"rendered":"https:\/\/tapcork.net\/personalizacion\/"},"modified":"2026-03-18T13:07:18","modified_gmt":"2026-03-18T11:07:18","slug":"personalizacion","status":"publish","type":"page","link":"https:\/\/tapcork.net\/hr\/personalizacion\/","title":{"rendered":"Personalizacija"},"content":{"rendered":"<div id=\"pl-2811\"  class=\"panel-layout\" ><div id=\"pg-2811-0\"  class=\"panel-grid panel-no-style\" ><div id=\"pgc-2811-0-0\"  class=\"panel-grid-cell\" ><div id=\"panel-2811-0-0-0\" class=\"so-panel widget widget_text panel-first-child panel-last-child\" data-index=\"0\" ><div class=\"panel-widget-style panel-widget-style-for-2811-0-0-0\" >\t\t\t<div class=\"textwidget\"><div style=\"width: 832px;\" class=\"wp-video\"><!--[if lt IE 9]><script>document.createElement('video');<\/script><![endif]-->\n<video class=\"wp-video-shortcode\" id=\"video-0-1\" preload=\"metadata\" controls=\"controls\"><source type=\"video\/mp4\" src=\"http:\/\/tapcork.net\/wp-content\/uploads\/2026\/03\/WhatsApp-Video-2025-10-23-at-16.02.07.mp4?_=1\" \/><a href=\"http:\/\/tapcork.net\/wp-content\/uploads\/2026\/03\/WhatsApp-Video-2025-10-23-at-16.02.07.mp4\">http:\/\/tapcork.net\/wp-content\/uploads\/2026\/03\/WhatsApp-Video-2025-10-23-at-16.02.07.mp4<\/a><\/video><\/div>\n<\/div>\n\t\t<\/div><\/div><\/div><div id=\"pgc-2811-0-1\"  class=\"panel-grid-cell\" ><div id=\"panel-2811-0-1-0\" class=\"so-panel widget widget_text panel-first-child panel-last-child\" data-index=\"1\" ><h3 class=\"widget-title\">Personalizirani \u010depovi za klju\u010deve: va\u0161a vinarija vidljivija nego ikad<\/h3>\t\t\t<div class=\"textwidget\"><p>Zbog sve ve\u0107eg broja vinarija koje se bave promocijom vinskog turizma, s ciljem pribli\u017eavanja svijeta vina \u0161to ve\u0107em broju ljudi i sa \u017eeljom da sura\u0111ujemo sa svima vama kako bismo pomogli da va\u0161a vina dopru do \u0161to ve\u0107eg broja ljudi, stvorili smo mogu\u0107nost ponude potpuno personaliziranih privjesaka za klju\u010deve.<\/p>\n<p>Ovi privjesci za klju\u010deve mogu se koristiti za doga\u0111aje, stavljati u drvene kutije, poklanjati na vinskim turama ili izlagati na sajmovima, \u010dime se osigurava da ime va\u0161e vinarije dopre do mnogo vi\u0161e ljudi.<\/p>\n<p>To je originalna, ekonomi\u010dna i u\u010dinkovita marketin\u0161ka strategija; u kona\u010dnici, ime va\u0161e vinarije bit \u0107e vidljivo i kru\u017eit \u0107e zahvaljuju\u0107i personaliziranom \u010depu\/privjesku za klju\u010deve.<\/p>\n<\/div>\n\t\t<\/div><\/div><\/div><div id=\"pg-2811-1\"  class=\"panel-grid panel-no-style\" ><div id=\"pgc-2811-1-0\"  class=\"panel-grid-cell panel-grid-cell-empty\" ><\/div><\/div><\/div>","protected":false},"excerpt":{"rendered":"Zbog sve ve\u0107eg broja vinarija koje se bave promocijom vinskog turizma, s ciljem pribli\u017eavanja svijeta vina \u0161to ve\u0107em broju ljudi i sa \u017eeljom da sura\u0111ujemo sa svima vama kako bismo pomogli da va\u0161a vina dopru do \u0161to ve\u0107eg broja ljudi, stvorili smo mogu\u0107nost ponude potpuno personaliziranih privjesaka za klju\u010deve. Ovi privjesci za klju\u010deve mogu se&#8230; <a class=\"view-article\" href=\"https:\/\/tapcork.net\/hr\/personalizacion\/\">View Article<\/a>","protected":false},"author":2,"featured_media":0,"parent":0,"menu_order":0,"comment_status":"closed","ping_status":"closed","template":"","meta":[],"acf":[],"_links":{"self":[{"href":"https:\/\/tapcork.net\/hr\/wp-json\/wp\/v2\/pages\/2811"}],"collection":[{"href":"https:\/\/tapcork.net\/hr\/wp-json\/wp\/v2\/pages"}],"about":[{"href":"https:\/\/tapcork.net\/hr\/wp-json\/wp\/v2\/types\/page"}],"author":[{"embeddable":true,"href":"https:\/\/tapcork.net\/hr\/wp-json\/wp\/v2\/users\/2"}],"replies":[{"embeddable":true,"href":"https:\/\/tapcork.net\/hr\/wp-json\/wp\/v2\/comments?post=2811"}],"version-history":[{"count":2,"href":"https:\/\/tapcork.net\/hr\/wp-json\/wp\/v2\/pages\/2811\/revisions"}],"predecessor-version":[{"id":2814,"href":"https:\/\/tapcork.net\/hr\/wp-json\/wp\/v2\/pages\/2811\/revisions\/2814"}],"wp:attachment":[{"href":"https:\/\/tapcork.net\/hr\/wp-json\/wp\/v2\/media?parent=2811"}],"curies":[{"name":"wp","href":"https:\/\/api.w.org\/{rel}","templated":true}]}}