{"id":2096,"date":"2021-12-10T11:12:46","date_gmt":"2021-12-10T09:12:46","guid":{"rendered":"https:\/\/tapcork.net\/?page_id=2096"},"modified":"2021-12-15T02:09:03","modified_gmt":"2021-12-15T00:09:03","slug":"politika-o-kolacicima","status":"publish","type":"page","link":"https:\/\/tapcork.net\/hr\/politika-o-kolacicima\/","title":{"rendered":"POLITIKA O KOLA\u010cI\u0106IMA"},"content":{"rendered":"<div id=\"pl-2096\"  class=\"panel-layout\" ><div id=\"pg-2096-0\"  class=\"panel-grid panel-no-style\" ><div id=\"pgc-2096-0-0\"  class=\"panel-grid-cell\" ><div id=\"panel-2096-0-0-0\" class=\"so-panel widget widget_sow-editor panel-first-child panel-last-child\" data-index=\"0\" ><div class=\"so-widget-sow-editor so-widget-sow-editor-base\">\n<div class=\"siteorigin-widget-tinymce textwidget\">\n\t<h2>PARAMETRI KOLA\u010cI\u0106A<\/h2>\n<p>Kola\u010di\u0107 je datoteka koja se telefonski napla\u0107uje na ra\u010dunalu za koje imate pristup odre\u0111enim web stranicama. Kola\u010di\u0107i su dopu\u0161teni na web stranici, izme\u0111u korisnika, skladi\u0161tara i primatelja informacija o navigacijskim navikama korisnika ili opreme i, u izvoru informacija koje korisnik ne koristi, oni su oprema. , je u svrhu kori\u0161tenja za izvi\u0111anje l'utilisateur. Navigateur de l\u2019utilisateur pamti kola\u010di\u0107e na broj\u010daniku tijekom sesije in cours, u zauzimanju prostora memoire minimum et sans nuire \u00e0 l'ordinateur. Kola\u010di\u0107i su sadr\u017eani u osobnim podacima koji su navedeni, a na lokaciju izme\u0111u njih vr\u0161i se disk tijekom zavr\u0161etka sesije preglednika (kola\u010di\u0107i sesije).<\/p>\n<p>Veliki broj navigatora prihva\u0107a kola\u010di\u0107e kao normalno.<\/p>\n<p><strong>Vrste kola\u010di\u0107a u fonction de leur finalit\u00e9<\/strong><\/p>\n<p style=\"padding-left: 40px;\"><strong>Tehnike kola\u010di\u0107a.<\/strong> Oni dopu\u0161taju kori\u0161tenje navigatora na web-stranici, tablici ili aplikaciji i korisniku razli\u010ditih opcija ili usluga koje postoje, comme le contr\u00f4le du trafic et la communication de donn\u00e9es, l'identifikaciju sesije, acc\u00e9der \u00e0 des stranke d'acc\u00e8s restreint, rappelle elemente koji \u010dine une commande, izvr\u0161avaju proces chat d'un commande, ispunjavaju zahtjev za registraciju ili sudjelovanje u doga\u0111aju, koriste elemente sigurnosnog privjeska navigaciju, skladi\u0161te sadr\u017eaja za \u0161irenje videozapisa ili sinova ili sudionika sadr\u017eaja za dru\u0161tvene resurse.<br \/>\n<strong>Kola\u010di\u0107i za personalizaciju.<\/strong> Dozvoljen je za korisnost pristup usluzi s op\u0107im karakteristikama navedenim u izvoru odre\u0111enog imena kriti\u010dara na terminalu uslu\u017enog programa kao npr. la langue, vrsta navigatora za pristup usluzi, regionalna konfiguracija d'o\u00f9 vous acc\u00e9dez au service itd.<br \/>\n<strong>Kola\u010di\u0107i za analizu.<\/strong> Dopu\u0161ta osoba zadu\u017eena za stranice suivre et d\u2019analyser pona\u0161anja korisnika stranica auxquels ils sont li\u00e9s. Podaci prikupljeni za vrstu kola\u010di\u0107a koriste se za mjerenje aktivnosti web-mjesta, aplikacija ili tablica-obrazaca te za tablicu navigacijskih profila korisnika web-mjesta, aplikacija i tablica-obrazaca, u vue d'apporter des am\u00e9liorations .<br \/>\n<strong>Kola\u010di\u0107i za ogla\u0161avanje.<\/strong> Omogu\u0107uju upravljanje, na naju\u010dinkovitiji mogu\u0107i na\u010din, mogu\u0107im prostorima za ogla\u0161avanje, uklju\u010duju\u0107i izdava\u010da na web-stranici, aplikaciji ili obrascu plo\u010de s kojeg je usluga potrebna na kriti\u010dnoj bazi telefona koja vas sadr\u017ei. edited ou la fr\u00e9quence d'affichage des annonces.<br \/>\n<strong>Kola\u010di\u0107i za ogla\u0161avanje u pona\u0161anju.<\/strong> Omogu\u0107uje upravljanje, na naju\u010dinkovitiji mogu\u0107i na\u010din, prostorima za ogla\u0161avanje doga\u0111aja uklju\u010duju\u0107i izdava\u010da na web stranici, aplikaciji ili tablici na zahtjev fournit usluge. Ove kola\u010di\u0107e koji \u010duvaju informacije o pona\u0161anju korisnika, dobivate zahvaljuju\u0107i stalnom promatranju navika navigacije, \u0161to vam omogu\u0107uje da razvijete odre\u0111eni profil za gledanje ogla\u0161avanja u obliku celui-ci.<\/p>\n<p><strong>Vrste kola\u010di\u0107a selon votre gestionnaire<\/strong><\/p>\n<p style=\"padding-left: 40px;\"><strong>Kola\u010di\u0107i propre.<\/strong> Vlasni\u010dki kola\u010di\u0107i \u0161alju se koordinatoru korisni\u010dkog terminala s ra\u010dunala ili s domene koju je kreirao izdava\u010d lui-m\u00eame i iz usluge koju je korisnik zatra\u017eio star \u010detiri godine.<br \/>\n<strong>Slojevi kola\u010di\u0107a.<\/strong> Slojevi kola\u010di\u0107a \u0161alju se koordinatoru korisni\u010dkog terminala s ra\u010dunala ili domene koji je u polju izdava\u010da, ali umjesto entiteta koji karakterizira donatore dobivene putem kola\u010di\u0107a. Kola\u010di\u0107i koje je izdava\u010d instalirao vi\u0161e nego po razinama su slojevi kola\u010di\u0107a.<\/p>\n<p><strong>Koje vrste kola\u010di\u0107a web-mjesto koristi-t-il?<\/strong><\/p>\n<p style=\"padding-left: 40px;\">- Tehnike kola\u010di\u0107a<br \/>\n- Kola\u010di\u0107i za analizu<\/p>\n<p>Iz tog razloga korisnik izri\u010dito prihva\u0107a, za kori\u0161tenje stranice, obradu primljenih informacija u obliku i kraju spomenutog ci-dessus-a. Il reconna\u00eet \u00e9galement mogu\u0107nost odbijanja traitementa ces donn\u00e9es ili informacije o odbijanju kori\u0161tenja kola\u010di\u0107a u odabiru parametara appropri\u00e9s \u00e0 cet effet dans votre navigateur. Pa, ova opcija blokiranja kola\u010di\u0107a dans votre navigateur puisse ne pas vous permettre d\u2019utiliser pleinement toutes the fonctionnalit\u00e9s du site Web.<\/p>\n<p>&nbsp;<\/p>\n<p>&nbsp;<\/p>\n<\/div>\n<\/div><\/div><\/div><\/div><\/div>","protected":false},"excerpt":{"rendered":"PARAMETRI KOLA\u010cI\u0106A Kola\u010di\u0107 je datoteka koja se telefonski napla\u0107uje na ra\u010dunalu za koje imate pristup odre\u0111enim web stranicama. Kola\u010di\u0107i su dopu\u0161teni na web stranici, izme\u0111u korisnika, skladi\u0161tara i primatelja informacija o navigacijskim navikama korisnika ili opreme i, u izvoru informacija koje korisnik ne koristi, oni su oprema. , je u svrhu kori\u0161tenja za izvi\u0111anje l&#8217;utilisateur&#8230;. <a class=\"view-article\" href=\"https:\/\/tapcork.net\/hr\/politika-o-kolacicima\/\">View Article<\/a>","protected":false},"author":1,"featured_media":0,"parent":0,"menu_order":0,"comment_status":"closed","ping_status":"closed","template":"","meta":[],"acf":[],"_links":{"self":[{"href":"https:\/\/tapcork.net\/hr\/wp-json\/wp\/v2\/pages\/2096"}],"collection":[{"href":"https:\/\/tapcork.net\/hr\/wp-json\/wp\/v2\/pages"}],"about":[{"href":"https:\/\/tapcork.net\/hr\/wp-json\/wp\/v2\/types\/page"}],"author":[{"embeddable":true,"href":"https:\/\/tapcork.net\/hr\/wp-json\/wp\/v2\/users\/1"}],"replies":[{"embeddable":true,"href":"https:\/\/tapcork.net\/hr\/wp-json\/wp\/v2\/comments?post=2096"}],"version-history":[{"count":0,"href":"https:\/\/tapcork.net\/hr\/wp-json\/wp\/v2\/pages\/2096\/revisions"}],"wp:attachment":[{"href":"https:\/\/tapcork.net\/hr\/wp-json\/wp\/v2\/media?parent=2096"}],"curies":[{"name":"wp","href":"https:\/\/api.w.org\/{rel}","templated":true}]}}