{"id":1836,"date":"2018-02-05T07:15:57","date_gmt":"2018-02-05T05:15:57","guid":{"rendered":"https:\/\/tapcork.net\/aviso-legal\/"},"modified":"2021-12-10T11:01:03","modified_gmt":"2021-12-10T09:01:03","slug":"pravno-upozorenje","status":"publish","type":"page","link":"https:\/\/tapcork.net\/hr\/pravno-upozorenje\/","title":{"rendered":"Pravno upozorenje"},"content":{"rendered":"<div id=\"pl-1836\"  class=\"panel-layout\" ><div id=\"pg-1836-0\"  class=\"panel-grid panel-has-style\" ><div class=\"panel-row-style panel-row-style-for-1836-0\" ><div id=\"pgc-1836-0-0\"  class=\"panel-grid-cell\" ><div id=\"panel-1836-0-0-0\" class=\"so-panel widget widget_sow-editor panel-first-child panel-last-child\" data-index=\"0\" ><div class=\"so-widget-sow-editor so-widget-sow-editor-base\">\n<div class=\"siteorigin-widget-tinymce textwidget\">\n\t<h2>PRAVNO UPOZORENJE<\/h2>\n<p><strong>\u00a01. Podaci o tvrtki<\/strong><br \/>\nU skladu s \u010dlankom 10. Zakona 34\/2002 od 11. srpnja o uslugama informacijskog dru\u0161tva i elektroni\u010dke trgovine, identifikacijski podaci tvrtke navedeni su u nastavku.<\/p>\n<p style=\"padding-left: 40px;\">Naziv: Tapcork Natural<br \/>\nNaziv tvrtke: Tapcork Natural, S.L.U.<br \/>\nNIF \/ CIF: B55110753<br \/>\nRegistracija: Girona Mercantile Registry, svezak 2833, knjiga 0, folija 103, stranica GI-51691.<br \/>\nRegistrirani ured: C \/ Garrotxa, 18. Pol.Ind Casa Nova - 17181 Aiguaviva - Girona<br \/>\nTelefon: 972.11.10.88<br \/>\nAdresa e-po\u0161te: info@tapcork.net<\/p>\n<p><strong>2. Intelektualno vlasni\u0161tvo<\/strong><br \/>\nIzvorni kod, grafi\u010dki dizajn, slike, fotografije, zvukovi, animacije, softver, tekstovi, kao i informacije i sadr\u017eaj koji se prikupljaju u ime tvrtke za\u0161ti\u0107eni su \u0161panjolskim zakonodavstvom o pravima intelektualnog i industrijskog vlasni\u0161tva u korist naziv tvrtke i potpuna ili djelomi\u010dna reprodukcija i\/ili objavljivanje web stranice, niti njezina ra\u010dunalna obrada, distribucija, \u0161irenje, niti njezina izmjena, transformacija ili dekompilacija nije dopu\u0161tena. , niti druga prava zakonom priznata njegovom vlasniku, bez prethodno pismeno dopu\u0161tenje vlasnika, Tapcork Natural.<\/p>\n<p>Korisnik, isklju\u010divo i isklju\u010divo, mo\u017ee koristiti materijal koji se pojavljuje na ovoj web stranici za svoju osobnu i privatnu upotrebu, zabranjeno je njegovo kori\u0161tenje u komercijalne svrhe ili za sudjelovanje u nezakonitim radnjama. Tapcork Natural izri\u010dito zadr\u017eava sva prava koja proizlaze iz intelektualnog vlasni\u0161tva.<\/p>\n<p>Tapcork Natural \u0107e osigurati po\u0161tivanje gore navedenih uvjeta kao i pravilno kori\u0161tenje sadr\u017eaja predstavljenog na svojoj web stranici, poduzimaju\u0107i sve gra\u0111anske i kaznene radnje koje mu odgovaraju u slu\u010daju kr\u0161enja ili kr\u0161enja ovih prava od strane korisnika.<\/p>\n<p><strong>3. Za\u0161tita osobnih podataka<\/strong><br \/>\nOsobni podaci koji se mogu dobiti putem kontakt obrasca na ovoj stranici ili primanjem e-po\u0161te tretiraju se s najve\u0107om povjerljivo\u0161\u0107u i koristit \u0107e se samo za odgovaranje na zahtjeve za informacijama ili upite. Oni bi se uklju\u010dili u spis samo u slu\u010daju da se uspostavi komercijalni odnos izme\u0111u Tapcork Naturala i doti\u010dne osobe, i uvijek uz prethodni pristanak te osobe.<\/p>\n<p>Tapcork Natural je usvojio odgovaraju\u0107e razine sigurnosti za dostavljene podatke i, osim toga, instalirana su sva sredstva i tehni\u010dke mjere kojima raspola\u017ee kako bi se sprije\u010dio gubitak, zlouporaba, izmjena, neovla\u0161teni pristup i kra\u0111a podataka koje nam omogu\u0107uju.<\/p>\n<p><strong>4. Razno<\/strong><\/p>\n<p style=\"padding-left: 40px;\">A.- Tapcork Natural koristi kola\u010di\u0107e koji \u0107e biti pohranjeni na ra\u010dunalu. Kola\u010di\u0107i su male datoteke koje na\u0161e ra\u010dunalo \u0161alje na va\u0161e, ali nam ne daju podatke o va\u0161em imenu ili bilo kojem od va\u0161ih osobnih podataka. Kola\u010di\u0107i koje koristimo ne mogu \u010ditati podatke s va\u0161eg ra\u010dunala niti \u010ditati kola\u010di\u0107e koji postoje na va\u0161em ra\u010dunalu.<\/p>\n<p style=\"padding-left: 40px;\">Kada korisnik pregledava Tapcork Natural web stranice, poslu\u017eitelj na kojem se nalazi automatski prepoznaje IP adresu njihovog ra\u010dunala, dan i vrijeme po\u010detka posjeta, kada napusti posjet, kao i informacije o razli\u010ditim odjeljcima koje su konzultirane. Neophodno je da poslu\u017eitelj poznaje te podatke kako bi komunicirao i slao postavljeni zahtjev te da se isti mo\u017ee vidjeti na ekranu putem preglednika.<br \/>\nAko \u017eelite, mo\u017eete konfigurirati svoj preglednik tako da \u0107e vas obavijestiti na ekranu ako \u0107ete primiti kola\u010di\u0107. Korisnik mo\u017ee konfigurirati svoje ra\u010dunalo tako da ne prima ove kola\u010di\u0107e, ta \u010dinjenica ne\u0107e sprije\u010diti pristup informacijama na web stranici www.tapcork.net.<\/p>\n<p style=\"padding-left: 40px;\">B.- Tapcork Natural mo\u017ee izmijeniti, bez prethodne obavijesti, informacije sadr\u017eane na svojoj web stranici, kao i njihovu konfiguraciju i prezentaciju.<\/p>\n<p style=\"padding-left: 40px;\">C.- Tapcork Natural se ovime obvezuje NE UKLJU\u010cIVATI U OBMANJU\u0106E OGLA\u0160AVANJE. Stoga se u ove svrhe, formalne ili numeri\u010dke pogre\u0161ke koje se mogu na\u0107i u cijelom sadr\u017eaju razli\u010ditih odjeljaka web stranice s nazivom tvrtke, nastale kao rezultat odr\u017eavanja i\/ili a\u017euriranja, ne\u0107e smatrati obmanjuju\u0107im ogla\u0161avanjem. nepotpune ili neispravne informacije sadr\u017eane u ovim odjeljcima. Tapcork Natural, kao posljedica odredbi ovog odjeljka, obvezuje se ispraviti ga \u010dim sazna za navedene pogre\u0161ke.<\/p>\n<p style=\"padding-left: 40px;\">D.- Tapcork Natural se obvezuje NE\u0106E \u0160ALJETI OGLA\u0160AVANJE KORESPENDENCIJE BEZ Identifikacije KAO TAKVU, u skladu s odredbama Zakona 34\/2002 o informacijskom dru\u0161tvu i uslugama elektroni\u010dke trgovine. U ove svrhe, sve informacije koje se \u0161alju KUPACIMA Tapcork Natural ne\u0107e se smatrati komercijalnom komunikacijom, pod uvjetom da je njihova svrha odr\u017eavanje postoje\u0107eg ugovornog odnosa izme\u0111u klijenta i Tapcork Naturala, kao i obavljanje zadataka informiranja i obuke. i druge djelatnosti trgova\u010dkog odnosa s tvrtkom.<\/p>\n<p style=\"padding-left: 40px;\">E.- Tapcork Natural nije odgovoran za kr\u0161enje bilo kojeg primjenjivog pravila do kojeg bi korisnik mogao do\u0107i prilikom pristupa web stranici tvrtke i\/ili kori\u0161tenja informacija sadr\u017eanih u njoj.<br \/>\nF.- Tapcork Natural ne\u0107e snositi odgovornost za \u0161tete nastale ili koje bi se mogle dogoditi, bez obzira na njihovu prirodu, koje proizlaze iz kori\u0161tenja informacija, stvari sadr\u017eanih na ovoj web stranici i programa koje ona uklju\u010duje. Veze i hipertekst koji omogu\u0107uju korisniku, putem web stranice tvrtke, pristup zna\u010dajkama i uslugama koje nude tre\u0107e strane, ne pripadaju ili su pod kontrolom Tapcork Natural; navedeni subjekt nije odgovoran za informacije sadr\u017eane u njima niti za bilo kakve u\u010dinke koji mogu proiza\u0107i iz navedenih informacija.<\/p>\n<p style=\"padding-left: 40px;\">G.- Tapcork Natural nije odgovoran za nelegitimno kori\u0161tenje naziva robnih marki, naziva proizvoda, za\u0161titnih znakova koje tre\u0107e strane mogu koristiti na web-mjestu tvrtke, a koji nisu vlasni\u0161tvo navedenog subjekta. Tako\u0111er nije odgovoran za integritet, istinitost i zakonitost sadr\u017eaja poveznica na web stranice kojima se mo\u017ee pristupiti s www.tapcork.net.<\/p>\n<p style=\"padding-left: 40px;\">H.- Tapcork Natural nije odgovoran za viruse koji imaju svoje porijeklo u telematskom prijenosu infiltriranim od strane tre\u0107ih strana (na primjer, makronaredbe tekstualnog procesora, Java appleti i Active X programi), generirane u svrhu dobivanja negativnih rezultata za ra\u010dunalni sustav .<\/p>\n<p style=\"padding-left: 40px;\">I.- U kona\u010dnici, Korisnik je isklju\u010divo odgovoran za kori\u0161tenje usluga, sadr\u017eaja, poveznica i hiperteksta koji se nalaze na web stranici tvrtke.<\/p>\n<p style=\"padding-left: 40px;\">J. - Sve \u0161to se odnosi na web-stranicu www.tapcork.net, podlije\u017ee isklju\u010divo \u0161panjolskim zakonima. U slu\u010daju bilo koje vrste neslaganja ili razlike izme\u0111u stranaka u vezi s tuma\u010denjem i sadr\u017eajem ove web stranice, sve strane se, izri\u010dito se odri\u010du\u0107i bilo koje druge nadle\u017enosti, podnose sudovima i sudovima u Gironi.<\/p>\n<\/div>\n<\/div><\/div><\/div><\/div><\/div><\/div>","protected":false},"excerpt":{"rendered":"PRAVNO UPOZORENJE \u00a01. Podaci o tvrtki U skladu s \u010dlankom 10. Zakona 34\/2002 od 11. srpnja o uslugama informacijskog dru\u0161tva i elektroni\u010dke trgovine, identifikacijski podaci tvrtke navedeni su u nastavku. Naziv: Tapcork Natural Naziv tvrtke: Tapcork Natural, S.L.U. NIF \/ CIF: B55110753 Registracija: Girona Mercantile Registry, svezak 2833, knjiga 0, folija 103, stranica GI-51691. Registrirani&#8230; <a class=\"view-article\" href=\"https:\/\/tapcork.net\/hr\/pravno-upozorenje\/\">View Article<\/a>","protected":false},"author":1,"featured_media":0,"parent":0,"menu_order":0,"comment_status":"closed","ping_status":"closed","template":"","meta":[],"acf":[],"_links":{"self":[{"href":"https:\/\/tapcork.net\/hr\/wp-json\/wp\/v2\/pages\/1836"}],"collection":[{"href":"https:\/\/tapcork.net\/hr\/wp-json\/wp\/v2\/pages"}],"about":[{"href":"https:\/\/tapcork.net\/hr\/wp-json\/wp\/v2\/types\/page"}],"author":[{"embeddable":true,"href":"https:\/\/tapcork.net\/hr\/wp-json\/wp\/v2\/users\/1"}],"replies":[{"embeddable":true,"href":"https:\/\/tapcork.net\/hr\/wp-json\/wp\/v2\/comments?post=1836"}],"version-history":[{"count":0,"href":"https:\/\/tapcork.net\/hr\/wp-json\/wp\/v2\/pages\/1836\/revisions"}],"wp:attachment":[{"href":"https:\/\/tapcork.net\/hr\/wp-json\/wp\/v2\/media?parent=1836"}],"curies":[{"name":"wp","href":"https:\/\/api.w.org\/{rel}","templated":true}]}}