{"id":1718,"date":"2018-01-29T10:38:52","date_gmt":"2018-01-29T10:38:52","guid":{"rendered":"https:\/\/tapcork.net\/empresa\/"},"modified":"2024-09-29T13:37:15","modified_gmt":"2024-09-29T11:37:15","slug":"tvrtka","status":"publish","type":"page","link":"https:\/\/tapcork.net\/hr\/tvrtka\/","title":{"rendered":"Tvrtka"},"content":{"rendered":"<div id=\"pl-1718\"  class=\"panel-layout\" ><div id=\"pg-1718-0\"  class=\"panel-grid panel-has-style\" ><div class=\"siteorigin-panels-stretch panel-row-style panel-row-style-for-1718-0\" data-stretch-type=\"full-stretched\" ><div id=\"pgc-1718-0-0\"  class=\"panel-grid-cell\" ><div id=\"panel-1718-0-0-0\" class=\"so-panel widget widget_sow-slider panel-first-child panel-last-child\" data-index=\"0\" ><div class=\"so-widget-sow-slider so-widget-sow-slider-default-53fd0f98de19-1718\"><div class=\"sow-slider-base\" style=\"display: none\"><ul class=\"sow-slider-images\" data-settings=\"{&quot;pagination&quot;:true,&quot;speed&quot;:800,&quot;timeout&quot;:8000,&quot;paused&quot;:false,&quot;pause_on_hover&quot;:false,&quot;swipe&quot;:true,&quot;nav_always_show_desktop&quot;:&quot;&quot;,&quot;nav_always_show_mobile&quot;:&quot;&quot;,&quot;breakpoint&quot;:&quot;780px&quot;,&quot;unmute&quot;:false}\">\t\t<li class=\"sow-slider-image  sow-slider-image-cover\" style=\"background-image: url(https:\/\/tapcork.net\/wp-content\/uploads\/2021\/11\/hero-empresa_03.jpg)\" >\n\t\t\t\t\t\t\t\t\t<img width=\"676\" height=\"399\" src=\"https:\/\/tapcork.net\/wp-content\/uploads\/2021\/11\/hero-empresa_03.jpg\" class=\"sow-slider-background-image skip-lazy\" alt=\"\" loading=\"eager\" srcset=\"https:\/\/tapcork.net\/wp-content\/uploads\/2021\/11\/hero-empresa_03.jpg 676w, https:\/\/tapcork.net\/wp-content\/uploads\/2021\/11\/hero-empresa_03-250x148.jpg 250w, https:\/\/tapcork.net\/wp-content\/uploads\/2021\/11\/hero-empresa_03-120x71.jpg 120w\" sizes=\"(max-width: 676px) 100vw, 676px\" \/>\t\t\t\t\t\t\t\t<\/li>\n\t\t\t\t<li class=\"sow-slider-image  sow-slider-image-cover\" style=\"background-image: url(https:\/\/tapcork.net\/wp-content\/uploads\/2021\/11\/hero-empresa-02_03.jpg)\" >\n\t\t\t\t\t\t\t\t\t<img width=\"666\" height=\"592\" src=\"https:\/\/tapcork.net\/wp-content\/uploads\/2021\/11\/hero-empresa-02_03.jpg\" class=\"sow-slider-background-image skip-lazy\" alt=\"\" loading=\"eager\" srcset=\"https:\/\/tapcork.net\/wp-content\/uploads\/2021\/11\/hero-empresa-02_03.jpg 666w, https:\/\/tapcork.net\/wp-content\/uploads\/2021\/11\/hero-empresa-02_03-250x222.jpg 250w, https:\/\/tapcork.net\/wp-content\/uploads\/2021\/11\/hero-empresa-02_03-120x107.jpg 120w\" sizes=\"(max-width: 666px) 100vw, 666px\" \/>\t\t\t\t\t\t\t\t<\/li>\n\t\t<\/ul>\t\t\t\t<ol class=\"sow-slider-pagination\">\n\t\t\t\t\t\t\t\t\t\t\t<li><a href=\"#\" data-goto=\"0\" aria-label=\"display slide 1\"><\/a><\/li>\n\t\t\t\t\t\t\t\t\t\t\t<li><a href=\"#\" data-goto=\"1\" aria-label=\"display slide 2\"><\/a><\/li>\n\t\t\t\t\t\t\t\t\t<\/ol>\n\n\t\t\t\t<div class=\"sow-slide-nav sow-slide-nav-next\">\n\t\t\t\t\t<a href=\"#\" data-goto=\"next\" aria-label=\"next slide\" data-action=\"next\">\n\t\t\t\t\t\t<em class=\"sow-sld-icon-ultra-thin-right\"><\/em>\n\t\t\t\t\t<\/a>\n\t\t\t\t<\/div>\n\n\t\t\t\t<div class=\"sow-slide-nav sow-slide-nav-prev\">\n\t\t\t\t\t<a href=\"#\" data-goto=\"previous\" aria-label=\"previous slide\" data-action=\"prev\">\n\t\t\t\t\t\t<em class=\"sow-sld-icon-ultra-thin-left\"><\/em>\n\t\t\t\t\t<\/a>\n\t\t\t\t<\/div>\n\t\t\t\t<\/div><\/div><\/div><\/div><\/div><\/div><div id=\"pg-1718-1\"  class=\"panel-grid panel-has-style\" ><div class=\"slogan principal siteorigin-panels-stretch panel-row-style panel-row-style-for-1718-1\" data-stretch-type=\"full-stretched\" ><div id=\"pgc-1718-1-0\"  class=\"panel-grid-cell\" ><div id=\"panel-1718-1-0-0\" class=\"so-panel widget widget_sow-editor panel-first-child panel-last-child\" data-index=\"1\" ><div class=\"so-widget-sow-editor so-widget-sow-editor-base\"><h3 class=\"widget-title\">Tvrtka<\/h3>\n<div class=\"siteorigin-widget-tinymce textwidget\">\n\t<\/div>\n<\/div><\/div><\/div><\/div><\/div><div id=\"pg-1718-2\"  class=\"panel-grid panel-has-style\" ><div class=\"panel-row-style panel-row-style-for-1718-2\" ><div id=\"pgc-1718-2-0\"  class=\"panel-grid-cell\" ><div id=\"panel-1718-2-0-0\" class=\"so-panel widget widget_sow-editor panel-first-child panel-last-child\" data-index=\"2\" ><div class=\"so-widget-sow-editor so-widget-sow-editor-base\">\n<div class=\"siteorigin-widget-tinymce textwidget\">\n\t<h3>Iskustvo i tradicija<\/h3>\n<p>Smje\u0161teni u regiji s velikom tradicijom pluta, u TAPCORK-u imamo dubinsko znanje o ovom prirodnom proizvodu, \u0161to nam omogu\u0107uje razvoj na\u0161eg poznatog asortimana \u010depova od pluta koji se prilago\u0111avaju potrebama zatvaranja svih vrsta vina i pi\u0107a s izvrsnim rezultatima i optimalnim uvjetima.<\/p>\n<p>Filozofija TAPCORK-a je ponuditi vrlo dobar proizvod s najboljim mogu\u0107im omjerom kvalitete i cijene, s dobrim personaliziranim savjetima i postprodajnom uslugom, koji su razvili i na\u0161i prodajni predstavnici i na\u0161i tehni\u010dari iz tvornice, gdje se \u010depovi rade uvijek kontroliraju\u0107i kvalitetu i zahtjeve kupaca.<\/p>\n<p>Misija TAPCORK-a je ponuditi i istaknuti se na tr\u017ei\u0161tu po svojim proizvodima, a prije svega po vrlo ozbiljnoj i potpuno personaliziranoj usluzi kupcima.<\/p>\n<p><img loading=\"lazy\" width=\"130\" height=\"156\" class=\"size-full wp-image-673 aligncenter\" src=\"http:\/\/tapcork.net\/wp-content\/uploads\/2021\/11\/logo-empresa.jpg\" alt=\"\" srcset=\"https:\/\/tapcork.net\/wp-content\/uploads\/2021\/11\/logo-empresa.jpg 130w, https:\/\/tapcork.net\/wp-content\/uploads\/2021\/11\/logo-empresa-120x144.jpg 120w\" sizes=\"(max-width: 130px) 100vw, 130px\" \/><\/p>\n<\/div>\n<\/div><\/div><\/div><\/div><\/div><\/div>","protected":false},"excerpt":{"rendered":"Tvrtka Iskustvo i tradicija Smje\u0161teni u regiji s velikom tradicijom pluta, u TAPCORK-u imamo dubinsko znanje o ovom prirodnom proizvodu, \u0161to nam omogu\u0107uje razvoj na\u0161eg poznatog asortimana \u010depova od pluta koji se prilago\u0111avaju potrebama zatvaranja svih vrsta vina i pi\u0107a s izvrsnim rezultatima i optimalnim uvjetima. Filozofija TAPCORK-a je ponuditi vrlo dobar proizvod s najboljim&#8230; <a class=\"view-article\" href=\"https:\/\/tapcork.net\/hr\/tvrtka\/\">View Article<\/a>","protected":false},"author":1,"featured_media":0,"parent":0,"menu_order":0,"comment_status":"closed","ping_status":"closed","template":"","meta":[],"acf":[],"_links":{"self":[{"href":"https:\/\/tapcork.net\/hr\/wp-json\/wp\/v2\/pages\/1718"}],"collection":[{"href":"https:\/\/tapcork.net\/hr\/wp-json\/wp\/v2\/pages"}],"about":[{"href":"https:\/\/tapcork.net\/hr\/wp-json\/wp\/v2\/types\/page"}],"author":[{"embeddable":true,"href":"https:\/\/tapcork.net\/hr\/wp-json\/wp\/v2\/users\/1"}],"replies":[{"embeddable":true,"href":"https:\/\/tapcork.net\/hr\/wp-json\/wp\/v2\/comments?post=1718"}],"version-history":[{"count":3,"href":"https:\/\/tapcork.net\/hr\/wp-json\/wp\/v2\/pages\/1718\/revisions"}],"predecessor-version":[{"id":2657,"href":"https:\/\/tapcork.net\/hr\/wp-json\/wp\/v2\/pages\/1718\/revisions\/2657"}],"wp:attachment":[{"href":"https:\/\/tapcork.net\/hr\/wp-json\/wp\/v2\/media?parent=1718"}],"curies":[{"name":"wp","href":"https:\/\/api.w.org\/{rel}","templated":true}]}}