{"id":2802,"date":"2026-03-04T11:27:09","date_gmt":"2026-03-04T09:27:09","guid":{"rendered":"https:\/\/tapcork.net\/personalizacion\/"},"modified":"2026-03-18T13:00:44","modified_gmt":"2026-03-18T11:00:44","slug":"personalizacion","status":"publish","type":"page","link":"https:\/\/tapcork.net\/fr\/personalizacion\/","title":{"rendered":"Personnalisation"},"content":{"rendered":"<div id=\"pl-2802\"  class=\"panel-layout\" ><div id=\"pg-2802-0\"  class=\"panel-grid panel-no-style\" ><div id=\"pgc-2802-0-0\"  class=\"panel-grid-cell\" ><div id=\"panel-2802-0-0-0\" class=\"so-panel widget widget_text panel-first-child panel-last-child\" data-index=\"0\" ><div class=\"panel-widget-style panel-widget-style-for-2802-0-0-0\" >\t\t\t<div class=\"textwidget\"><div style=\"width: 832px;\" class=\"wp-video\"><!--[if lt IE 9]><script>document.createElement('video');<\/script><![endif]-->\n<video class=\"wp-video-shortcode\" id=\"video-0-1\" preload=\"metadata\" controls=\"controls\"><source type=\"video\/mp4\" src=\"http:\/\/tapcork.net\/wp-content\/uploads\/2026\/03\/WhatsApp-Video-2025-10-23-at-16.02.07.mp4?_=1\" \/><a href=\"http:\/\/tapcork.net\/wp-content\/uploads\/2026\/03\/WhatsApp-Video-2025-10-23-at-16.02.07.mp4\">http:\/\/tapcork.net\/wp-content\/uploads\/2026\/03\/WhatsApp-Video-2025-10-23-at-16.02.07.mp4<\/a><\/video><\/div>\n<\/div>\n\t\t<\/div><\/div><\/div><div id=\"pgc-2802-0-1\"  class=\"panel-grid-cell\" ><div id=\"panel-2802-0-1-0\" class=\"so-panel widget widget_text panel-first-child panel-last-child\" data-index=\"1\" ><h3 class=\"widget-title\">Bouchons de porte-cl\u00e9s personnalis\u00e9s : votre domaine viticole plus visible que jamais<\/h3>\t\t\t<div class=\"textwidget\"><p>Face \u00e0 l&rsquo;essor de l&rsquo;\u0153notourisme et \u00e0 l&rsquo;engagement croissant des domaines viticoles dans la promotion de leurs vins, afin de faire d\u00e9couvrir le monde du vin \u00e0 un public toujours plus large, nous vous proposons d\u00e9sormais des porte-cl\u00e9s enti\u00e8rement personnalis\u00e9s.<\/p>\n<p>Ces porte-cl\u00e9s peuvent \u00eatre utilis\u00e9s lors d&rsquo;\u00e9v\u00e9nements, gliss\u00e9s dans des coffrets en bois, offerts lors de visites de vignobles ou pr\u00e9sent\u00e9s sur les salons professionnels, assurant ainsi une visibilit\u00e9 optimale \u00e0 votre domaine.<\/p>\n<p>Strat\u00e9gie marketing originale, \u00e9conomique et efficace, le nom de votre domaine rayonnera gr\u00e2ce \u00e0 ces capsules\/porte-cl\u00e9s personnalis\u00e9s.<\/p>\n<\/div>\n\t\t<\/div><\/div><\/div><div id=\"pg-2802-1\"  class=\"panel-grid panel-no-style\" ><div id=\"pgc-2802-1-0\"  class=\"panel-grid-cell panel-grid-cell-empty\" ><\/div><\/div><\/div>","protected":false},"excerpt":{"rendered":"Face \u00e0 l&rsquo;essor de l&rsquo;\u0153notourisme et \u00e0 l&rsquo;engagement croissant des domaines viticoles dans la promotion de leurs vins, afin de faire d\u00e9couvrir le monde du vin \u00e0 un public toujours plus large, nous vous proposons d\u00e9sormais des porte-cl\u00e9s enti\u00e8rement personnalis\u00e9s. Ces porte-cl\u00e9s peuvent \u00eatre utilis\u00e9s lors d&rsquo;\u00e9v\u00e9nements, gliss\u00e9s dans des coffrets en bois, offerts lors&#8230; <a class=\"view-article\" href=\"https:\/\/tapcork.net\/fr\/personalizacion\/\">Voir l&rsquo;article<\/a>","protected":false},"author":2,"featured_media":0,"parent":0,"menu_order":0,"comment_status":"closed","ping_status":"closed","template":"","meta":[],"acf":[],"_links":{"self":[{"href":"https:\/\/tapcork.net\/fr\/wp-json\/wp\/v2\/pages\/2802"}],"collection":[{"href":"https:\/\/tapcork.net\/fr\/wp-json\/wp\/v2\/pages"}],"about":[{"href":"https:\/\/tapcork.net\/fr\/wp-json\/wp\/v2\/types\/page"}],"author":[{"embeddable":true,"href":"https:\/\/tapcork.net\/fr\/wp-json\/wp\/v2\/users\/2"}],"replies":[{"embeddable":true,"href":"https:\/\/tapcork.net\/fr\/wp-json\/wp\/v2\/comments?post=2802"}],"version-history":[{"count":2,"href":"https:\/\/tapcork.net\/fr\/wp-json\/wp\/v2\/pages\/2802\/revisions"}],"predecessor-version":[{"id":2805,"href":"https:\/\/tapcork.net\/fr\/wp-json\/wp\/v2\/pages\/2802\/revisions\/2805"}],"wp:attachment":[{"href":"https:\/\/tapcork.net\/fr\/wp-json\/wp\/v2\/media?parent=2802"}],"curies":[{"name":"wp","href":"https:\/\/api.w.org\/{rel}","templated":true}]}}