{"id":2463,"date":"2021-12-23T11:15:48","date_gmt":"2021-12-23T09:15:48","guid":{"rendered":"https:\/\/tapcork.net\/?page_id=2463"},"modified":"2026-03-02T18:42:55","modified_gmt":"2026-03-02T16:42:55","slug":"politique-qualite","status":"publish","type":"page","link":"https:\/\/tapcork.net\/fr\/politique-qualite\/","title":{"rendered":"POLITIQUE QUALIT\u00c9"},"content":{"rendered":"<div id=\"pl-2463\"  class=\"panel-layout\" ><div id=\"pg-2463-0\"  class=\"panel-grid panel-no-style\" ><div id=\"pgc-2463-0-0\"  class=\"panel-grid-cell\" ><div id=\"panel-2463-0-0-0\" class=\"so-panel widget widget_sow-editor panel-first-child panel-last-child\" data-index=\"0\" ><div class=\"so-widget-sow-editor so-widget-sow-editor-base\">\n<div class=\"siteorigin-widget-tinymce textwidget\">\n\t<h2>POLITIQUE QUALIT\u00c9<\/h2>\n<p>La direction de TAPCORK NATURAL, SLU d\u00e9finit et est en accord avec sa politique de qualit\u00e9 selon ce qui suit:<\/p>\n<p>Notre philosophie est d\u2019offrir un tr\u00e8s bon produit avec le meilleur rapport qualit\u00e9-prix possible et avec un bon service de conseil avant-vente, d\u00e9velopp\u00e9 par nos techniciens commerciaux et d\u2019usine, o\u00f9 il est ils travaillent en d\u00e9tail les bouchons, en contr\u00f4lant toujours la qualit\u00e9 et les demandes du client, el travaille donc toujours sous le principe de l\u2019am\u00e9lioration continue et implique tous les membres de l\u2019\u00e9quipe fournit des id\u00e9es pour pr\u00e9venir les probl\u00e8mes et fournir des am\u00e9liorations, responsabilit\u00e9 pour la plupart des employ\u00e9s dans le contr\u00f4le de la qualit\u00e9 du produit.<\/p>\n<p>Suite \u00e0 un contr\u00f4le de qualit\u00e9 strict d\u00e9velopp\u00e9 \u00e0 la fois dans les installations et les laboratoires externes, Tapcork offre \u00e0 ses clients la s\u00e9curit\u00e9 maximale en ce qui concerne la tra\u00e7abilit\u00e9 des bouchons et le respect de la r\u00e9glementation.<\/p>\n<p>Tous les produits utilis\u00e9s pour le nettoyage et la finition des bouchons sont conformes aux r\u00e9glementations FDA et CEE.<\/p>\n<p>Tous nos bouchons sont livr\u00e9s au client emball\u00e9 sous vide et st\u00e9rilis\u00e9s avec SO2, avec un contr\u00f4le technique d\u2019accompagnement, qui contient toutes les sp\u00e9cifications techniques de la fiche et avec le code correspondant qui marque le NCS pour le stockage.<\/p>\n<p>La direction de l\u2019entreprise estime qu\u2019il est essentiel d\u2019avoir une politique de gestion, ainsi que les engagements associ\u00e9s, dans le but de garantir aux clients que le produit qu\u2019ils vont recevoir s\u2019ajuste au maximum \u00e0 leurs exigences d\u2019achat.<\/p>\n<p>Dans Tapcork Natural, ils prennent toutes les mesures pour pr\u00e9venir les d\u00e9fauts n\u00e9cessaires, analyser tous les d\u00e9saccords et mettre en pratique les actions correctives correspondantes.<\/p>\n<p>Nous travaillons \u00e9galement en respectant l\u2019environnement, surtout si nous parlons du d\u00e9chet.<\/p>\n<p>Tous les travailleurs de Tapcork Natural sont vus d\u2019une mani\u00e8re ou d\u2019une autre impliqu\u00e9s dans le processus de livraison des commandes aux clients, c\u2019est pourquoi nous sommes toujours en continues am\u00e9liorations d\u00e9tectant les erreurs possibles et toujours en \u00e9volution pr\u00e9ventive.<\/p>\n<p>La direction de TAPCORK NATURAL,<\/p>\n<p>Au 19 f\u00e9vrier 2026.<\/p>\n<\/div>\n<\/div><\/div><\/div><\/div><\/div>","protected":false},"excerpt":{"rendered":"POLITIQUE QUALIT\u00c9 La direction de TAPCORK NATURAL, SLU d\u00e9finit et est en accord avec sa politique de qualit\u00e9 selon ce qui suit: Notre philosophie est d\u2019offrir un tr\u00e8s bon produit avec le meilleur rapport qualit\u00e9-prix possible et avec un bon service de conseil avant-vente, d\u00e9velopp\u00e9 par nos techniciens commerciaux et d\u2019usine, o\u00f9 il est ils&#8230; <a class=\"view-article\" href=\"https:\/\/tapcork.net\/fr\/politique-qualite\/\">Voir l&rsquo;article<\/a>","protected":false},"author":1,"featured_media":0,"parent":0,"menu_order":0,"comment_status":"closed","ping_status":"closed","template":"","meta":[],"acf":[],"_links":{"self":[{"href":"https:\/\/tapcork.net\/fr\/wp-json\/wp\/v2\/pages\/2463"}],"collection":[{"href":"https:\/\/tapcork.net\/fr\/wp-json\/wp\/v2\/pages"}],"about":[{"href":"https:\/\/tapcork.net\/fr\/wp-json\/wp\/v2\/types\/page"}],"author":[{"embeddable":true,"href":"https:\/\/tapcork.net\/fr\/wp-json\/wp\/v2\/users\/1"}],"replies":[{"embeddable":true,"href":"https:\/\/tapcork.net\/fr\/wp-json\/wp\/v2\/comments?post=2463"}],"version-history":[{"count":7,"href":"https:\/\/tapcork.net\/fr\/wp-json\/wp\/v2\/pages\/2463\/revisions"}],"predecessor-version":[{"id":2715,"href":"https:\/\/tapcork.net\/fr\/wp-json\/wp\/v2\/pages\/2463\/revisions\/2715"}],"wp:attachment":[{"href":"https:\/\/tapcork.net\/fr\/wp-json\/wp\/v2\/media?parent=2463"}],"curies":[{"name":"wp","href":"https:\/\/api.w.org\/{rel}","templated":true}]}}