{"id":2100,"date":"2021-12-10T11:12:46","date_gmt":"2021-12-10T09:12:46","guid":{"rendered":"https:\/\/tapcork.net\/2096-2\/"},"modified":"2021-12-15T02:09:50","modified_gmt":"2021-12-15T00:09:50","slug":"parametres-de-cookies","status":"publish","type":"page","link":"https:\/\/tapcork.net\/fr\/parametres-de-cookies\/","title":{"rendered":"Param\u00e8tres de cookies"},"content":{"rendered":"<div id=\"pl-2100\"  class=\"panel-layout\" ><div id=\"pg-2100-0\"  class=\"panel-grid panel-no-style\" ><div id=\"pgc-2100-0-0\"  class=\"panel-grid-cell\" ><div id=\"panel-2100-0-0-0\" class=\"so-panel widget widget_sow-editor panel-first-child panel-last-child\" data-index=\"0\" ><div class=\"so-widget-sow-editor so-widget-sow-editor-base\">\n<div class=\"siteorigin-widget-tinymce textwidget\">\n\t<h2 class=\"red\">PARAM\u00c8TRES DES COOKIES<\/h2>\n<p>Cookie est un fichier qui est t\u00e9l\u00e9charg\u00e9 sur votre ordinateur lorsque vous acc\u00e9dez \u00e0 certaines pages Web. Les cookies permettent \u00e0 un site Web, entre autres, de stocker et de r\u00e9cup\u00e9rer des informations sur les habitudes de navigation d\u2019un utilisateur ou de son \u00e9quipement et, en fonction des informations qu\u2019ils contiennent et de la fa\u00e7on dont il utilise son \u00e9quipement, ils peuvent \u00eatre utilis\u00e9s pour reconna\u00eetre l'utilisateur. Le navigateur de l\u2019utilisateur m\u00e9morise les cookies sur le disque dur uniquement pendant la session en cours, en occupant un espace m\u00e9moire minimum et sans nuire \u00e0 l'ordinateur. Les cookies ne contiennent aucune information personnelle sp\u00e9cifique et la plupart d'entre eux sont effac\u00e9s du disque dur \u00e0 la fin de la session du navigateur (cookies de session).<\/p>\n<p>La plupart des navigateurs acceptent les cookies comme norme.<\/p>\n<p><strong>Types de cookies en fonction de leur finalit\u00e9<\/strong><\/p>\n<p style=\"padding-left: 40px;\"><strong>Cookies techniques.<\/strong> Elles permettent \u00e0 l'utilisateur de naviguer sur un site web, une plate-forme ou une application et d'utiliser les diff\u00e9rentes options ou services qui y existent, comme le contr\u00f4le du trafic et la communication de donn\u00e9es, l'identification de la session, acc\u00e9der \u00e0 des parties d\u2019acc\u00e8s restreint, rappeler les \u00e9l\u00e9ments qui composent une commande, effectuer le processus d'achat d'une commande, faire la demande d'inscription ou de participation \u00e0 un \u00e9v\u00e9nement, utiliser des \u00e9l\u00e9ments de s\u00e9curit\u00e9 pendant la navigation, stocker du contenu pour la diffusion de vid\u00e9os ou de sons ou partager du contenu sur les r\u00e9seaux sociaux.<br \/>\n<strong>Cookies de personnalisation.<\/strong> Ils permettent \u00e0 l'utilisateur d'acc\u00e9der au service avec quelques caract\u00e9ristiques g\u00e9n\u00e9rales pr\u00e9d\u00e9finies en fonction d'un certain nombre de crit\u00e8res dans le terminal de l'utilisateur comme par exemple la langue, le type de navigateur par lequel il acc\u00e8de au service, la configuration r\u00e9gionale d\u2019o\u00f9 vous acc\u00e9dez au service, etc.<br \/>\n<strong>Cookies d'analyse.<\/strong> Ils permettent au responsable de ces sites de suivre et d\u2019analyser le comportement des utilisateurs des sites auxquels ils sont li\u00e9s. Les informations collect\u00e9es par ce type de cookies sont utilis\u00e9es pour mesurer l'activit\u00e9 des sites Web, des applications ou des plates-formes et pour \u00e9tablir des profils de navigation des utilisateurs de ces sites, applications et plates-formes, en vue d'apporter des am\u00e9liorations.<br \/>\n<strong>Cookies publicitaires.<\/strong> Elles permettent la gestion, de la mani\u00e8re la plus efficace possible, des espaces publicitaires \u00e9ventuellement inclus par l'\u00e9diteur sur un site web, application ou plate-forme \u00e0 partir de laquelle le service demand\u00e9 est fourni sur la base de crit\u00e8res tels que le contenu \u00e9dit\u00e9 ou la fr\u00e9quence d'affichage des annonces.<br \/>\n<strong>Cookies de publicit\u00e9 comportementale.<\/strong> Ils permettent la gestion, de la mani\u00e8re la plus efficace possible, des espaces publicitaires \u00e9ventuellement inclus par l'\u00e9diteur sur une page web, une application ou une plate-forme \u00e0 partir de laquelle il fournit le service demand\u00e9. Ces cookies stockent des informations sur le comportement des utilisateurs obtenues gr\u00e2ce \u00e0 l'observation continue de leurs habitudes de navigation, ce qui permet de d\u00e9velopper un profil sp\u00e9cifique pour afficher de la publicit\u00e9 en fonction de celui-ci.<\/p>\n<p><strong>Types de cookies selon votre gestionnaire<\/strong><\/p>\n<p style=\"padding-left: 40px;\"><strong>Cookies propres.<\/strong> Les cookies propres sont envoy\u00e9s \u00e0 l'ordinateur terminal de l'utilisateur \u00e0 partir d\u2019un ordinateur ou d'un domaine g\u00e9r\u00e9 par l'\u00e9diteur lui-m\u00eame et \u00e0 partir duquel le service demand\u00e9 par l'utilisateur est fourni.<br \/>\n<strong>Cookies de tiers.<\/strong> Les cookies tiers sont envoy\u00e9s \u00e0 l'ordinateur terminal de l'utilisateur \u00e0 partir d'un ordinateur ou d'un domaine qui n\u2019est pas g\u00e9r\u00e9 par l'\u00e9diteur, mais par une autre entit\u00e9 qui traite les donn\u00e9es obtenues \u00e0 travers les cookies. Les cookies install\u00e9s par l'\u00e9diteur mais g\u00e9r\u00e9s par un tiers sont \u00e9galement des cookies tiers.<\/p>\n<p><strong>Quels types de cookies ce site utilise-t-il?<\/strong><\/p>\n<p style=\"padding-left: 40px;\">- Cookies techniques<br \/>\n- Cookies d'analyse<\/p>\n<p>Par cons\u00e9quent, l'utilisateur accepte express\u00e9ment, par l'utilisation de ce site, le traitement des informations recueillies sous la forme et aux fins mentionn\u00e9es ci-dessus. Il reconna\u00eet \u00e9galement la possibilit\u00e9 de refuser le traitement de ces donn\u00e9es ou informations en refusant l'utilisation de cookies en s\u00e9lectionnant les param\u00e8tres appropri\u00e9s \u00e0 cet effet dans votre navigateur. Bien que cette option de blocage des cookies dans votre navigateur puisse ne pas vous permettre d\u2019utiliser pleinement toutes les fonctionnalit\u00e9s du site Web.<\/p>\n<p>&nbsp;<\/p>\n<p>&nbsp;<\/p>\n<\/div>\n<\/div><\/div><\/div><\/div><\/div>","protected":false},"excerpt":{"rendered":"PARAM\u00c8TRES DES COOKIES Cookie est un fichier qui est t\u00e9l\u00e9charg\u00e9 sur votre ordinateur lorsque vous acc\u00e9dez \u00e0 certaines pages Web. Les cookies permettent \u00e0 un site Web, entre autres, de stocker et de r\u00e9cup\u00e9rer des informations sur les habitudes de navigation d\u2019un utilisateur ou de son \u00e9quipement et, en fonction des informations qu\u2019ils contiennent et&#8230; <a class=\"view-article\" href=\"https:\/\/tapcork.net\/fr\/parametres-de-cookies\/\">Voir l&rsquo;article<\/a>","protected":false},"author":1,"featured_media":0,"parent":0,"menu_order":0,"comment_status":"closed","ping_status":"closed","template":"","meta":[],"acf":[],"_links":{"self":[{"href":"https:\/\/tapcork.net\/fr\/wp-json\/wp\/v2\/pages\/2100"}],"collection":[{"href":"https:\/\/tapcork.net\/fr\/wp-json\/wp\/v2\/pages"}],"about":[{"href":"https:\/\/tapcork.net\/fr\/wp-json\/wp\/v2\/types\/page"}],"author":[{"embeddable":true,"href":"https:\/\/tapcork.net\/fr\/wp-json\/wp\/v2\/users\/1"}],"replies":[{"embeddable":true,"href":"https:\/\/tapcork.net\/fr\/wp-json\/wp\/v2\/comments?post=2100"}],"version-history":[{"count":0,"href":"https:\/\/tapcork.net\/fr\/wp-json\/wp\/v2\/pages\/2100\/revisions"}],"wp:attachment":[{"href":"https:\/\/tapcork.net\/fr\/wp-json\/wp\/v2\/media?parent=2100"}],"curies":[{"name":"wp","href":"https:\/\/api.w.org\/{rel}","templated":true}]}}