{"id":1760,"date":"2018-02-05T07:15:57","date_gmt":"2018-02-05T05:15:57","guid":{"rendered":"https:\/\/tapcork.net\/aviso-legal\/"},"modified":"2021-12-10T10:51:21","modified_gmt":"2021-12-10T08:51:21","slug":"avis-juridique","status":"publish","type":"page","link":"https:\/\/tapcork.net\/fr\/avis-juridique\/","title":{"rendered":"Avis juridique"},"content":{"rendered":"<div id=\"pl-1760\"  class=\"panel-layout\" ><div id=\"pg-1760-0\"  class=\"panel-grid panel-has-style\" ><div class=\"panel-row-style panel-row-style-for-1760-0\" ><div id=\"pgc-1760-0-0\"  class=\"panel-grid-cell\" ><div id=\"panel-1760-0-0-0\" class=\"so-panel widget widget_sow-editor panel-first-child panel-last-child\" data-index=\"0\" ><div class=\"so-widget-sow-editor so-widget-sow-editor-base\">\n<div class=\"siteorigin-widget-tinymce textwidget\">\n\t<p><strong>AVIS JURIDIQUE<\/strong><\/p>\n<p><strong>1. D\u00e9tails de la soci\u00e9t\u00e9<\/strong><br \/>\nConform\u00e9ment \u00e0 l'article 10 de la loi 34\/2002, du 11 Juillet de l\u2019Espagne, la Soci\u00e9t\u00e9 des services d'information et de services de commerce \u00e9lectronique, pr\u00e9sent\u00e9s ci-dessous sont les d\u00e9tails d'identification de l'entreprise.<\/p>\n<p style=\"padding-left: 40px;\">Nom: Tapcork Natural<br \/>\nNom de la soci\u00e9t\u00e9: Tapcork Natural, S.L.U.<br \/>\nNIF \/ CIF: B55110753<br \/>\nInscription: Inscription Girona, Volume 2833, Livre 0, Folio 103, Feuille GI-51691.<br \/>\nAdresse: C\/ Garrotxa, 18. Pol.Ind.Casa Nova - 17181 Aiguaviva - Girona<br \/>\nT\u00e9l\u00e9phone: 972.11.10.88<br \/>\nEmail: info@tapcork.net<\/p>\n<p><strong>2. Propri\u00e9t\u00e9 intellectuelle<\/strong><br \/>\nLe code source, la conception graphique, les images, les photographies, sons, animations, logiciels, textes, ainsi que les informations et contenus inclus dans nom de la soci\u00e9t\u00e9 sont prot\u00e9g\u00e9s par les lois espagnoles sur les droits de propri\u00e9t\u00e9 intellectuelle en faveur du nom de l'entreprise et ne peut \u00eatre reproduit et \/ ou la publication de tout ou partie du site Web ou transmis, distribu\u00e9, divulgu\u00e9e, modifi\u00e9e, transform\u00e9e ou divis\u00e9 ou autre l\u00e9galement reconnu droits du propri\u00e9taire, sans l'autorisation pr\u00e9alable \u00e9crite de m\u00eame, Tapcork natural.<\/p>\n<p>L'utilisateur, uniquement et exclusivement utiliser le mat\u00e9riel qui appara\u00eet sur ce site pour votre usage personnel et priv\u00e9, est interdit d'utiliser \u00e0 des fins commerciales ou dans des activit\u00e9s ill\u00e9gales. Tous droits d'auteur sont express\u00e9ment r\u00e9serv\u00e9s par Tapcork natural.<\/p>\n<p>Tapcork natural assurer le respect des conditions ci-dessus et l'utilisation correcte des contenus pr\u00e9sent\u00e9s sur son site Internet, en prenant pertinentes sanctions civiles et p\u00e9nales qui s'appliquent dans le cas de contrefa\u00e7on ou de violation de ces droits par l'utilisateur.<\/p>\n<p><strong>3. Protection des donn\u00e9es personnelles<\/strong><br \/>\nLes donn\u00e9es personnelles doivent \u00eatre obtenus par l'interm\u00e9diaire du formulaire de contact sur cette page ou en recevoir des courriels sont trait\u00e9s dans la plus stricte confidentialit\u00e9 et ne seront utilis\u00e9es que pour r\u00e9pondre aux demandes d'information ou questions. \u00catre int\u00e9gr\u00e9es dans un fichier sur le cas d'\u00e9tablir une relation d'affaires entre Tapcork natural et la personne concern\u00e9e, et toujours avec le consentement de cette personne.<\/p>\n<p>Tapcork natural a adopt\u00e9 les niveaux de s\u00e9curit\u00e9 ad\u00e9quats pour les donn\u00e9es fournies et aussi d'avoir install\u00e9 tous les moyens et mesures techniques \u00e0 sa disposition pour pr\u00e9venir la perte, l'alt\u00e9ration, l'acc\u00e8s non autoris\u00e9 et le vol de donn\u00e9es nous fournissons.<\/p>\n<p><strong>4. Plusieurs<\/strong><\/p>\n<p style=\"padding-left: 40px;\">A. - Natural utilise des cookies Tapcork qui sont stock\u00e9s sur l'ordinateur. Les cookies sont de petits fichiers que notre ordinateur envoie pour vous, mais nous ne fournissent aucune information sur leur nom ou d'autres donn\u00e9es personnelles. Les cookies que nous utilisons ne peuvent pas lire les donn\u00e9es \u00e0 partir de votre ordinateur ou lire les cookies existants sur votre ordinateur.<\/p>\n<p style=\"padding-left: 40px;\">Lorsque l'utilisateur navigue sur le site de Tapcork natural le serveur o\u00f9 il est h\u00e9berg\u00e9 reconna\u00eet automatiquement l'adresse IP de leur ordinateur, le jour et l'heure o\u00f9 la visite commence, quand elle se termine la visite, et de l'information sur les diff\u00e9rentes sections vu. Il est n\u00e9cessaire que le serveur sait cette information pour communiquer et envoyer la demande et par l'interm\u00e9diaire du navigateur peuvent \u00eatre visualis\u00e9es sur l'\u00e9cran.<br \/>\nSi vous le souhaitez, vous pouvez configurer votre navigateur pour qu'il vous avertisse \u00e0 l'\u00e9cran lorsque vous recevez un cookie. L'utilisateur peut configurer votre ordinateur de sorte que vous ne recevez pas ces cookies, cela ne vous emp\u00eache pas d'acc\u00e9der \u00e0 l'information du site web www.tapcork.net.<\/p>\n<p style=\"padding-left: 40px;\">B. - Tapcork natural peut modifier, sans pr\u00e9avis, les informations contenues dans son site Web, ainsi que ses param\u00e8tres et de pr\u00e9sentation.<\/p>\n<p style=\"padding-left: 40px;\">C. - S'engage Tapcork natural \u00e0 travers cela pas faire publicit\u00e9 trompeuse. \u00c0 cette fin, par cons\u00e9quent, pas \u00eatre consid\u00e9r\u00e9es comme des erreurs publicit\u00e9 mensong\u00e8re formelles ou num\u00e9riques qui peuvent \u00eatre trouv\u00e9s dans le contenu des diff\u00e9rentes sections du site web nom de la soci\u00e9t\u00e9, produite \u00e0 la suite de l'entretien et \/ ou de mise \u00e0 niveau d'informations incompl\u00e8tes ou erron\u00e9es contenues dans ces sections. Tapcork natural en raison des dispositions du pr\u00e9sent paragraphe, s'engage \u00e0 corriger d\u00e8s qu'il prend connaissance de ces erreurs.<\/p>\n<p style=\"padding-left: 40px;\">D. - S'engage Tapcork natural de ne pas envoyer des correspondances publicitaires sans l'identifier comme tels, conform\u00e9ment aux dispositions de la Loi 34\/2002 des services de la soci\u00e9t\u00e9 de l'information et du commerce \u00e9lectronique de l\u2019Espagne. A cet effet, il sera consid\u00e9r\u00e9 comme une information publicitaire envoy\u00e9 aux clients de Tapcork natural fourni son objet est de maintenir la relation contractuelle existante entre le client et Tapcork natural et l'ex\u00e9cution des t\u00e2ches d'information, de formation et d'autres activit\u00e9s de la relation d'affaires avec l'entreprise.<\/p>\n<p style=\"padding-left: 40px;\">E. - Tapcork Natural pas responsable de la violation d'une r\u00e8gle qui peut \u00eatre engag\u00e9e par l'acc\u00e8s de l'utilisateur sur le site Web de l'entreprise et \/ ou l'utilisation des informations qui y sont contenues.<\/p>\n<p style=\"padding-left: 40px;\">F. - Tapcork natural ne peut \u00eatre tenu responsable pour tout dommage caus\u00e9 ou susceptible de se produire, quelle que soit leur nature, d\u00e9coulant de l'utilisation de l'information, les questions contenues dans ce site Web et les programmes inclus. Les liens (links) et hypertexte, qui, par le biais du site Web de la soci\u00e9t\u00e9, l'acc\u00e8s des utilisateurs aux fonctionnalit\u00e9s et services offerts par des tiers, ni d\u00e9tenus ni contr\u00f4l\u00e9s par Tapcork natural, la soci\u00e9t\u00e9 n'est pas responsable ou les informations contenues dans ceux-ci ni pour les effets qui pourraient d\u00e9couler de ces informations.<\/p>\n<p style=\"padding-left: 40px;\">G. - Tapcork naturel n'est pas responsable de l'usage ill\u00e9gitime que des tiers peuvent faire des noms de marque, noms de produits, marques, qui n'appartiennent pas \u00e0 cette entit\u00e9, figurant sur l'entreprise Web Web Site. Pas responsable de l'int\u00e9grit\u00e9, la v\u00e9racit\u00e9 et la l\u00e9galit\u00e9 du contenu des liens Web qui peuvent \u00eatre accessibles \u00e0 partir www.tapcork.net.<\/p>\n<p style=\"padding-left: 40px;\">H. - Tapcork Natural pas responsable des virus qui sont originaires d'une transmission de donn\u00e9es par des tiers (par exemple, les macros dans les traitements de texte, les applets Java et les programmes Active X), cr\u00e9\u00e9 avec l'objectif de r\u00e9sultats n\u00e9gatifs pour un syst\u00e8me informatique.<\/p>\n<p style=\"padding-left: 40px;\">I. - En bref, l'utilisateur est seul responsable de l'utilisation qu'ils font des services, contenus, liens (links) et hypertexte inclus dans le site Web de l'entreprise.<\/p>\n<p style=\"padding-left: 40px;\">J. - Tout ce qui concerne www.tapcork.net site est exclusivement r\u00e9gi par la loi espagnole. En cas de divergence ou de diff\u00e9rence entre les parties relativement \u00e0 l'interpr\u00e9tation et le contenu de ce site, toutes les parties aux pr\u00e9sentes renoncent express\u00e9ment \u00e0 toute autre juridiction, aux Cours et Tribunaux de Girona.<\/p>\n<\/div>\n<\/div><\/div><\/div><\/div><\/div><\/div>","protected":false},"excerpt":{"rendered":"AVIS JURIDIQUE 1. D\u00e9tails de la soci\u00e9t\u00e9 Conform\u00e9ment \u00e0 l&rsquo;article 10 de la loi 34\/2002, du 11 Juillet de l\u2019Espagne, la Soci\u00e9t\u00e9 des services d&rsquo;information et de services de commerce \u00e9lectronique, pr\u00e9sent\u00e9s ci-dessous sont les d\u00e9tails d&rsquo;identification de l&rsquo;entreprise. Nom: Tapcork Natural Nom de la soci\u00e9t\u00e9: Tapcork Natural, S.L.U. NIF \/ CIF: B55110753 Inscription: Inscription&#8230; <a class=\"view-article\" href=\"https:\/\/tapcork.net\/fr\/avis-juridique\/\">Voir l&rsquo;article<\/a>","protected":false},"author":1,"featured_media":0,"parent":0,"menu_order":0,"comment_status":"closed","ping_status":"closed","template":"","meta":[],"acf":[],"_links":{"self":[{"href":"https:\/\/tapcork.net\/fr\/wp-json\/wp\/v2\/pages\/1760"}],"collection":[{"href":"https:\/\/tapcork.net\/fr\/wp-json\/wp\/v2\/pages"}],"about":[{"href":"https:\/\/tapcork.net\/fr\/wp-json\/wp\/v2\/types\/page"}],"author":[{"embeddable":true,"href":"https:\/\/tapcork.net\/fr\/wp-json\/wp\/v2\/users\/1"}],"replies":[{"embeddable":true,"href":"https:\/\/tapcork.net\/fr\/wp-json\/wp\/v2\/comments?post=1760"}],"version-history":[{"count":0,"href":"https:\/\/tapcork.net\/fr\/wp-json\/wp\/v2\/pages\/1760\/revisions"}],"wp:attachment":[{"href":"https:\/\/tapcork.net\/fr\/wp-json\/wp\/v2\/media?parent=1760"}],"curies":[{"name":"wp","href":"https:\/\/api.w.org\/{rel}","templated":true}]}}