{"id":1749,"date":"2018-01-29T10:39:24","date_gmt":"2018-01-29T08:39:24","guid":{"rendered":"https:\/\/tapcork.net\/calidad\/"},"modified":"2026-03-12T11:12:24","modified_gmt":"2026-03-12T09:12:24","slug":"qualite","status":"publish","type":"page","link":"https:\/\/tapcork.net\/fr\/qualite\/","title":{"rendered":"Qualit\u00e9"},"content":{"rendered":"<div id=\"pl-1749\"  class=\"panel-layout\" ><div id=\"pg-1749-0\"  class=\"panel-grid panel-has-style\" ><div class=\"siteorigin-panels-stretch panel-row-style panel-row-style-for-1749-0\" data-stretch-type=\"full-stretched\" ><div id=\"pgc-1749-0-0\"  class=\"panel-grid-cell\" ><div id=\"panel-1749-0-0-0\" class=\"so-panel widget widget_sow-slider panel-first-child panel-last-child\" data-index=\"0\" ><div class=\"so-widget-sow-slider so-widget-sow-slider-default-53fd0f98de19-1749\"><div class=\"sow-slider-base\" style=\"display: none\"><ul class=\"sow-slider-images\" data-settings=\"{&quot;pagination&quot;:true,&quot;speed&quot;:800,&quot;timeout&quot;:8000,&quot;paused&quot;:false,&quot;pause_on_hover&quot;:false,&quot;swipe&quot;:false,&quot;nav_always_show_desktop&quot;:&quot;&quot;,&quot;nav_always_show_mobile&quot;:&quot;&quot;,&quot;breakpoint&quot;:&quot;780px&quot;,&quot;unmute&quot;:false}\">\t\t<li class=\"sow-slider-image  sow-slider-image-cover\" style=\"background-image: url(https:\/\/tapcork.net\/wp-content\/uploads\/2021\/11\/hero-calidad_03.jpg)\" >\n\t\t\t\t\t\t\t\t\t<img width=\"669\" height=\"362\" src=\"https:\/\/tapcork.net\/wp-content\/uploads\/2021\/11\/hero-calidad_03.jpg\" class=\"sow-slider-background-image skip-lazy\" alt=\"\" loading=\"eager\" srcset=\"https:\/\/tapcork.net\/wp-content\/uploads\/2021\/11\/hero-calidad_03.jpg 669w, https:\/\/tapcork.net\/wp-content\/uploads\/2021\/11\/hero-calidad_03-250x135.jpg 250w, https:\/\/tapcork.net\/wp-content\/uploads\/2021\/11\/hero-calidad_03-120x65.jpg 120w\" sizes=\"(max-width: 669px) 100vw, 669px\" \/>\t\t\t\t\t\t\t\t<\/li>\n\t\t<\/ul>\t\t\t\t<ol class=\"sow-slider-pagination\">\n\t\t\t\t\t\t\t\t\t\t\t<li><a href=\"#\" data-goto=\"0\" aria-label=\"afficher la diapositive 1\"><\/a><\/li>\n\t\t\t\t\t\t\t\t\t<\/ol>\n\n\t\t\t\t<div class=\"sow-slide-nav sow-slide-nav-next\">\n\t\t\t\t\t<a href=\"#\" data-goto=\"next\" aria-label=\"diapositive suivante\" data-action=\"next\">\n\t\t\t\t\t\t<em class=\"sow-sld-icon-ultra-thin-right\"><\/em>\n\t\t\t\t\t<\/a>\n\t\t\t\t<\/div>\n\n\t\t\t\t<div class=\"sow-slide-nav sow-slide-nav-prev\">\n\t\t\t\t\t<a href=\"#\" data-goto=\"previous\" aria-label=\"diapositive pr\u00e9c\u00e9dente\" data-action=\"prev\">\n\t\t\t\t\t\t<em class=\"sow-sld-icon-ultra-thin-left\"><\/em>\n\t\t\t\t\t<\/a>\n\t\t\t\t<\/div>\n\t\t\t\t<\/div><\/div><\/div><\/div><\/div><\/div><div id=\"pg-1749-1\"  class=\"panel-grid panel-has-style\" ><div class=\"slogan principal siteorigin-panels-stretch panel-row-style panel-row-style-for-1749-1\" data-stretch-type=\"full-stretched\" ><div id=\"pgc-1749-1-0\"  class=\"panel-grid-cell\" ><div id=\"panel-1749-1-0-0\" class=\"so-panel widget widget_sow-editor panel-first-child panel-last-child\" data-index=\"1\" ><div class=\"so-widget-sow-editor so-widget-sow-editor-base\"><h3 class=\"widget-title\">Qualit\u00e9<\/h3>\n<div class=\"siteorigin-widget-tinymce textwidget\">\n\t<\/div>\n<\/div><\/div><\/div><\/div><\/div><div id=\"pg-1749-2\"  class=\"panel-grid panel-has-style\" ><div class=\"panel-row-style panel-row-style-for-1749-2\" ><div id=\"pgc-1749-2-0\"  class=\"panel-grid-cell\" ><div id=\"panel-1749-2-0-0\" class=\"so-panel widget widget_sow-editor panel-first-child panel-last-child\" data-index=\"2\" ><div class=\"so-widget-sow-editor so-widget-sow-editor-base\">\n<div class=\"siteorigin-widget-tinymce textwidget\">\n\t<p>LE CONTR\u00d2LE QUALIT\u00c9<\/p>\n<p>Le produit fini de TAPCORK suit un contr\u00f4le qualit\u00e9 strict pour offrir \u00e0 ses clients une s\u00e9curit\u00e9 maximale en ce qui concerne la tra\u00e7abilit\u00e9 du bouchon et le respect des r\u00e8gles de qualit\u00e9, certifi\u00e9s ISO 9001.<br \/>\nTous les produits utilis\u00e9s pour la fabrication et la finition du bouchon sont conformes aux r\u00e9glementations FDA et CEE.<br \/>\nPour les clients qui le souhaitent, nous proposons une Qualit\u00e9 Plus, il s'agit du <strong>process<\/strong> <strong>Sniffing<\/strong>, proc\u00e9dure non invasive dans laquelle une d\u00e9gustation sensorielle est effectu\u00e9e, bouchon par bouchon, pour r\u00e9duire au minimum toute d\u00e9viation sensorielle dans le bouchon.<\/p>\n<p>&nbsp;<\/p>\n<p>&nbsp;<\/p>\n<\/div>\n<\/div><\/div><\/div><div id=\"pgc-1749-2-1\"  class=\"panel-grid-cell\" ><div id=\"panel-1749-2-1-0\" class=\"so-panel widget widget_sow-editor panel-first-child panel-last-child\" data-index=\"3\" ><div class=\"so-widget-sow-editor so-widget-sow-editor-base\">\n<div class=\"siteorigin-widget-tinymce textwidget\">\n\t<p>&nbsp;<\/p>\n<p style=\"text-align: center;\"><img loading=\"lazy\" width=\"250\" height=\"121\" class=\"alignnone size-medium wp-image-2695\" src=\"http:\/\/tapcork.net\/wp-content\/uploads\/2026\/03\/ISO-9001-RGB-250x121.png\" alt=\"\" srcset=\"https:\/\/tapcork.net\/wp-content\/uploads\/2026\/03\/ISO-9001-RGB-250x121.png 250w, https:\/\/tapcork.net\/wp-content\/uploads\/2026\/03\/ISO-9001-RGB-700x338.png 700w, https:\/\/tapcork.net\/wp-content\/uploads\/2026\/03\/ISO-9001-RGB-768x371.png 768w, https:\/\/tapcork.net\/wp-content\/uploads\/2026\/03\/ISO-9001-RGB-120x58.png 120w, https:\/\/tapcork.net\/wp-content\/uploads\/2026\/03\/ISO-9001-RGB.png 820w\" sizes=\"(max-width: 250px) 100vw, 250px\" \/><\/p>\n<\/div>\n<\/div><\/div><\/div><\/div><\/div><\/div>","protected":false},"excerpt":{"rendered":"Qualit\u00e9 LE CONTR\u00d2LE QUALIT\u00c9 Le produit fini de TAPCORK suit un contr\u00f4le qualit\u00e9 strict pour offrir \u00e0 ses clients une s\u00e9curit\u00e9 maximale en ce qui concerne la tra\u00e7abilit\u00e9 du bouchon et le respect des r\u00e8gles de qualit\u00e9, certifi\u00e9s ISO 9001. Tous les produits utilis\u00e9s pour la fabrication et la finition du bouchon sont conformes aux&#8230; <a class=\"view-article\" href=\"https:\/\/tapcork.net\/fr\/qualite\/\">Voir l&rsquo;article<\/a>","protected":false},"author":1,"featured_media":0,"parent":0,"menu_order":0,"comment_status":"closed","ping_status":"closed","template":"","meta":[],"acf":[],"_links":{"self":[{"href":"https:\/\/tapcork.net\/fr\/wp-json\/wp\/v2\/pages\/1749"}],"collection":[{"href":"https:\/\/tapcork.net\/fr\/wp-json\/wp\/v2\/pages"}],"about":[{"href":"https:\/\/tapcork.net\/fr\/wp-json\/wp\/v2\/types\/page"}],"author":[{"embeddable":true,"href":"https:\/\/tapcork.net\/fr\/wp-json\/wp\/v2\/users\/1"}],"replies":[{"embeddable":true,"href":"https:\/\/tapcork.net\/fr\/wp-json\/wp\/v2\/comments?post=1749"}],"version-history":[{"count":8,"href":"https:\/\/tapcork.net\/fr\/wp-json\/wp\/v2\/pages\/1749\/revisions"}],"predecessor-version":[{"id":2783,"href":"https:\/\/tapcork.net\/fr\/wp-json\/wp\/v2\/pages\/1749\/revisions\/2783"}],"wp:attachment":[{"href":"https:\/\/tapcork.net\/fr\/wp-json\/wp\/v2\/media?parent=1749"}],"curies":[{"name":"wp","href":"https:\/\/api.w.org\/{rel}","templated":true}]}}