{"id":1743,"date":"2018-01-29T10:38:52","date_gmt":"2018-01-29T10:38:52","guid":{"rendered":"https:\/\/tapcork.net\/entreprise\/"},"modified":"2021-11-28T19:59:15","modified_gmt":"2021-11-28T17:59:15","slug":"entreprise","status":"publish","type":"page","link":"https:\/\/tapcork.net\/fr\/entreprise\/","title":{"rendered":"Entreprise"},"content":{"rendered":"<div id=\"pl-1743\"  class=\"panel-layout\" ><div id=\"pg-1743-0\"  class=\"panel-grid panel-has-style\" ><div class=\"siteorigin-panels-stretch panel-row-style panel-row-style-for-1743-0\" data-stretch-type=\"full-stretched\" ><div id=\"pgc-1743-0-0\"  class=\"panel-grid-cell\" ><div id=\"panel-1743-0-0-0\" class=\"so-panel widget widget_sow-slider panel-first-child panel-last-child\" data-index=\"0\" ><div class=\"so-widget-sow-slider so-widget-sow-slider-default-53fd0f98de19-1743\"><div class=\"sow-slider-base\" style=\"display: none\"><ul class=\"sow-slider-images\" data-settings=\"{&quot;pagination&quot;:true,&quot;speed&quot;:800,&quot;timeout&quot;:8000,&quot;paused&quot;:false,&quot;pause_on_hover&quot;:false,&quot;swipe&quot;:true,&quot;nav_always_show_desktop&quot;:&quot;&quot;,&quot;nav_always_show_mobile&quot;:&quot;&quot;,&quot;breakpoint&quot;:&quot;780px&quot;,&quot;unmute&quot;:false}\">\t\t<li class=\"sow-slider-image  sow-slider-image-cover\" style=\"background-image: url(https:\/\/tapcork.net\/wp-content\/uploads\/2021\/11\/hero-empresa_03.jpg)\" >\n\t\t\t\t\t\t\t\t\t<img width=\"676\" height=\"399\" src=\"https:\/\/tapcork.net\/wp-content\/uploads\/2021\/11\/hero-empresa_03.jpg\" class=\"sow-slider-background-image skip-lazy\" alt=\"\" loading=\"eager\" srcset=\"https:\/\/tapcork.net\/wp-content\/uploads\/2021\/11\/hero-empresa_03.jpg 676w, https:\/\/tapcork.net\/wp-content\/uploads\/2021\/11\/hero-empresa_03-250x148.jpg 250w, https:\/\/tapcork.net\/wp-content\/uploads\/2021\/11\/hero-empresa_03-120x71.jpg 120w\" sizes=\"(max-width: 676px) 100vw, 676px\" \/>\t\t\t\t\t\t\t\t<\/li>\n\t\t\t\t<li class=\"sow-slider-image  sow-slider-image-cover\" style=\"background-image: url(https:\/\/tapcork.net\/wp-content\/uploads\/2021\/11\/hero-empresa-02_03.jpg)\" >\n\t\t\t\t\t\t\t\t\t<img width=\"666\" height=\"592\" src=\"https:\/\/tapcork.net\/wp-content\/uploads\/2021\/11\/hero-empresa-02_03.jpg\" class=\"sow-slider-background-image skip-lazy\" alt=\"\" loading=\"eager\" srcset=\"https:\/\/tapcork.net\/wp-content\/uploads\/2021\/11\/hero-empresa-02_03.jpg 666w, https:\/\/tapcork.net\/wp-content\/uploads\/2021\/11\/hero-empresa-02_03-250x222.jpg 250w, https:\/\/tapcork.net\/wp-content\/uploads\/2021\/11\/hero-empresa-02_03-120x107.jpg 120w\" sizes=\"(max-width: 666px) 100vw, 666px\" \/>\t\t\t\t\t\t\t\t<\/li>\n\t\t<\/ul>\t\t\t\t<ol class=\"sow-slider-pagination\">\n\t\t\t\t\t\t\t\t\t\t\t<li><a href=\"#\" data-goto=\"0\" aria-label=\"afficher la diapositive 1\"><\/a><\/li>\n\t\t\t\t\t\t\t\t\t\t\t<li><a href=\"#\" data-goto=\"1\" aria-label=\"afficher la diapositive 2\"><\/a><\/li>\n\t\t\t\t\t\t\t\t\t<\/ol>\n\n\t\t\t\t<div class=\"sow-slide-nav sow-slide-nav-next\">\n\t\t\t\t\t<a href=\"#\" data-goto=\"next\" aria-label=\"diapositive suivante\" data-action=\"next\">\n\t\t\t\t\t\t<em class=\"sow-sld-icon-ultra-thin-right\"><\/em>\n\t\t\t\t\t<\/a>\n\t\t\t\t<\/div>\n\n\t\t\t\t<div class=\"sow-slide-nav sow-slide-nav-prev\">\n\t\t\t\t\t<a href=\"#\" data-goto=\"previous\" aria-label=\"diapositive pr\u00e9c\u00e9dente\" data-action=\"prev\">\n\t\t\t\t\t\t<em class=\"sow-sld-icon-ultra-thin-left\"><\/em>\n\t\t\t\t\t<\/a>\n\t\t\t\t<\/div>\n\t\t\t\t<\/div><\/div><\/div><\/div><\/div><\/div><div id=\"pg-1743-1\"  class=\"panel-grid panel-has-style\" ><div class=\"slogan principal siteorigin-panels-stretch panel-row-style panel-row-style-for-1743-1\" data-stretch-type=\"full-stretched\" ><div id=\"pgc-1743-1-0\"  class=\"panel-grid-cell\" ><div id=\"panel-1743-1-0-0\" class=\"so-panel widget widget_sow-editor panel-first-child panel-last-child\" data-index=\"1\" ><div class=\"so-widget-sow-editor so-widget-sow-editor-base\"><h3 class=\"widget-title\">Entreprise<\/h3>\n<div class=\"siteorigin-widget-tinymce textwidget\">\n\t<\/div>\n<\/div><\/div><\/div><\/div><\/div><div id=\"pg-1743-2\"  class=\"panel-grid panel-has-style\" ><div class=\"panel-row-style panel-row-style-for-1743-2\" ><div id=\"pgc-1743-2-0\"  class=\"panel-grid-cell\" ><div id=\"panel-1743-2-0-0\" class=\"so-panel widget widget_sow-editor panel-first-child panel-last-child\" data-index=\"2\" ><div class=\"so-widget-sow-editor so-widget-sow-editor-base\">\n<div class=\"siteorigin-widget-tinymce textwidget\">\n\t<h3>Exp\u00e9rience et tradition<\/h3>\n<p>Situ\u00e9s dans une r\u00e9gion de grande tradition du li\u00e8ge, chez TAPCORK nous avons une connaissance approfondie de ce produit naturel, ce qui nous permet de d\u00e9velopper notre gamme bien connue de bouchons en li\u00e8ge qui s'adaptent aux besoins de tout type de bouchage de vins et autres avec d\u2019excellents r\u00e9sultats et des conditions optimales.<br \/>\nLa philosophie de TAPCORK est d'offrir un tr\u00e8s bon produit avec le meilleur rapport qualit\u00e9-prix possible, avec un bon conseil personnalis\u00e9 et service apr\u00e8s-vente, d\u00e9velopp\u00e9 \u00e0 la fois par nos commerciaux et nos techniciens depuis l'usine, o\u00f9 les bouchons sont travaill\u00e9s en contr\u00f4lant toujours la qualit\u00e9 et les exigences des clients.<br \/>\nLa mission de TAPCORK est d'offrir et de se d\u00e9marquer sur le march\u00e9 pour ses produits et surtout pour un service client tr\u00e8s s\u00e9rieux et totalement personnalis\u00e9<\/p>\n<p><img loading=\"lazy\" width=\"130\" height=\"156\" class=\"size-full wp-image-673 aligncenter\" src=\"http:\/\/tapcork.net\/wp-content\/uploads\/2021\/11\/logo-empresa.jpg\" alt=\"\" srcset=\"https:\/\/tapcork.net\/wp-content\/uploads\/2021\/11\/logo-empresa.jpg 130w, https:\/\/tapcork.net\/wp-content\/uploads\/2021\/11\/logo-empresa-120x144.jpg 120w\" sizes=\"(max-width: 130px) 100vw, 130px\" \/><\/p>\n<\/div>\n<\/div><\/div><\/div><\/div><\/div><\/div>","protected":false},"excerpt":{"rendered":"Entreprise Exp\u00e9rience et tradition Situ\u00e9s dans une r\u00e9gion de grande tradition du li\u00e8ge, chez TAPCORK nous avons une connaissance approfondie de ce produit naturel, ce qui nous permet de d\u00e9velopper notre gamme bien connue de bouchons en li\u00e8ge qui s&rsquo;adaptent aux besoins de tout type de bouchage de vins et autres avec d\u2019excellents r\u00e9sultats et&#8230; <a class=\"view-article\" href=\"https:\/\/tapcork.net\/fr\/entreprise\/\">Voir l&rsquo;article<\/a>","protected":false},"author":1,"featured_media":0,"parent":0,"menu_order":0,"comment_status":"closed","ping_status":"closed","template":"","meta":[],"acf":[],"_links":{"self":[{"href":"https:\/\/tapcork.net\/fr\/wp-json\/wp\/v2\/pages\/1743"}],"collection":[{"href":"https:\/\/tapcork.net\/fr\/wp-json\/wp\/v2\/pages"}],"about":[{"href":"https:\/\/tapcork.net\/fr\/wp-json\/wp\/v2\/types\/page"}],"author":[{"embeddable":true,"href":"https:\/\/tapcork.net\/fr\/wp-json\/wp\/v2\/users\/1"}],"replies":[{"embeddable":true,"href":"https:\/\/tapcork.net\/fr\/wp-json\/wp\/v2\/comments?post=1743"}],"version-history":[{"count":0,"href":"https:\/\/tapcork.net\/fr\/wp-json\/wp\/v2\/pages\/1743\/revisions"}],"wp:attachment":[{"href":"https:\/\/tapcork.net\/fr\/wp-json\/wp\/v2\/media?parent=1743"}],"curies":[{"name":"wp","href":"https:\/\/api.w.org\/{rel}","templated":true}]}}