{"id":1685,"date":"2018-01-29T10:59:43","date_gmt":"2018-01-29T10:59:43","guid":{"rendered":"https:\/\/tapcork.net\/inicio\/"},"modified":"2023-03-17T11:26:15","modified_gmt":"2023-03-17T09:26:15","slug":"inicio","status":"publish","type":"page","link":"https:\/\/tapcork.net\/fr\/","title":{"rendered":"Acueil"},"content":{"rendered":"<div id=\"pl-1685\"  class=\"panel-layout\" ><div id=\"pg-1685-0\"  class=\"panel-grid panel-has-style\" ><div class=\"siteorigin-panels-stretch panel-row-style panel-row-style-for-1685-0\" data-stretch-type=\"full-stretched\" ><div id=\"pgc-1685-0-0\"  class=\"panel-grid-cell\" ><div id=\"panel-1685-0-0-0\" class=\"so-panel widget widget_sow-slider panel-first-child panel-last-child\" data-index=\"0\" ><div class=\"so-widget-sow-slider so-widget-sow-slider-default-53fd0f98de19-1685\"><div class=\"sow-slider-base\" style=\"display: none\"><ul class=\"sow-slider-images\" data-settings=\"{&quot;pagination&quot;:true,&quot;speed&quot;:800,&quot;timeout&quot;:8000,&quot;paused&quot;:false,&quot;pause_on_hover&quot;:false,&quot;swipe&quot;:false,&quot;nav_always_show_desktop&quot;:&quot;&quot;,&quot;nav_always_show_mobile&quot;:&quot;&quot;,&quot;breakpoint&quot;:&quot;780px&quot;,&quot;unmute&quot;:false}\">\t\t<li class=\"sow-slider-image  sow-slider-image-cover\" style=\"background-image: url(https:\/\/tapcork.net\/wp-content\/uploads\/2021\/11\/slide-home-01.jpg)\" >\n\t\t\t\t\t\t\t\t\t<img width=\"1440\" height=\"831\" src=\"https:\/\/tapcork.net\/wp-content\/uploads\/2021\/11\/slide-home-01.jpg\" class=\"sow-slider-background-image skip-lazy\" alt=\"\" loading=\"eager\" srcset=\"https:\/\/tapcork.net\/wp-content\/uploads\/2021\/11\/slide-home-01.jpg 1440w, https:\/\/tapcork.net\/wp-content\/uploads\/2021\/11\/slide-home-01-250x144.jpg 250w, https:\/\/tapcork.net\/wp-content\/uploads\/2021\/11\/slide-home-01-700x404.jpg 700w, https:\/\/tapcork.net\/wp-content\/uploads\/2021\/11\/slide-home-01-768x443.jpg 768w, https:\/\/tapcork.net\/wp-content\/uploads\/2021\/11\/slide-home-01-120x69.jpg 120w\" sizes=\"(max-width: 1440px) 100vw, 1440px\" \/>\t\t\t\t\t\t\t\t<\/li>\n\t\t\t\t<li class=\"sow-slider-image  sow-slider-image-cover\" style=\"background-image: url(https:\/\/tapcork.net\/wp-content\/uploads\/2021\/11\/borque.jpg)\" >\n\t\t\t\t\t\t\t\t\t<img width=\"2000\" height=\"1211\" src=\"https:\/\/tapcork.net\/wp-content\/uploads\/2021\/11\/borque.jpg\" class=\"sow-slider-background-image skip-lazy\" alt=\"\" loading=\"eager\" srcset=\"https:\/\/tapcork.net\/wp-content\/uploads\/2021\/11\/borque.jpg 2000w, https:\/\/tapcork.net\/wp-content\/uploads\/2021\/11\/borque-250x151.jpg 250w, https:\/\/tapcork.net\/wp-content\/uploads\/2021\/11\/borque-700x424.jpg 700w, https:\/\/tapcork.net\/wp-content\/uploads\/2021\/11\/borque-768x465.jpg 768w, https:\/\/tapcork.net\/wp-content\/uploads\/2021\/11\/borque-1536x930.jpg 1536w, https:\/\/tapcork.net\/wp-content\/uploads\/2021\/11\/borque-120x73.jpg 120w\" sizes=\"(max-width: 2000px) 100vw, 2000px\" \/>\t\t\t\t\t\t\t\t<\/li>\n\t\t<\/ul>\t\t\t\t<ol class=\"sow-slider-pagination\">\n\t\t\t\t\t\t\t\t\t\t\t<li><a href=\"#\" data-goto=\"0\" aria-label=\"afficher la diapositive 1\"><\/a><\/li>\n\t\t\t\t\t\t\t\t\t\t\t<li><a href=\"#\" data-goto=\"1\" aria-label=\"afficher la diapositive 2\"><\/a><\/li>\n\t\t\t\t\t\t\t\t\t<\/ol>\n\n\t\t\t\t<div class=\"sow-slide-nav sow-slide-nav-next\">\n\t\t\t\t\t<a href=\"#\" data-goto=\"next\" aria-label=\"diapositive suivante\" data-action=\"next\">\n\t\t\t\t\t\t<em class=\"sow-sld-icon-ultra-thin-right\"><\/em>\n\t\t\t\t\t<\/a>\n\t\t\t\t<\/div>\n\n\t\t\t\t<div class=\"sow-slide-nav sow-slide-nav-prev\">\n\t\t\t\t\t<a href=\"#\" data-goto=\"previous\" aria-label=\"diapositive pr\u00e9c\u00e9dente\" data-action=\"prev\">\n\t\t\t\t\t\t<em class=\"sow-sld-icon-ultra-thin-left\"><\/em>\n\t\t\t\t\t<\/a>\n\t\t\t\t<\/div>\n\t\t\t\t<\/div><\/div><\/div><\/div><\/div><\/div><div id=\"pg-1685-1\"  class=\"panel-grid panel-has-style\" ><div class=\"slogan principal siteorigin-panels-stretch panel-row-style panel-row-style-for-1685-1\" data-stretch-type=\"full-stretched\" ><div id=\"pgc-1685-1-0\"  class=\"panel-grid-cell\" ><div id=\"panel-1685-1-0-0\" class=\"so-panel widget widget_sow-editor panel-first-child panel-last-child\" data-index=\"1\" ><div class=\"so-widget-sow-editor so-widget-sow-editor-base\"><h3 class=\"widget-title\">Excellents par nature<\/h3>\n<div class=\"siteorigin-widget-tinymce textwidget\">\n\t<\/div>\n<\/div><\/div><\/div><\/div><\/div><div id=\"pg-1685-2\"  class=\"panel-grid panel-has-style\" ><div id=\"corchos\" class=\"panel-row-style panel-row-style-for-1685-2\" ><div id=\"pgc-1685-2-0\"  class=\"panel-grid-cell\" ><div id=\"panel-1685-2-0-0\" class=\"so-panel widget widget_sow-features panel-first-child panel-last-child\" data-index=\"2\" ><div class=\"wow fadeIn panel-widget-style panel-widget-style-for-1685-2-0-0\" data-wow-offset=\"10\" data-wow-iteration=\"1\" ><div class=\"so-widget-sow-features so-widget-sow-features-default-e5f2f213a590-1685\">\n<div class=\"sow-features-list sow-features-responsive\">\n\n\t\t\t\n\t\t\t<div class=\"sow-features-feature sow-icon-container-position-top sow-features-feature-last-row\" style=\"width: 100%\">\n\n\t\t\t\t\t\t\t\t\t<a\n\t\t\t\t\t\thref=\"https:\/\/tapcork.net\/suro\/tapon-de-corcho-natural\/\"\n\t\t\t\t\t\t\t\t\t\t\t>\n\t\t\t\t\t\t\t\t<div\n\t\t\t\t\tclass=\"sow-icon-container sow-container-none\"\n                    style=\"color: #404040; \"\n\t\t\t\t\ttitle=\"Bouchon en li\u00e8ge naturel\">\n\t\t\t\t\t<div class=\"sow-icon-image\" style=\"background-image: url(https:\/\/tapcork.net\/wp-content\/uploads\/2021\/11\/natural-1-768x508.jpg); font-size: 24px\"><\/div>\t\t\t\t<\/div>\n\t\t\t\t\t\t\t\t\t<\/a>\n\t\t\t\t\n\t\t\t\t<div class=\"textwidget\">\n\t\t\t\t\t\t\t\t\t\t\t<h5>\n\t\t\t\t\t\t\t\t\t\t\t\t\t\t\t<a\n\t\t\t\t\t\t\t\t\thref=\"https:\/\/tapcork.net\/suro\/tapon-de-corcho-natural\/\"\n\t\t\t\t\t\t\t\t\t\t\t\t\t\t\t\t\t>\n\t\t\t\t\t\t\t\n\t\t\t\t\t\t\tBOUCHON EN LI\u00c8GE NATUREL\t\t\t\t\t\t\t\t\t\t\t\t\t\t\t<\/a>\n\t\t\t\t\t\t\t\t\t\t\t\t\t<\/h5>\n\t\t\t\t\t\n\t\t\t\t\t\t\t\t\t\t\t<p style=\"text-align: left;\">Form\u00e9 par un cylindre de li\u00e8ge 1 pi\u00e8ce naturel.<br \/>\nFabriqu\u00e9 selon les normes UNE 56921.<br \/>\nDimensions: 45x24,2 mm\/49x24,2 mm\/54x24,2 mm<\/p>\n\t\t\t\t\t\n\t\t\t\t\t\t\t\t\t<\/div>\n\t\t\t\t\t\t\t<\/div>\n\n\t\t\t\n<\/div>\n<\/div><\/div><\/div><\/div><div id=\"pgc-1685-2-1\"  class=\"panel-grid-cell\" ><div id=\"panel-1685-2-1-0\" class=\"so-panel widget widget_sow-features panel-first-child\" data-index=\"3\" ><div class=\"wow fadeIn panel-widget-style panel-widget-style-for-1685-2-1-0\" data-wow-offset=\"10\" data-wow-iteration=\"1\" ><div class=\"so-widget-sow-features so-widget-sow-features-default-e5f2f213a590-1685\">\n<div class=\"sow-features-list sow-features-responsive\">\n\n\t\t\t\n\t\t\t<div class=\"sow-features-feature sow-icon-container-position-top sow-features-feature-last-row\" style=\"width: 100%\">\n\n\t\t\t\t\t\t\t\t\t<a\n\t\t\t\t\t\thref=\"https:\/\/tapcork.net\/suro\/tapon-de-corcho-colmatado\/\"\n\t\t\t\t\t\t\t\t\t\t\t>\n\t\t\t\t\t\t\t\t<div\n\t\t\t\t\tclass=\"sow-icon-container sow-container-none\"\n                    style=\"color: #404040; \"\n\t\t\t\t\ttitle=\"Colmat\u00e9\">\n\t\t\t\t\t<div class=\"sow-icon-image\" style=\"background-image: url(https:\/\/tapcork.net\/wp-content\/uploads\/2021\/11\/colmatado-1.jpg); font-size: 24px\"><\/div>\t\t\t\t<\/div>\n\t\t\t\t\t\t\t\t\t<\/a>\n\t\t\t\t\n\t\t\t\t<div class=\"textwidget\">\n\t\t\t\t\t\t\t\t\t\t\t<h5>\n\t\t\t\t\t\t\t\t\t\t\t\t\t\t\t<a\n\t\t\t\t\t\t\t\t\thref=\"https:\/\/tapcork.net\/suro\/tapon-de-corcho-colmatado\/\"\n\t\t\t\t\t\t\t\t\t\t\t\t\t\t\t\t\t>\n\t\t\t\t\t\t\t\n\t\t\t\t\t\t\tBOUCHON EN LI\u00c8GE COLMAT\u00c9\t\t\t\t\t\t\t\t\t\t\t\t\t\t\t<\/a>\n\t\t\t\t\t\t\t\t\t\t\t\t\t<\/h5>\n\t\t\t\t\t\n\t\t\t\t\t\t\t\t\t\t\t<p style=\"text-align: left;\">Form\u00e9 par un cylindre de li\u00e8ge naturel d'une seule pi\u00e8ce, avec les pores ou les lenticelles remplis de poudre de li\u00e8ge naturel.<br \/>\nFabriqu\u00e9 sous les normes UNE 56924<br \/>\nDimensions : 38x24 mm \/ 44x24 mm \/ 49x24 mm<\/p>\n\t\t\t\t\t\n\t\t\t\t\t\t\t\t\t<\/div>\n\t\t\t\t\t\t\t<\/div>\n\n\t\t\t\n<\/div>\n<\/div><\/div><\/div><div id=\"panel-1685-2-1-1\" class=\"so-panel widget widget_sow-features panel-last-child\" data-index=\"4\" ><div class=\"wow fadeIn panel-widget-style panel-widget-style-for-1685-2-1-1\" data-wow-offset=\"10\" data-wow-iteration=\"1\" ><div class=\"so-widget-sow-features so-widget-sow-features-default-e5f2f213a590-1685\">\n<div class=\"sow-features-list sow-features-responsive\">\n\n\t\t\t\n\t\t\t<div class=\"sow-features-feature sow-icon-container-position-top sow-features-feature-last-row\" style=\"width: 100%\">\n\n\t\t\t\t\t\t\t\t\t<a\n\t\t\t\t\t\thref=\"https:\/\/tapcork.net\/suro\/tapon-de-corcho-11\/\"\n\t\t\t\t\t\t\t\t\t\t\t>\n\t\t\t\t\t\t\t\t<div\n\t\t\t\t\tclass=\"sow-icon-container sow-container-none\"\n                    style=\"color: #404040; \"\n\t\t\t\t\ttitle=\"BOUCHON EN LI\u00c8GE 1 + 1\">\n\t\t\t\t\t<div class=\"sow-icon-image\" style=\"background-image: url(https:\/\/tapcork.net\/wp-content\/uploads\/2021\/11\/tapon11-1.jpg); font-size: 24px\"><\/div>\t\t\t\t<\/div>\n\t\t\t\t\t\t\t\t\t<\/a>\n\t\t\t\t\n\t\t\t\t<div class=\"textwidget\">\n\t\t\t\t\t\t\t\t\t\t\t<h5>\n\t\t\t\t\t\t\t\t\t\t\t\t\t\t\t<a\n\t\t\t\t\t\t\t\t\thref=\"https:\/\/tapcork.net\/suro\/tapon-de-corcho-11\/\"\n\t\t\t\t\t\t\t\t\t\t\t\t\t\t\t\t\t>\n\t\t\t\t\t\t\t\n\t\t\t\t\t\t\tBOUCHON EN LI\u00c8GE 1 + 1\t\t\t\t\t\t\t\t\t\t\t\t\t\t\t<\/a>\n\t\t\t\t\t\t\t\t\t\t\t\t\t<\/h5>\n\t\t\t\t\t\n\t\t\t\t\t\t\t\t\t\t\t<p style=\"text-align: left;\">Form\u00e9 d'un cylindre d'agglom\u00e9r\u00e9 naturel ou micro li\u00e8ge et d'un disque naturel de chaque c\u00f4t\u00e9.\nFabriqu\u00e9 sous les normes UNE 56926\nDimensions : 38x24 mm \/ 44x24 mm \/ 49x24 mm<\/p>\t\t\t\t\t\n\t\t\t\t\t\t\t\t\t<\/div>\n\t\t\t\t\t\t\t<\/div>\n\n\t\t\t\n<\/div>\n<\/div><\/div><\/div><\/div><div id=\"pgc-1685-2-2\"  class=\"panel-grid-cell\" ><div id=\"panel-1685-2-2-0\" class=\"so-panel widget widget_sow-features panel-first-child panel-last-child\" data-index=\"5\" ><div class=\"wow fadeIn panel-widget-style panel-widget-style-for-1685-2-2-0\" data-wow-offset=\"10\" data-wow-iteration=\"1\" ><div class=\"so-widget-sow-features so-widget-sow-features-default-e5f2f213a590-1685\">\n<div class=\"sow-features-list sow-features-responsive\">\n\n\t\t\t\n\t\t\t<div class=\"sow-features-feature sow-icon-container-position-top sow-features-feature-last-row\" style=\"width: 100%\">\n\n\t\t\t\t\t\t\t\t\t<a\n\t\t\t\t\t\thref=\"https:\/\/tapcork.net\/fr\/suro\/bouchon-en-liege-micro-qualitek\/\"\n\t\t\t\t\t\t\t\t\t\t\t>\n\t\t\t\t\t\t\t\t<div\n\t\t\t\t\tclass=\"sow-icon-container sow-container-none\"\n                    style=\"color: #404040; \"\n\t\t\t\t\ttitle=\"Micro qualit\u00e9\">\n\t\t\t\t\t<div class=\"sow-icon-image\" style=\"background-image: url(https:\/\/tapcork.net\/wp-content\/uploads\/2021\/11\/micro-1.jpg); font-size: 24px\"><\/div>\t\t\t\t<\/div>\n\t\t\t\t\t\t\t\t\t<\/a>\n\t\t\t\t\n\t\t\t\t<div class=\"textwidget\">\n\t\t\t\t\t\t\t\t\t\t\t<h5>\n\t\t\t\t\t\t\t\t\t\t\t\t\t\t\t<a\n\t\t\t\t\t\t\t\t\thref=\"https:\/\/tapcork.net\/fr\/suro\/bouchon-en-liege-micro-qualitek\/\"\n\t\t\t\t\t\t\t\t\t\t\t\t\t\t\t\t\t>\n\t\t\t\t\t\t\t\n\t\t\t\t\t\t\tBOUCHON EN LI\u00c8GE MICRO QUALITEK\t\t\t\t\t\t\t\t\t\t\t\t\t\t\t<\/a>\n\t\t\t\t\t\t\t\t\t\t\t\t\t<\/h5>\n\t\t\t\t\t\n\t\t\t\t\t\t\t\t\t\t\t<p style=\"text-align: left;\">Micro plug fabriqu\u00e9 par moule.\nFabriqu\u00e9 sous les normes UNE 56922 et UNE 56930\nDimensions : 38x24 mm \/ 44x24 mm<\/p>\t\t\t\t\t\n\t\t\t\t\t\t\t\t\t<\/div>\n\t\t\t\t\t\t\t<\/div>\n\n\t\t\t\n<\/div>\n<\/div><\/div><\/div><\/div><\/div><\/div><div id=\"pg-1685-3\"  class=\"panel-grid panel-has-style\" ><div class=\"slogan corporativo siteorigin-panels-stretch panel-row-style panel-row-style-for-1685-3\" data-stretch-type=\"full-stretched-padded\" ><div id=\"pgc-1685-3-0\"  class=\"panel-grid-cell\" ><div id=\"panel-1685-3-0-0\" class=\"so-panel widget widget_sow-editor panel-first-child panel-last-child\" data-index=\"6\" ><div class=\"so-widget-sow-editor so-widget-sow-editor-base\">\n<div class=\"siteorigin-widget-tinymce textwidget\">\n\t<h3 style=\"text-align: center;\">BON PAR NATURE<\/h3>\n<p style=\"text-align: center;\">UN PRODUIT QUI COUVRE TOUTES LES ATTENTES D'EXCELLENCE<\/p>\n<\/div>\n<\/div><\/div><\/div><\/div><\/div><div id=\"pg-1685-4\"  class=\"panel-grid panel-has-style\" ><div class=\"siteorigin-panels-stretch panel-row-style panel-row-style-for-1685-4\" data-stretch-type=\"full-stretched\" ><div id=\"pgc-1685-4-0\"  class=\"panel-grid-cell\" ><div id=\"panel-1685-4-0-0\" class=\"so-panel widget widget_sow-simple-masonry panel-first-child panel-last-child\" data-index=\"7\" ><div class=\"wow fadeIn panel-widget-style panel-widget-style-for-1685-4-0-0\" data-wow-offset=\"10\" data-wow-iteration=\"1\" ><div class=\"so-widget-sow-simple-masonry so-widget-sow-simple-masonry-default-d75171398898-1685\">\n\n<div class=\"sow-masonry-grid\"\n\t data-layouts=\"{&quot;desktop&quot;:{&quot;numColumns&quot;:3,&quot;rowHeight&quot;:0,&quot;gutter&quot;:0},&quot;tablet&quot;:{&quot;breakPoint&quot;:768,&quot;numColumns&quot;:2,&quot;rowHeight&quot;:0,&quot;gutter&quot;:0},&quot;mobile&quot;:{&quot;breakPoint&quot;:480,&quot;numColumns&quot;:1,&quot;rowHeight&quot;:0,&quot;gutter&quot;:0}}\" data-layout-origin-left=\"true\" >\n\t\t\t\t<div class=\"sow-masonry-grid-item\" data-col-span=\"1\"\n\t\t\t     data-row-span=\"1\">\n\t\t\t\t\n\t\t\t\t<img width=\"658\" height=\"908\" src=\"https:\/\/tapcork.net\/wp-content\/uploads\/2021\/11\/imagen-1.jpg\" class=\"sow-masonry-grid-image\" alt=\"\" loading=\"lazy\" title=\"\" srcset=\"https:\/\/tapcork.net\/wp-content\/uploads\/2021\/11\/imagen-1.jpg 658w, https:\/\/tapcork.net\/wp-content\/uploads\/2021\/11\/imagen-1-250x345.jpg 250w, https:\/\/tapcork.net\/wp-content\/uploads\/2021\/11\/imagen-1-120x166.jpg 120w\" sizes=\"(max-width: 658px) 100vw, 658px\" \/>\n\t\t\t\t\t\t\t<\/div>\n\t\t\t\t\t\t<div class=\"sow-masonry-grid-item\" data-col-span=\"1\"\n\t\t\t     data-row-span=\"1\">\n\t\t\t\t\n\t\t\t\t<img width=\"691\" height=\"1041\" src=\"https:\/\/tapcork.net\/wp-content\/uploads\/2021\/11\/imagen-2.jpg\" class=\"sow-masonry-grid-image\" alt=\"\" loading=\"lazy\" title=\"\" srcset=\"https:\/\/tapcork.net\/wp-content\/uploads\/2021\/11\/imagen-2.jpg 691w, https:\/\/tapcork.net\/wp-content\/uploads\/2021\/11\/imagen-2-250x377.jpg 250w, https:\/\/tapcork.net\/wp-content\/uploads\/2021\/11\/imagen-2-120x181.jpg 120w\" sizes=\"(max-width: 691px) 100vw, 691px\" \/>\n\t\t\t\t\t\t\t<\/div>\n\t\t\t\t\t\t<div class=\"sow-masonry-grid-item\" data-col-span=\"1\"\n\t\t\t     data-row-span=\"1\">\n\t\t\t\t\n\t\t\t\t<img width=\"477\" height=\"636\" src=\"https:\/\/tapcork.net\/wp-content\/uploads\/2021\/11\/imagen-3.jpg\" class=\"sow-masonry-grid-image\" alt=\"\" loading=\"lazy\" title=\"\" srcset=\"https:\/\/tapcork.net\/wp-content\/uploads\/2021\/11\/imagen-3.jpg 477w, https:\/\/tapcork.net\/wp-content\/uploads\/2021\/11\/imagen-3-250x333.jpg 250w, https:\/\/tapcork.net\/wp-content\/uploads\/2021\/11\/imagen-3-120x160.jpg 120w\" sizes=\"(max-width: 477px) 100vw, 477px\" \/>\n\t\t\t\t\t\t\t<\/div>\n\t\t\t\t\t\t<div class=\"sow-masonry-grid-item\" data-col-span=\"1\"\n\t\t\t     data-row-span=\"1\">\n\t\t\t\t\n\t\t\t\t<img width=\"666\" height=\"592\" src=\"https:\/\/tapcork.net\/wp-content\/uploads\/2021\/11\/rxgn01_03.jpg\" class=\"sow-masonry-grid-image\" alt=\"\" loading=\"lazy\" title=\"\" srcset=\"https:\/\/tapcork.net\/wp-content\/uploads\/2021\/11\/rxgn01_03.jpg 666w, https:\/\/tapcork.net\/wp-content\/uploads\/2021\/11\/rxgn01_03-250x222.jpg 250w, https:\/\/tapcork.net\/wp-content\/uploads\/2021\/11\/rxgn01_03-120x107.jpg 120w\" sizes=\"(max-width: 666px) 100vw, 666px\" \/>\n\t\t\t\t\t\t\t<\/div>\n\t\t\t\t\t\t<div class=\"sow-masonry-grid-item\" data-col-span=\"1\"\n\t\t\t     data-row-span=\"1\">\n\t\t\t\t\n\t\t\t\t<img width=\"268\" height=\"315\" src=\"https:\/\/tapcork.net\/wp-content\/uploads\/2021\/11\/imagen-5_03.jpg\" class=\"sow-masonry-grid-image\" alt=\"\" loading=\"lazy\" title=\"\" srcset=\"https:\/\/tapcork.net\/wp-content\/uploads\/2021\/11\/imagen-5_03.jpg 268w, https:\/\/tapcork.net\/wp-content\/uploads\/2021\/11\/imagen-5_03-250x294.jpg 250w, https:\/\/tapcork.net\/wp-content\/uploads\/2021\/11\/imagen-5_03-120x141.jpg 120w\" sizes=\"(max-width: 268px) 100vw, 268px\" \/>\n\t\t\t\t\t\t\t<\/div>\n\t\t\t\t\t\t<div class=\"sow-masonry-grid-item\" data-col-span=\"1\"\n\t\t\t     data-row-span=\"1\">\n\t\t\t\t\n\t\t\t\t<img width=\"700\" height=\"1052\" src=\"https:\/\/tapcork.net\/wp-content\/uploads\/2021\/11\/imagen-6.jpg\" class=\"sow-masonry-grid-image\" alt=\"\" loading=\"lazy\" title=\"\" srcset=\"https:\/\/tapcork.net\/wp-content\/uploads\/2021\/11\/imagen-6.jpg 700w, https:\/\/tapcork.net\/wp-content\/uploads\/2021\/11\/imagen-6-250x376.jpg 250w, https:\/\/tapcork.net\/wp-content\/uploads\/2021\/11\/imagen-6-120x180.jpg 120w\" sizes=\"(max-width: 700px) 100vw, 700px\" \/>\n\t\t\t\t\t\t\t<\/div>\n\t\t\t\n<\/div>\n<\/div><\/div><\/div><\/div><\/div><\/div><div id=\"pg-1685-5\"  class=\"panel-grid panel-has-style\" ><div class=\"siteorigin-panels-stretch panel-row-style panel-row-style-for-1685-5\" data-stretch-type=\"full-stretched\" ><div id=\"pgc-1685-5-0\"  class=\"panel-grid-cell\" ><div id=\"panel-1685-5-0-0\" class=\"so-panel widget widget_sow-headline panel-first-child\" data-index=\"8\" ><div class=\"psa_texto_mapa panel-widget-style panel-widget-style-for-1685-5-0-0\" ><div class=\"so-widget-sow-headline so-widget-sow-headline-default-6b52635ceda7-1685\"><div class=\"sow-headline-container \">\n\t<h1 class='sow-headline'>APPORTER UN SERVICE PARFAIT<\/h1><h3 class='sow-sub-headline'>AUX MEILLEURES CAVES DU MONDE<\/h3><\/div><\/div><\/div><\/div><div id=\"panel-1685-5-0-1\" class=\"so-panel widget widget_sow-google-map panel-last-child\" data-index=\"9\" ><div class=\"panel-widget-style panel-widget-style-for-1685-5-0-1\" ><div class=\"so-widget-sow-google-map so-widget-sow-google-map-default-d8d2ce909f45-1685\">\n<div class=\"sow-google-map-canvas\"\n\tstyle=\"\"\n\tid=\"map-canvas-b3ca5ed07358953dacf13c1f0da03fd4\"\n\tdata-options=\"{&quot;address&quot;:&quot;40.46366700000001, -3.74922&quot;,&quot;zoom&quot;:3,&quot;mobileZoom&quot;:3,&quot;gestureHandling&quot;:&quot;none&quot;,&quot;disableUi&quot;:false,&quot;keepCentered&quot;:true,&quot;markerIcon&quot;:&quot;&quot;,&quot;markersDraggable&quot;:false,&quot;markerAtCenter&quot;:false,&quot;markerInfoDisplay&quot;:&quot;mouseover&quot;,&quot;markerInfoMultiple&quot;:true,&quot;markerPositions&quot;:[{&quot;place&quot;:&quot;40.46366700000001, -3.74922&quot;,&quot;info&quot;:&quot;&lt;h2 dir=\\&quot;ltr\\&quot; data-placeholder=\\&quot;Traducci\\u00f3n\\&quot;&gt;&lt;\\\/h2&gt;\\n&lt;h2 id=\\&quot;tw-target-text\\&quot; class=\\&quot;tw-data-text tw-text-large tw-ta\\&quot; dir=\\&quot;ltr\\&quot; style=\\&quot;text-align: center;\\&quot; data-placeholder=\\&quot;Traducci\\u00f3n\\&quot;&gt;&lt;span class=\\&quot;Y2IQFc\\&quot; lang=\\&quot;fr\\&quot;&gt;Espagne&lt;\\\/span&gt;&lt;\\\/h2&gt;\\n&quot;,&quot;infoSelectedEditor&quot;:&quot;tmce&quot;,&quot;infoMaxWidth&quot;:&quot;150&quot;,&quot;customMarkerIcon&quot;:0},{&quot;place&quot;:&quot;42.666065, 2.9026172&quot;,&quot;info&quot;:&quot;&lt;h2 id=\\&quot;tw-target-text\\&quot; class=\\&quot;tw-data-text tw-text-large tw-ta\\&quot; dir=\\&quot;ltr\\&quot; style=\\&quot;text-align: center;\\&quot; data-placeholder=\\&quot;Traducci\\u00f3n\\&quot;&gt;&lt;span class=\\&quot;Y2IQFc\\&quot; lang=\\&quot;fr\\&quot;&gt;&lt;br \\\/&gt;\\nLa France&lt;\\\/span&gt;&lt;\\\/h2&gt;\\n&quot;,&quot;infoSelectedEditor&quot;:&quot;tinymce&quot;,&quot;infoMaxWidth&quot;:&quot;150&quot;,&quot;customMarkerIcon&quot;:0},{&quot;place&quot;:&quot;37.09024, -95.712891&quot;,&quot;info&quot;:&quot;&lt;h2 dir=\\&quot;ltr\\&quot; data-placeholder=\\&quot;Traducci\\u00f3n\\&quot;&gt;&lt;\\\/h2&gt;\\n&lt;h2 id=\\&quot;tw-target-text\\&quot; class=\\&quot;tw-data-text tw-text-large tw-ta\\&quot; dir=\\&quot;ltr\\&quot; style=\\&quot;text-align: center;\\&quot; data-placeholder=\\&quot;Traducci\\u00f3n\\&quot;&gt;&lt;span class=\\&quot;Y2IQFc\\&quot; lang=\\&quot;fr\\&quot;&gt;Les \\u00e9tats-unis d&#039;Am\\u00e9rique&lt;\\\/span&gt;&lt;\\\/h2&gt;\\n&quot;,&quot;infoSelectedEditor&quot;:&quot;tinymce&quot;,&quot;infoMaxWidth&quot;:&quot;150&quot;,&quot;customMarkerIcon&quot;:0},{&quot;place&quot;:&quot;51.165691, 10.451526&quot;,&quot;info&quot;:&quot;&lt;h2 dir=\\&quot;ltr\\&quot; data-placeholder=\\&quot;Traducci\\u00f3n\\&quot;&gt;&lt;\\\/h2&gt;\\n&lt;h2 id=\\&quot;tw-target-text\\&quot; class=\\&quot;tw-data-text tw-text-large tw-ta\\&quot; dir=\\&quot;ltr\\&quot; style=\\&quot;text-align: center;\\&quot; data-placeholder=\\&quot;Traducci\\u00f3n\\&quot;&gt;&lt;span class=\\&quot;Y2IQFc\\&quot; lang=\\&quot;fr\\&quot;&gt;Allemagne&lt;\\\/span&gt;&lt;\\\/h2&gt;\\n&quot;,&quot;infoSelectedEditor&quot;:&quot;tinymce&quot;,&quot;infoMaxWidth&quot;:&quot;150&quot;,&quot;customMarkerIcon&quot;:0},{&quot;place&quot;:&quot;45.1, 15.2&quot;,&quot;info&quot;:&quot;&lt;h2 id=\\&quot;tw-target-text\\&quot; class=\\&quot;tw-data-text tw-text-large tw-ta\\&quot; dir=\\&quot;ltr\\&quot; style=\\&quot;text-align: center;\\&quot; data-placeholder=\\&quot;Traducci\\u00f3n\\&quot;&gt;&lt;span class=\\&quot;Y2IQFc\\&quot; lang=\\&quot;fr\\&quot;&gt;&lt;br \\\/&gt;\\nCroatie&lt;\\\/span&gt;&lt;\\\/h2&gt;\\n&quot;,&quot;infoSelectedEditor&quot;:&quot;tmce&quot;,&quot;infoMaxWidth&quot;:&quot;250&quot;,&quot;customMarkerIcon&quot;:0},{&quot;place&quot;:&quot;47.516231, 14.550072&quot;,&quot;info&quot;:&quot;&lt;h2 dir=\\&quot;ltr\\&quot; data-placeholder=\\&quot;Traducci\\u00f3n\\&quot;&gt;&lt;\\\/h2&gt;\\n&lt;h2 id=\\&quot;tw-target-text\\&quot; class=\\&quot;tw-data-text tw-text-large tw-ta\\&quot; dir=\\&quot;ltr\\&quot; style=\\&quot;text-align: center;\\&quot; data-placeholder=\\&quot;Traducci\\u00f3n\\&quot;&gt;&lt;span class=\\&quot;Y2IQFc\\&quot; lang=\\&quot;fr\\&quot;&gt;L&#039;Autriche&lt;\\\/span&gt;&lt;\\\/h2&gt;\\n&quot;,&quot;infoSelectedEditor&quot;:&quot;tinymce&quot;,&quot;infoMaxWidth&quot;:&quot;&quot;,&quot;customMarkerIcon&quot;:0}],&quot;mapName&quot;:&quot;Carte personnalis\\u00e9e&quot;,&quot;mapStyles&quot;:[{&quot;featureType&quot;:&quot;landscape.natural.landcover&quot;,&quot;elementType&quot;:&quot;labels&quot;,&quot;stylers&quot;:[{&quot;visibility&quot;:true},{&quot;color&quot;:&quot;off&quot;}]}],&quot;directions&quot;:&quot;&quot;,&quot;apiKey&quot;:&quot;AIzaSyDhb5pnOpFpdlGJ1Io4WWOcrSwqCq8s8Ko&quot;,&quot;breakpoint&quot;:780}\"\n\tdata-fallback-image=\"{&quot;img&quot;:&quot;&quot;}\"><\/div>\n<\/div><\/div><\/div><\/div><\/div><\/div><\/div>","protected":false},"excerpt":{"rendered":"Excellents par nature BOUCHON EN LI\u00c8GE NATUREL Form\u00e9 par un cylindre de li\u00e8ge 1 pi\u00e8ce naturel. Fabriqu\u00e9 selon les normes UNE 56921. Dimensions: 45&#215;24,2 mm\/49&#215;24,2 mm\/54&#215;24,2 mm BOUCHON EN LI\u00c8GE COLMAT\u00c9 Form\u00e9 par un cylindre de li\u00e8ge naturel d&rsquo;une seule pi\u00e8ce, avec les pores ou les lenticelles remplis de poudre de li\u00e8ge naturel. Fabriqu\u00e9 sous&#8230; <a class=\"view-article\" href=\"https:\/\/tapcork.net\/fr\/\">Voir l&rsquo;article<\/a>","protected":false},"author":1,"featured_media":0,"parent":0,"menu_order":0,"comment_status":"closed","ping_status":"closed","template":"","meta":[],"acf":[],"_links":{"self":[{"href":"https:\/\/tapcork.net\/fr\/wp-json\/wp\/v2\/pages\/1685"}],"collection":[{"href":"https:\/\/tapcork.net\/fr\/wp-json\/wp\/v2\/pages"}],"about":[{"href":"https:\/\/tapcork.net\/fr\/wp-json\/wp\/v2\/types\/page"}],"author":[{"embeddable":true,"href":"https:\/\/tapcork.net\/fr\/wp-json\/wp\/v2\/users\/1"}],"replies":[{"embeddable":true,"href":"https:\/\/tapcork.net\/fr\/wp-json\/wp\/v2\/comments?post=1685"}],"version-history":[{"count":4,"href":"https:\/\/tapcork.net\/fr\/wp-json\/wp\/v2\/pages\/1685\/revisions"}],"predecessor-version":[{"id":2553,"href":"https:\/\/tapcork.net\/fr\/wp-json\/wp\/v2\/pages\/1685\/revisions\/2553"}],"wp:attachment":[{"href":"https:\/\/tapcork.net\/fr\/wp-json\/wp\/v2\/media?parent=1685"}],"curies":[{"name":"wp","href":"https:\/\/api.w.org\/{rel}","templated":true}]}}