{"id":2806,"date":"2026-03-04T11:27:09","date_gmt":"2026-03-04T09:27:09","guid":{"rendered":"https:\/\/tapcork.net\/personalizacion\/"},"modified":"2026-03-18T13:04:23","modified_gmt":"2026-03-18T11:04:23","slug":"personalizacion","status":"publish","type":"page","link":"https:\/\/tapcork.net\/de\/personalizacion\/","title":{"rendered":"Personalisierung"},"content":{"rendered":"<div id=\"pl-2806\"  class=\"panel-layout\" ><div id=\"pg-2806-0\"  class=\"panel-grid panel-no-style\" ><div id=\"pgc-2806-0-0\"  class=\"panel-grid-cell\" ><div id=\"panel-2806-0-0-0\" class=\"so-panel widget widget_text panel-first-child panel-last-child\" data-index=\"0\" ><div class=\"panel-widget-style panel-widget-style-for-2806-0-0-0\" >\t\t\t<div class=\"textwidget\"><div style=\"width: 832px;\" class=\"wp-video\"><!--[if lt IE 9]><script>document.createElement('video');<\/script><![endif]-->\n<video class=\"wp-video-shortcode\" id=\"video-0-1\" preload=\"metadata\" controls=\"controls\"><source type=\"video\/mp4\" src=\"http:\/\/tapcork.net\/wp-content\/uploads\/2026\/03\/WhatsApp-Video-2025-10-23-at-16.02.07.mp4?_=1\" \/><a href=\"http:\/\/tapcork.net\/wp-content\/uploads\/2026\/03\/WhatsApp-Video-2025-10-23-at-16.02.07.mp4\">http:\/\/tapcork.net\/wp-content\/uploads\/2026\/03\/WhatsApp-Video-2025-10-23-at-16.02.07.mp4<\/a><\/video><\/div>\n<\/div>\n\t\t<\/div><\/div><\/div><div id=\"pgc-2806-0-1\"  class=\"panel-grid-cell\" ><div id=\"panel-2806-0-1-0\" class=\"so-panel widget widget_text panel-first-child panel-last-child\" data-index=\"1\" ><h3 class=\"widget-title\">Personalisierte Schl\u00fcsselanh\u00e4nger-Stopper: Ihr Weingut sichtbarer denn je<\/h3>\t\t\t<div class=\"textwidget\"><p>Da immer mehr Weing\u00fcter die wichtige Aufgabe \u00fcbernehmen, den Weintourismus zu f\u00f6rdern und so immer mehr Menschen die Welt des Weins n\u00e4herzubringen, und wir gerne mit Ihnen zusammenarbeiten m\u00f6chten, um Ihre Weine einem m\u00f6glichst breiten Publikum zug\u00e4nglich zu machen, bieten wir Ihnen personalisierte Schl\u00fcsselanh\u00e4nger an.<\/p>\n<p>Diese Schl\u00fcsselanh\u00e4nger eignen sich ideal f\u00fcr Veranstaltungen, zum Beilegen in Holzkisten, als Werbegeschenk bei Weintouren oder zur Pr\u00e4sentation auf Messen. So erreichen Sie mit Ihrem Weingut ein viel gr\u00f6\u00dferes Publikum.<\/p>\n<p>Es ist eine originelle, kosteng\u00fcnstige und effektive Marketingstrategie: Dank des personalisierten Flaschenverschlusses\/Schl\u00fcsselanh\u00e4ngers wird Ihr Weingut sichtbar und bekannt.<\/p>\n<\/div>\n\t\t<\/div><\/div><\/div><div id=\"pg-2806-1\"  class=\"panel-grid panel-no-style\" ><div id=\"pgc-2806-1-0\"  class=\"panel-grid-cell panel-grid-cell-empty\" ><\/div><\/div><\/div>","protected":false},"excerpt":{"rendered":"Da immer mehr Weing\u00fcter die wichtige Aufgabe \u00fcbernehmen, den Weintourismus zu f\u00f6rdern und so immer mehr Menschen die Welt des Weins n\u00e4herzubringen, und wir gerne mit Ihnen zusammenarbeiten m\u00f6chten, um Ihre Weine einem m\u00f6glichst breiten Publikum zug\u00e4nglich zu machen, bieten wir Ihnen personalisierte Schl\u00fcsselanh\u00e4nger an. Diese Schl\u00fcsselanh\u00e4nger eignen sich ideal f\u00fcr Veranstaltungen, zum Beilegen in&#8230; <a class=\"view-article\" href=\"https:\/\/tapcork.net\/de\/personalizacion\/\">Artikel ansehen<\/a>","protected":false},"author":2,"featured_media":0,"parent":0,"menu_order":0,"comment_status":"closed","ping_status":"closed","template":"","meta":[],"acf":[],"_links":{"self":[{"href":"https:\/\/tapcork.net\/de\/wp-json\/wp\/v2\/pages\/2806"}],"collection":[{"href":"https:\/\/tapcork.net\/de\/wp-json\/wp\/v2\/pages"}],"about":[{"href":"https:\/\/tapcork.net\/de\/wp-json\/wp\/v2\/types\/page"}],"author":[{"embeddable":true,"href":"https:\/\/tapcork.net\/de\/wp-json\/wp\/v2\/users\/2"}],"replies":[{"embeddable":true,"href":"https:\/\/tapcork.net\/de\/wp-json\/wp\/v2\/comments?post=2806"}],"version-history":[{"count":3,"href":"https:\/\/tapcork.net\/de\/wp-json\/wp\/v2\/pages\/2806\/revisions"}],"predecessor-version":[{"id":2810,"href":"https:\/\/tapcork.net\/de\/wp-json\/wp\/v2\/pages\/2806\/revisions\/2810"}],"wp:attachment":[{"href":"https:\/\/tapcork.net\/de\/wp-json\/wp\/v2\/media?parent=2806"}],"curies":[{"name":"wp","href":"https:\/\/api.w.org\/{rel}","templated":true}]}}