{"id":2469,"date":"2021-12-23T11:18:37","date_gmt":"2021-12-23T09:18:37","guid":{"rendered":"https:\/\/tapcork.net\/?page_id=2469"},"modified":"2026-03-02T18:44:21","modified_gmt":"2026-03-02T16:44:21","slug":"qualitaetspolitik","status":"publish","type":"page","link":"https:\/\/tapcork.net\/de\/qualitaetspolitik\/","title":{"rendered":"Qualit\u00e4tspolitik"},"content":{"rendered":"<div id=\"pl-2469\"  class=\"panel-layout\" ><div id=\"pg-2469-0\"  class=\"panel-grid panel-no-style\" ><div id=\"pgc-2469-0-0\"  class=\"panel-grid-cell\" ><div id=\"panel-2469-0-0-0\" class=\"so-panel widget widget_sow-editor panel-first-child panel-last-child\" data-index=\"0\" ><div class=\"so-widget-sow-editor so-widget-sow-editor-base\">\n<div class=\"siteorigin-widget-tinymce textwidget\">\n\t<h2>QUALIT\u00c4TSPOLITIK<\/h2>\n<p data-start=\"22\" data-end=\"930\">Die Gesch\u00e4ftsf\u00fchrung von Tapcork Natural legt ihre Qualit\u00e4tspolitik wie nachstehend fest und verpflichtet sich zu deren Einhaltung:<br data-start=\"153\" data-end=\"156\" \/>Unsere Philosophie ist es, ein sehr gutes Produkt mit dem besten Verh\u00e4ltnis von Qualit\u00e4t und Preis anzubieten sowie eine kompetente Beratung und Individualisierung sowohl vor als auch nach dem Verkauf zu gew\u00e4hrleisten. Diese Leistungen werden von unseren Vertriebsleitern sowie aus der Produktion erbracht, wo die Korkstopfen im Detail bearbeitet werden und dabei stets Qualit\u00e4t und Kundenanforderungen kontrolliert werden. Da Qualit\u00e4t der wichtigste Faktor f\u00fcr die Kundenzufriedenheit ist, arbeiten wir konsequent nach dem Grundsatz der kontinuierlichen Verbesserung und beziehen alle Mitarbeitenden ein, damit sie Ideen zur Problembek\u00e4mpfung und f\u00fcr Verbesserungen einbringen. Der Gro\u00dfteil unserer Mitarbeitenden ist f\u00fcr die Qualit\u00e4tskontrolle der Produkte verantwortlich.<\/p>\n<p data-start=\"932\" data-end=\"1208\">Durch strenge Qualit\u00e4tskontrollen, die sowohl in den eigenen Einrichtungen als auch in externen Laboren durchgef\u00fchrt werden, bietet Tapcork seinen Kunden maximale Sicherheit hinsichtlich der R\u00fcckverfolgbarkeit des Korkstopfens und der Einhaltung der gesetzlichen Vorschriften.<\/p>\n<p data-start=\"1210\" data-end=\"1335\">Alle zur Reinigung und Endbearbeitung des Korkstopfens verwendeten Produkte entsprechen den Vorschriften der FDA und der CEE.<\/p>\n<p data-start=\"1337\" data-end=\"1632\">Alle unsere Korkstopfen werden dem Kunden vakuumverpackt und mit SO\u2082 sterilisiert geliefert, zusammen mit einem beigef\u00fcgten technischen Pr\u00fcfprotokoll, das alle technischen Spezifikationen des Korkstopfens enth\u00e4lt, sowie mit dem entsprechenden, von der NCS f\u00fcr die Lagerung gekennzeichneten Code.<\/p>\n<p data-start=\"1634\" data-end=\"1911\">Die Gesch\u00e4ftsf\u00fchrung des Unternehmens h\u00e4lt es f\u00fcr wesentlich, \u00fcber eine Managementpolitik und die damit verbundenen Verpflichtungen zu verf\u00fcgen, mit dem Ziel, den Kunden zu versichern, dass das Produkt, das sie erhalten, ihren Kaufanforderungen so genau wie m\u00f6glich entspricht.<\/p>\n<p data-start=\"1913\" data-end=\"2086\">Tapcork Natural trifft alle notwendigen Ma\u00dfnahmen zur Fehlervermeidung; alle Nichtkonformit\u00e4ten werden analysiert und alle Korrektur- und Vorbeugema\u00dfnahmen werden umgesetzt.<\/p>\n<p data-start=\"2088\" data-end=\"2187\">Zudem arbeiten wir umweltbewusst, insbesondere wenn es um Ausschuss- bzw. abgelehnte Produkte geht.<\/p>\n<p data-start=\"2189\" data-end=\"2435\">Alle Mitarbeitenden von Tapcork Natural sind auf die eine oder andere Weise in den Prozess der Auslieferung von Chargen an Kunden eingebunden. Aus diesem Grund verbessern wir uns st\u00e4ndig, erkennen m\u00f6gliche Fehler und beheben sie stets vorbeugend.<\/p>\n<p data-start=\"2437\" data-end=\"2469\">Tapcork Natural Gesch\u00e4ftsf\u00fchrung<\/p>\n<p data-start=\"2437\" data-end=\"2469\">19. Februar 2026<\/p>\n<p>&nbsp;<\/p>\n<\/div>\n<\/div><\/div><\/div><\/div><\/div>","protected":false},"excerpt":{"rendered":"QUALIT\u00c4TSPOLITIK Die Gesch\u00e4ftsf\u00fchrung von Tapcork Natural legt ihre Qualit\u00e4tspolitik wie nachstehend fest und verpflichtet sich zu deren Einhaltung:Unsere Philosophie ist es, ein sehr gutes Produkt mit dem besten Verh\u00e4ltnis von Qualit\u00e4t und Preis anzubieten sowie eine kompetente Beratung und Individualisierung sowohl vor als auch nach dem Verkauf zu gew\u00e4hrleisten. Diese Leistungen werden von unseren Vertriebsleitern&#8230; <a class=\"view-article\" href=\"https:\/\/tapcork.net\/de\/qualitaetspolitik\/\">Artikel ansehen<\/a>","protected":false},"author":1,"featured_media":0,"parent":0,"menu_order":0,"comment_status":"closed","ping_status":"closed","template":"","meta":[],"acf":[],"_links":{"self":[{"href":"https:\/\/tapcork.net\/de\/wp-json\/wp\/v2\/pages\/2469"}],"collection":[{"href":"https:\/\/tapcork.net\/de\/wp-json\/wp\/v2\/pages"}],"about":[{"href":"https:\/\/tapcork.net\/de\/wp-json\/wp\/v2\/types\/page"}],"author":[{"embeddable":true,"href":"https:\/\/tapcork.net\/de\/wp-json\/wp\/v2\/users\/1"}],"replies":[{"embeddable":true,"href":"https:\/\/tapcork.net\/de\/wp-json\/wp\/v2\/comments?post=2469"}],"version-history":[{"count":5,"href":"https:\/\/tapcork.net\/de\/wp-json\/wp\/v2\/pages\/2469\/revisions"}],"predecessor-version":[{"id":2716,"href":"https:\/\/tapcork.net\/de\/wp-json\/wp\/v2\/pages\/2469\/revisions\/2716"}],"wp:attachment":[{"href":"https:\/\/tapcork.net\/de\/wp-json\/wp\/v2\/media?parent=2469"}],"curies":[{"name":"wp","href":"https:\/\/api.w.org\/{rel}","templated":true}]}}