{"id":2355,"date":"2021-12-10T11:04:51","date_gmt":"2021-12-10T09:04:51","guid":{"rendered":"https:\/\/tapcork.net\/politica-de-cookies\/"},"modified":"2021-12-17T15:15:40","modified_gmt":"2021-12-17T13:15:40","slug":"cookie-richtlinie","status":"publish","type":"page","link":"https:\/\/tapcork.net\/de\/cookie-richtlinie\/","title":{"rendered":"Cookie-Richtlinie"},"content":{"rendered":"<div id=\"pl-2355\"  class=\"panel-layout\" ><div id=\"pg-2355-0\"  class=\"panel-grid panel-no-style\" ><div id=\"pgc-2355-0-0\"  class=\"panel-grid-cell\" ><div id=\"panel-2355-0-0-0\" class=\"so-panel widget widget_sow-editor panel-first-child panel-last-child\" data-index=\"0\" ><div class=\"so-widget-sow-editor so-widget-sow-editor-base\">\n<div class=\"siteorigin-widget-tinymce textwidget\">\n\t<h2>COOKIES-RICHTLINIE<\/h2>\n<p>Cookie ist eine Datei, die auf Ihren Computer heruntergeladen wird, wenn Sie auf bestimmte Webseiten zugreifen. Cookies erm\u00f6glichen es einer Webseite unter anderem, Informationen \u00fcber die Surfgewohnheiten eines Benutzers oder seiner Ger\u00e4te zu speichern und abzurufen, und je nach den darin enthaltenen Informationen und der Art und Weise, wie sie ihre Ger\u00e4te verwenden, k\u00f6nnen sie verwendet werden, um den Benutzer wiederzuerkennen. Der Browser des Benutzers speichert Cookies auf der Festplatte nur w\u00e4hrend der aktuellen Sitzung, belegt einen minimalen Speicherplatz und schadet dem Computer nicht. Cookies enthalten keine spezifischen personenbezogenen Informationen und werden meist nach Ende der Browser-Sitzung von der Festplatte gel\u00f6scht (sog. Sitzungs-Cookies).<\/p>\n<p>Die meisten Browser akzeptieren Cookies standardm\u00e4\u00dfig und erlauben oder verhindern unabh\u00e4ngig davon tempor\u00e4re oder gespeicherte Cookies in den Sicherheitseinstellungen.<\/p>\n<p><strong>Arten von Cookies nach ihrem Zweck<\/strong><\/p>\n<p><strong>Technische Cookies.<\/strong> Sie erm\u00f6glichen dem Benutzer, durch eine Webseite, Plattform oder Anwendung zu navigieren und die verschiedenen darin vorhandenen Optionen oder Dienste zu nutzen, wie zum Beispiel die Kontrolle des Verkehrs und der Datenkommunikation, die Identifizierung der Sitzung, den Zugriff auf Teile mit eingeschr\u00e4nktem Zugriff, die Erinnerung an die Elemente, die eine Bestellung ausmachen, den Kaufvorgang einer Bestellung durchf\u00fchren, die Registrierung oder Teilnahme an einer Veranstaltung anfordern, Sicherheitselemente beim Surfen verwenden, Inhalte f\u00fcr die \u00dcbertragung von Videos oder Ton speichern oder Inhalte \u00fcber soziale Netzwerke teilen.<br \/>\n<strong>Personalisierungs-Cookies.<\/strong> Sie erm\u00f6glichen dem Benutzer den Zugriff auf den Dienst mit einigen vordefinierten allgemeinen Merkmalen basierend auf einer Reihe von Kriterien im Endger\u00e4t des Benutzers, wie z. etc.<br \/>\n<strong>Analyse-Cookies.<\/strong> Sie erm\u00f6glichen dem Verantwortlichen, das Verhalten der Nutzer der Websites, auf die sie verlinkt sind, zu beobachten und zu analysieren. Die mit Hilfe dieser Art von Cookies gesammelten Informationen werden verwendet, um die Aktivit\u00e4t der Websites, Anwendungen oder Plattformen zu messen und um Navigationsprofile der Benutzer dieser Websites, Anwendungen und Plattformen zu erstellen, um Verbesserungen der Funktion einzuf\u00fchren Analyse der Nutzungsdaten der Nutzer des Dienstes.<br \/>\n<strong>Werbe-Cookies.<\/strong> Sie erm\u00f6glichen die m\u00f6glichst effiziente Verwaltung der Werbefl\u00e4chen, die der Redakteur gegebenenfalls in eine Webseite, Anwendung oder Plattform aufgenommen hat, von der aus der angeforderte Dienst auf der Grundlage von Kriterien wie dem bearbeiteten Inhalt oder der H\u00e4ufigkeit, mit der die Anzeigen geschaltet werden.<br \/>\n<strong>Verhaltensbezogene Werbe-Cookies.<\/strong> Sie erm\u00f6glichen die m\u00f6glichst effiziente Verwaltung der Werbefl\u00e4chen, die der Herausgeber gegebenenfalls in eine Webseite, Anwendung oder Plattform aufgenommen hat, von der aus der angeforderte Dienst bereitgestellt wird. Diese Cookies speichern Informationen \u00fcber das Verhalten der Benutzer, die durch die kontinuierliche Beobachtung ihrer Surfgewohnheiten erhalten werden, was die Entwicklung eines spezifischen Profils erm\u00f6glicht, um darauf basierende Werbung anzuzeigen.<\/p>\n<p><strong>Arten von Cookies gem\u00e4\u00df Ihrem Manager<\/strong><\/p>\n<p><strong>Eigene Cookies.<\/strong> Eigene Cookies werden von einem vom Herausgeber selbst verwalteten Computer oder einer Dom\u00e4ne an das Endger\u00e4t des Benutzers gesendet, von dem aus der vom Benutzer angeforderte Dienst bereitgestellt wird.<br \/>\n<strong>Cookies von Drittanbietern.<\/strong> Cookies von Drittanbietern werden von einem Computer oder einer Dom\u00e4ne, die nicht vom Herausgeber verwaltet wird, sondern von einer anderen Stelle, die die durch Cookies erhaltenen Daten verarbeitet, an das Endger\u00e4t des Benutzers gesendet. Cookies, die vom Herausgeber installiert, aber von einem Drittanbieter verwaltet werden, sind ebenfalls von Drittanbietern.<\/p>\n<p><strong>Welche Arten von Cookies verwendet diese Website?<\/strong><br \/>\n- Technische Cookies<br \/>\n- Analyse-Cookies<\/p>\n<p>Daher akzeptiert der Benutzer durch die Nutzung dieser Website ausdr\u00fccklich die Behandlung der gesammelten Informationen in der oben genannten Art und Weise und zu den oben genannten Zwecken. Es erkennt auch an, die M\u00f6glichkeit zu kennen, die Verarbeitung solcher Daten oder Informationen abzulehnen, indem die Verwendung von Cookies abgelehnt wird, indem die entsprechenden Einstellungen in Ihrem Browser f\u00fcr diesen Zweck ausgew\u00e4hlt werden. Obwohl diese Option zum Blockieren von Cookies in Ihrem Browser es Ihnen m\u00f6glicherweise nicht erm\u00f6glicht, alle Funktionen der Website vollst\u00e4ndig zu nutzen.<\/p>\n<p>&nbsp;<\/p>\n<p>&nbsp;<\/p>\n<p>&nbsp;<\/p>\n<\/div>\n<\/div><\/div><\/div><\/div><\/div>","protected":false},"excerpt":{"rendered":"COOKIES-RICHTLINIE Cookie ist eine Datei, die auf Ihren Computer heruntergeladen wird, wenn Sie auf bestimmte Webseiten zugreifen. Cookies erm\u00f6glichen es einer Webseite unter anderem, Informationen \u00fcber die Surfgewohnheiten eines Benutzers oder seiner Ger\u00e4te zu speichern und abzurufen, und je nach den darin enthaltenen Informationen und der Art und Weise, wie sie ihre Ger\u00e4te verwenden, k\u00f6nnen&#8230; <a class=\"view-article\" href=\"https:\/\/tapcork.net\/de\/cookie-richtlinie\/\">Artikel ansehen<\/a>","protected":false},"author":1,"featured_media":0,"parent":0,"menu_order":0,"comment_status":"closed","ping_status":"closed","template":"","meta":[],"acf":[],"_links":{"self":[{"href":"https:\/\/tapcork.net\/de\/wp-json\/wp\/v2\/pages\/2355"}],"collection":[{"href":"https:\/\/tapcork.net\/de\/wp-json\/wp\/v2\/pages"}],"about":[{"href":"https:\/\/tapcork.net\/de\/wp-json\/wp\/v2\/types\/page"}],"author":[{"embeddable":true,"href":"https:\/\/tapcork.net\/de\/wp-json\/wp\/v2\/users\/1"}],"replies":[{"embeddable":true,"href":"https:\/\/tapcork.net\/de\/wp-json\/wp\/v2\/comments?post=2355"}],"version-history":[{"count":0,"href":"https:\/\/tapcork.net\/de\/wp-json\/wp\/v2\/pages\/2355\/revisions"}],"wp:attachment":[{"href":"https:\/\/tapcork.net\/de\/wp-json\/wp\/v2\/media?parent=2355"}],"curies":[{"name":"wp","href":"https:\/\/api.w.org\/{rel}","templated":true}]}}