{"id":2333,"date":"2018-01-29T10:38:52","date_gmt":"2018-01-29T10:38:52","guid":{"rendered":"https:\/\/tapcork.net\/empresa\/"},"modified":"2022-03-14T14:45:58","modified_gmt":"2022-03-14T12:45:58","slug":"unternehmen","status":"publish","type":"page","link":"https:\/\/tapcork.net\/de\/unternehmen\/","title":{"rendered":"Unternehmen"},"content":{"rendered":"<div id=\"pl-2333\"  class=\"panel-layout\" ><div id=\"pg-2333-0\"  class=\"panel-grid panel-has-style\" ><div class=\"siteorigin-panels-stretch panel-row-style panel-row-style-for-2333-0\" data-stretch-type=\"full-stretched\" ><div id=\"pgc-2333-0-0\"  class=\"panel-grid-cell\" ><div id=\"panel-2333-0-0-0\" class=\"so-panel widget widget_sow-slider panel-first-child panel-last-child\" data-index=\"0\" ><div class=\"so-widget-sow-slider so-widget-sow-slider-default-53fd0f98de19-2333\"><div class=\"sow-slider-base\" style=\"display: none\"><ul class=\"sow-slider-images\" data-settings=\"{&quot;pagination&quot;:true,&quot;speed&quot;:800,&quot;timeout&quot;:8000,&quot;paused&quot;:false,&quot;pause_on_hover&quot;:false,&quot;swipe&quot;:true,&quot;nav_always_show_desktop&quot;:&quot;&quot;,&quot;nav_always_show_mobile&quot;:&quot;&quot;,&quot;breakpoint&quot;:&quot;780px&quot;,&quot;unmute&quot;:false}\">\t\t<li class=\"sow-slider-image  sow-slider-image-cover\" style=\"background-image: url(https:\/\/tapcork.net\/wp-content\/uploads\/2021\/11\/hero-empresa_03.jpg)\" >\n\t\t\t\t\t\t\t\t\t<img width=\"676\" height=\"399\" src=\"https:\/\/tapcork.net\/wp-content\/uploads\/2021\/11\/hero-empresa_03.jpg\" class=\"sow-slider-background-image skip-lazy\" alt=\"\" loading=\"eager\" srcset=\"https:\/\/tapcork.net\/wp-content\/uploads\/2021\/11\/hero-empresa_03.jpg 676w, https:\/\/tapcork.net\/wp-content\/uploads\/2021\/11\/hero-empresa_03-250x148.jpg 250w, https:\/\/tapcork.net\/wp-content\/uploads\/2021\/11\/hero-empresa_03-120x71.jpg 120w\" sizes=\"(max-width: 676px) 100vw, 676px\" \/>\t\t\t\t\t\t\t\t<\/li>\n\t\t\t\t<li class=\"sow-slider-image  sow-slider-image-cover\" style=\"background-image: url(https:\/\/tapcork.net\/wp-content\/uploads\/2021\/11\/hero-empresa-02_03.jpg)\" >\n\t\t\t\t\t\t\t\t\t<img width=\"666\" height=\"592\" src=\"https:\/\/tapcork.net\/wp-content\/uploads\/2021\/11\/hero-empresa-02_03.jpg\" class=\"sow-slider-background-image skip-lazy\" alt=\"\" loading=\"eager\" srcset=\"https:\/\/tapcork.net\/wp-content\/uploads\/2021\/11\/hero-empresa-02_03.jpg 666w, https:\/\/tapcork.net\/wp-content\/uploads\/2021\/11\/hero-empresa-02_03-250x222.jpg 250w, https:\/\/tapcork.net\/wp-content\/uploads\/2021\/11\/hero-empresa-02_03-120x107.jpg 120w\" sizes=\"(max-width: 666px) 100vw, 666px\" \/>\t\t\t\t\t\t\t\t<\/li>\n\t\t<\/ul>\t\t\t\t<ol class=\"sow-slider-pagination\">\n\t\t\t\t\t\t\t\t\t\t\t<li><a href=\"#\" data-goto=\"0\" aria-label=\"display slide 1\"><\/a><\/li>\n\t\t\t\t\t\t\t\t\t\t\t<li><a href=\"#\" data-goto=\"1\" aria-label=\"display slide 2\"><\/a><\/li>\n\t\t\t\t\t\t\t\t\t<\/ol>\n\n\t\t\t\t<div class=\"sow-slide-nav sow-slide-nav-next\">\n\t\t\t\t\t<a href=\"#\" data-goto=\"next\" aria-label=\"next slide\" data-action=\"next\">\n\t\t\t\t\t\t<em class=\"sow-sld-icon-ultra-thin-right\"><\/em>\n\t\t\t\t\t<\/a>\n\t\t\t\t<\/div>\n\n\t\t\t\t<div class=\"sow-slide-nav sow-slide-nav-prev\">\n\t\t\t\t\t<a href=\"#\" data-goto=\"previous\" aria-label=\"previous slide\" data-action=\"prev\">\n\t\t\t\t\t\t<em class=\"sow-sld-icon-ultra-thin-left\"><\/em>\n\t\t\t\t\t<\/a>\n\t\t\t\t<\/div>\n\t\t\t\t<\/div><\/div><\/div><\/div><\/div><\/div><div id=\"pg-2333-1\"  class=\"panel-grid panel-has-style\" ><div class=\"slogan principal siteorigin-panels-stretch panel-row-style panel-row-style-for-2333-1\" data-stretch-type=\"full-stretched\" ><div id=\"pgc-2333-1-0\"  class=\"panel-grid-cell\" ><div id=\"panel-2333-1-0-0\" class=\"so-panel widget widget_sow-editor panel-first-child panel-last-child\" data-index=\"1\" ><div class=\"so-widget-sow-editor so-widget-sow-editor-base\"><h3 class=\"widget-title\">Unternehmen<\/h3>\n<div class=\"siteorigin-widget-tinymce textwidget\">\n\t<\/div>\n<\/div><\/div><\/div><\/div><\/div><div id=\"pg-2333-2\"  class=\"panel-grid panel-has-style\" ><div class=\"panel-row-style panel-row-style-for-2333-2\" ><div id=\"pgc-2333-2-0\"  class=\"panel-grid-cell\" ><div id=\"panel-2333-2-0-0\" class=\"so-panel widget widget_sow-editor panel-first-child panel-last-child\" data-index=\"2\" ><div class=\"so-widget-sow-editor so-widget-sow-editor-base\">\n<div class=\"siteorigin-widget-tinymce textwidget\">\n\t<h3>Erfahrung und Tradition<\/h3>\n<p>In einem Gebiet mit gro\u00dfer Korktradition gelegen, verf\u00fcgen wir bei TAPCORK \u00fcber umfassende Kenntnisse dieses Naturprodukts, die es uns erm\u00f6glichen, unser bekanntes Sortiment an Korkverschl\u00fcssen herzustellen, die sich mit hervorragenden Ergebnissen an die Bed\u00fcrfnisse des Verkorkens aller Arten von Weinen und Getr\u00e4nken anpassen und optimale Bedingungen.<br \/>\nDie Philosophie von TAPCORK besteht darin, ein sehr gutes Produkt mit dem bestm\u00f6glichen Preis-Leistungs-Verh\u00e4ltnis und einem guten Beratungs- und Anpassungsservice sowohl vor als auch nach dem Verkauf anzubieten, der sowohl von unseren gewerblichen Technikern als auch von der Fabrik entwickelt wurde, in der die Kappen eingearbeitet werden Detail, immer unter Kontrolle von Qualit\u00e4t und Kundenw\u00fcnschen.<br \/>\nDie Mission von TAPCORK besteht darin, sich auf dem Markt f\u00fcr seine Produkte und vor allem durch einen sehr seri\u00f6sen und absolut pers\u00f6nlichen Kundenservice abzuheben.<br \/>\n<img loading=\"lazy\" width=\"130\" height=\"156\" class=\"size-full wp-image-673 aligncenter\" src=\"http:\/\/tapcork.net\/wp-content\/uploads\/2021\/11\/logo-empresa.jpg\" alt=\"\" srcset=\"https:\/\/tapcork.net\/wp-content\/uploads\/2021\/11\/logo-empresa.jpg 130w, https:\/\/tapcork.net\/wp-content\/uploads\/2021\/11\/logo-empresa-120x144.jpg 120w\" sizes=\"(max-width: 130px) 100vw, 130px\" \/><\/p>\n<\/div>\n<\/div><\/div><\/div><\/div><\/div><\/div>","protected":false},"excerpt":{"rendered":"Unternehmen Erfahrung und Tradition In einem Gebiet mit gro\u00dfer Korktradition gelegen, verf\u00fcgen wir bei TAPCORK \u00fcber umfassende Kenntnisse dieses Naturprodukts, die es uns erm\u00f6glichen, unser bekanntes Sortiment an Korkverschl\u00fcssen herzustellen, die sich mit hervorragenden Ergebnissen an die Bed\u00fcrfnisse des Verkorkens aller Arten von Weinen und Getr\u00e4nken anpassen und optimale Bedingungen. Die Philosophie von TAPCORK besteht&#8230; <a class=\"view-article\" href=\"https:\/\/tapcork.net\/de\/unternehmen\/\">Artikel ansehen<\/a>","protected":false},"author":1,"featured_media":0,"parent":0,"menu_order":0,"comment_status":"closed","ping_status":"closed","template":"","meta":[],"acf":[],"_links":{"self":[{"href":"https:\/\/tapcork.net\/de\/wp-json\/wp\/v2\/pages\/2333"}],"collection":[{"href":"https:\/\/tapcork.net\/de\/wp-json\/wp\/v2\/pages"}],"about":[{"href":"https:\/\/tapcork.net\/de\/wp-json\/wp\/v2\/types\/page"}],"author":[{"embeddable":true,"href":"https:\/\/tapcork.net\/de\/wp-json\/wp\/v2\/users\/1"}],"replies":[{"embeddable":true,"href":"https:\/\/tapcork.net\/de\/wp-json\/wp\/v2\/comments?post=2333"}],"version-history":[{"count":4,"href":"https:\/\/tapcork.net\/de\/wp-json\/wp\/v2\/pages\/2333\/revisions"}],"predecessor-version":[{"id":2512,"href":"https:\/\/tapcork.net\/de\/wp-json\/wp\/v2\/pages\/2333\/revisions\/2512"}],"wp:attachment":[{"href":"https:\/\/tapcork.net\/de\/wp-json\/wp\/v2\/media?parent=2333"}],"curies":[{"name":"wp","href":"https:\/\/api.w.org\/{rel}","templated":true}]}}