{"id":2251,"date":"2018-02-05T07:15:57","date_gmt":"2018-02-05T05:15:57","guid":{"rendered":"https:\/\/tapcork.net\/aviso-legal\/"},"modified":"2021-12-17T14:25:59","modified_gmt":"2021-12-17T12:25:59","slug":"rechtlicher-hinweis","status":"publish","type":"page","link":"https:\/\/tapcork.net\/de\/rechtlicher-hinweis\/","title":{"rendered":"Rechtlicher Hinweis"},"content":{"rendered":"<div id=\"pl-2251\"  class=\"panel-layout\" ><div id=\"pg-2251-0\"  class=\"panel-grid panel-has-style\" ><div class=\"panel-row-style panel-row-style-for-2251-0\" ><div id=\"pgc-2251-0-0\"  class=\"panel-grid-cell\" ><div id=\"panel-2251-0-0-0\" class=\"so-panel widget widget_sow-editor panel-first-child panel-last-child\" data-index=\"0\" ><div class=\"so-widget-sow-editor so-widget-sow-editor-base\">\n<div class=\"siteorigin-widget-tinymce textwidget\">\n\t<h2>RECHTLICHE HINWEISE<\/h2>\n<p><strong>1. Firmendaten<\/strong><br \/>\nIn \u00dcbereinstimmung mit Artikel 10 des Gesetzes 34\/2002 vom 11. Juli \u00fcber Dienstleistungen der Informationsgesellschaft und des elektronischen Unternehmensverkehrs sind die Identifikationsdaten des Unternehmens unten aufgef\u00fchrt.<\/p>\n<p><strong>Name:<\/strong> Tapcork Natural<br \/>\n<strong>Firmenname:<\/strong> Tapcork Natural, S.L.U.<br \/>\n<strong>NIF\/CIF:<\/strong> B55110753<br \/>\n<strong>Registrierung:<\/strong> Girona Mercantile Registry, Band 2833, Buch 0, Folio 103, Seite GI-51691.<br \/>\n<strong>Firmensitz:<\/strong> C \/ Garrotxa, 18. Pol.Ind Casa Nova - 17181 Aiguaviva - Girona<br \/>\n<strong>Telefon:<\/strong> 972.11.10.88<br \/>\n<strong>E-Mail-Adresse:<\/strong> info@tapcork.net<\/p>\n<p><strong>2. Geistiges Eigentum<\/strong><br \/>\nDer Quellcode, Grafikdesigns, Bilder, Fotografien, Sounds, Animationen, Software, Texte sowie die Informationen und Inhalte, die im Auftrag des Unternehmens gesammelt werden, sind durch die spanische Gesetzgebung zum Schutz des geistigen und gewerblichen Eigentums gesch\u00fctzt der Firmenname des Unternehmens und die vollst\u00e4ndige oder teilweise Reproduktion und \/ oder Ver\u00f6ffentlichung der Website, ihre Computerverarbeitung, ihre Verbreitung, ihre Verbreitung, ihre \u00c4nderung, Umwandlung oder Dekompilierung oder andere dem Eigent\u00fcmer gesetzlich anerkannte Rechte sind nicht gestattet, ohne die vorherige schriftliche Genehmigung des Eigent\u00fcmers, Tapcork Natural.<\/p>\n<p>Der Benutzer darf ausschlie\u00dflich und ausschlie\u00dflich das auf dieser Website erscheinende Material f\u00fcr seinen pers\u00f6nlichen und privaten Gebrauch verwenden, seine Verwendung zu kommerziellen Zwecken oder zur Aus\u00fcbung illegaler Aktivit\u00e4ten ist untersagt. Alle Rechte aus geistigem Eigentum sind ausdr\u00fccklich Tapcork Natural vorbehalten.<\/p>\n<p>Tapcork Natural wird die Einhaltung der oben genannten Bedingungen sowie die ordnungsgem\u00e4\u00dfe Nutzung der auf seiner Website pr\u00e4sentierten Inhalte sicherstellen und alle zivil- und strafrechtlichen Ma\u00dfnahmen ergreifen, die ihm im Falle einer Verletzung oder Verletzung dieser Rechte durch den Benutzer entsprechen.<\/p>\n<p><strong>3. Schutz personenbezogener Daten<\/strong><br \/>\nDie personenbezogenen Daten, die Sie \u00fcber das Kontaktformular auf dieser Seite oder per E-Mail erhalten, werden streng vertraulich behandelt und nur zur Beantwortung von Informationsanfragen oder Anfragen verwendet. Sie w\u00fcrden nur dann in eine Datei aufgenommen, wenn zwischen Tapcork Natural und der betroffenen Person eine Unternehmensbeziehung begr\u00fcndet wird, und immer mit vorheriger Zustimmung dieser Person.<\/p>\n<p>Tapcork Natural hat die entsprechenden Sicherheitsstufen f\u00fcr die bereitgestellten Daten eingef\u00fchrt und dar\u00fcber hinaus alle ihr zur Verf\u00fcgung stehenden Mittel und technischen Ma\u00dfnahmen installiert, um den Verlust, Missbrauch, die \u00c4nderung, den unbefugten Zugriff und den Diebstahl der Daten, die sie uns erm\u00f6glichen, zu verhindern.<\/p>\n<p><strong>4. Verschiedenes<\/strong><\/p>\n<p style=\"padding-left: 40px;\">A.- Tapcork Natural verwendet Cookies, die auf dem Computer gespeichert werden. Cookies sind kleine Dateien, die unser Computer an Sie sendet, die uns jedoch keine Informationen \u00fcber Ihren Namen oder Ihre pers\u00f6nlichen Daten liefern. Die von uns verwendeten Cookies k\u00f6nnen keine Daten von Ihrem Computer lesen oder die auf Ihrem Computer vorhandenen Cookies lesen.<\/p>\n<p style=\"padding-left: 40px;\">Wenn der Benutzer die Webseiten von Tapcork Natural durchsucht, erkennt der Server, auf dem er gehostet wird, automatisch die IP-Adresse seines Computers, den Tag und die Uhrzeit des Besuchsbeginns, das Verlassen des Besuchs sowie Informationen zu den verschiedenen aufgerufenen Abschnitten . Diese Daten m\u00fcssen dem Server bekannt sein, um die gestellte Anfrage zu kommunizieren und zu senden und sie auf dem Bildschirm des Browsers anzuzeigen.<br \/>\nWenn Sie m\u00f6chten, k\u00f6nnen Sie Ihren Browser so konfigurieren, dass er Sie auf dem Bildschirm benachrichtigt, wenn Sie ein Cookie erhalten. Der Benutzer kann seinen Computer so konfigurieren, dass er diese Cookies nicht empf\u00e4ngt. Dies verhindert nicht den Zugriff auf die Informationen auf der Website www.tapcork.net.<\/p>\n<p style=\"padding-left: 40px;\">B.- Tapcork Natural kann die auf seiner Website enthaltenen Informationen sowie deren Konfiguration und Pr\u00e4sentation ohne vorherige Ank\u00fcndigung \u00e4ndern.<\/p>\n<p style=\"padding-left: 40px;\">C.- Tapcork Natural verpflichtet sich hiermit, KEINE irref\u00fchrende Werbung zu betreiben. F\u00fcr diese Zwecke werden daher formale oder numerische Fehler, die sich im Inhalt der verschiedenen Abschnitte der Website des Firmennamens finden k\u00f6nnen, die infolge von Wartung und \/ oder Aktualisierung entstanden sind, nicht als irref\u00fchrende Werbung angesehen in diesen Abschnitten enthalten. Tapcork Natural verpflichtet sich aufgrund der Bestimmungen dieses Abschnitts, diese zu korrigieren, sobald sie von diesen Fehlern Kenntnis erh\u00e4lt.<\/p>\n<p style=\"padding-left: 40px;\">D.- Tapcork Natural verpflichtet sich, gem\u00e4\u00df den Bestimmungen des Gesetzes 34\/2002 \u00fcber die Dienste der Informationsgesellschaft und des elektronischen Unternehmensverkehrs KEINE WERBEKORRESPONDENZ OHNE KENNZEICHNUNG ZU VERSENDEN. Zu diesen Zwecken gelten alle an KUNDEN von Tapcork Natural gesendeten Informationen nicht als kommerzielle Kommunikation, sofern sie der Aufrechterhaltung des bestehenden Vertragsverh\u00e4ltnisses zwischen dem Kunden und Tapcork Natural sowie der Durchf\u00fchrung von Informations- und Schulungsaufgaben dienen. und andere Aktivit\u00e4ten der Unternehmensbeziehung mit dem Unternehmen.<\/p>\n<p style=\"padding-left: 40px;\">E.- Tapcork Natural ist nicht verantwortlich f\u00fcr den Versto\u00df gegen geltende Regeln, die dem Benutzer beim Zugriff auf die Website des Unternehmens und \/ oder bei der Verwendung der darin enthaltenen Informationen entstehen.<\/p>\n<p style=\"padding-left: 40px;\">F.- Tapcork Natural haftet nicht f\u00fcr Sch\u00e4den, die unabh\u00e4ngig von ihrer Art durch die Verwendung der Informationen, der Inhalte dieser Website und der darin enthaltenen Programme entstehen oder auftreten k\u00f6nnen. Die Links und Hypertexte, die es dem Benutzer erm\u00f6glichen, \u00fcber die Website des Unternehmens auf Funktionen und Dienste zuzugreifen, die von Dritten angeboten werden, geh\u00f6ren nicht oder stehen nicht unter der Kontrolle von Tapcork Natural; diese Einrichtung ist nicht verantwortlich f\u00fcr die darin enthaltenen Informationen oder f\u00fcr Auswirkungen, die sich aus diesen Informationen ergeben k\u00f6nnen.<\/p>\n<p style=\"padding-left: 40px;\">G.- Tapcork Natural ist nicht verantwortlich f\u00fcr die unrechtm\u00e4\u00dfige Verwendung von Markennamen, Produktnamen, Warenzeichen, die nicht Eigentum dieser Entit\u00e4t sind und auf der Website des Unternehmens erscheinen, durch Dritte. Sie ist auch nicht verantwortlich f\u00fcr die Integrit\u00e4t, Richtigkeit und Rechtm\u00e4\u00dfigkeit des Inhalts der Links zu den Websites, die von www.tapcork.net aus aufgerufen werden k\u00f6nnen.<\/p>\n<p style=\"padding-left: 40px;\">H.- Tapcork Natural ist nicht verantwortlich f\u00fcr Viren, die ihren Ursprung in einer Telematik\u00fcbertragung haben, die von Dritten infiltriert wurde (z .<\/p>\n<p style=\"padding-left: 40px;\">I.- Letztendlich ist der Benutzer allein verantwortlich f\u00fcr die Nutzung der Dienste, Inhalte, Links und Hypertexte, die auf der Website des Unternehmens enthalten sind.<\/p>\n<p style=\"padding-left: 40px;\">J. - Alles, was auf die Website www.tapcork.net verweist, unterliegt ausschlie\u00dflich spanischem Recht. Im Falle von Unstimmigkeiten oder Differenzen zwischen den Parteien in Bezug auf die Auslegung und den Inhalt dieser Website unterwerfen sich alle Parteien unter ausdr\u00fccklichem Verzicht auf eine andere Zust\u00e4ndigkeit den Gerichten von Girona.<\/p>\n<p style=\"padding-left: 40px;\">\n<\/div>\n<\/div><\/div><\/div><\/div><\/div><\/div>","protected":false},"excerpt":{"rendered":"RECHTLICHE HINWEISE 1. Firmendaten In \u00dcbereinstimmung mit Artikel 10 des Gesetzes 34\/2002 vom 11. Juli \u00fcber Dienstleistungen der Informationsgesellschaft und des elektronischen Unternehmensverkehrs sind die Identifikationsdaten des Unternehmens unten aufgef\u00fchrt. Name: Tapcork Natural Firmenname: Tapcork Natural, S.L.U. NIF\/CIF: B55110753 Registrierung: Girona Mercantile Registry, Band 2833, Buch 0, Folio 103, Seite GI-51691. Firmensitz: C \/ Garrotxa,&#8230; <a class=\"view-article\" href=\"https:\/\/tapcork.net\/de\/rechtlicher-hinweis\/\">Artikel ansehen<\/a>","protected":false},"author":1,"featured_media":0,"parent":0,"menu_order":0,"comment_status":"closed","ping_status":"closed","template":"","meta":[],"acf":[],"_links":{"self":[{"href":"https:\/\/tapcork.net\/de\/wp-json\/wp\/v2\/pages\/2251"}],"collection":[{"href":"https:\/\/tapcork.net\/de\/wp-json\/wp\/v2\/pages"}],"about":[{"href":"https:\/\/tapcork.net\/de\/wp-json\/wp\/v2\/types\/page"}],"author":[{"embeddable":true,"href":"https:\/\/tapcork.net\/de\/wp-json\/wp\/v2\/users\/1"}],"replies":[{"embeddable":true,"href":"https:\/\/tapcork.net\/de\/wp-json\/wp\/v2\/comments?post=2251"}],"version-history":[{"count":0,"href":"https:\/\/tapcork.net\/de\/wp-json\/wp\/v2\/pages\/2251\/revisions"}],"wp:attachment":[{"href":"https:\/\/tapcork.net\/de\/wp-json\/wp\/v2\/media?parent=2251"}],"curies":[{"name":"wp","href":"https:\/\/api.w.org\/{rel}","templated":true}]}}