{"id":2792,"date":"2026-03-04T11:27:09","date_gmt":"2026-03-04T09:27:09","guid":{"rendered":"https:\/\/tapcork.net\/personalizacion\/"},"modified":"2026-03-18T12:57:33","modified_gmt":"2026-03-18T10:57:33","slug":"personalizacion","status":"publish","type":"page","link":"https:\/\/tapcork.net\/ca\/personalizacion\/","title":{"rendered":"Personalitzaci\u00f3"},"content":{"rendered":"<div id=\"pl-2792\"  class=\"panel-layout\" ><div id=\"pg-2792-0\"  class=\"panel-grid panel-no-style\" ><div id=\"pgc-2792-0-0\"  class=\"panel-grid-cell\" ><div id=\"panel-2792-0-0-0\" class=\"so-panel widget widget_text panel-first-child panel-last-child\" data-index=\"0\" ><div class=\"panel-widget-style panel-widget-style-for-2792-0-0-0\" >\t\t\t<div class=\"textwidget\"><div style=\"width: 832px;\" class=\"wp-video\"><!--[if lt IE 9]><script>document.createElement('video');<\/script><![endif]-->\n<video class=\"wp-video-shortcode\" id=\"video-0-1\" preload=\"metadata\" controls=\"controls\"><source type=\"video\/mp4\" src=\"http:\/\/tapcork.net\/wp-content\/uploads\/2026\/03\/WhatsApp-Video-2025-10-23-at-16.02.07.mp4?_=1\" \/><a href=\"http:\/\/tapcork.net\/wp-content\/uploads\/2026\/03\/WhatsApp-Video-2025-10-23-at-16.02.07.mp4\">http:\/\/tapcork.net\/wp-content\/uploads\/2026\/03\/WhatsApp-Video-2025-10-23-at-16.02.07.mp4<\/a><\/video><\/div>\n<\/div>\n\t\t<\/div><\/div><\/div><div id=\"pgc-2792-0-1\"  class=\"panel-grid-cell\" ><div id=\"panel-2792-0-1-0\" class=\"so-panel widget widget_text panel-first-child panel-last-child\" data-index=\"1\" ><h3 class=\"widget-title\">Taps clauers personalitzats: el teu celler m\u00e9s visible que mai<\/h3>\t\t\t<div class=\"textwidget\"><p>A causa de l&#8217;increment de cellers que realitzen la important\u00edssima tasca de fomentar l&#8217;enoturisme, amb l&#8217;objectiu d&#8217;apropar cada vegada m\u00e9s persones al m\u00f3n del vi, i amb la voluntat de col\u00b7laborar amb tots vosaltres perqu\u00e8 els vostres vins es donin a con\u00e8ixer al m\u00e0xim de llocs possible, hem creat la possibilitat d&#8217;oferir-vos clauers totalment personalitzats.<\/p>\n<p>Aquests clauers poden servir-vos per a esdeveniments, es poden incloure dins de caixes de fusta, regalar en visites enotur\u00edstiques o utilitzar en fires, i aix\u00ed aconseguir que el nom del vostre celler arribi a moltes m\u00e9s persones.<\/p>\n<p>\u00c9s una forma de m\u00e0rqueting original, econ\u00f2mica i efectiva; al final, el nom del vostre celler estar\u00e0 donant voltes i veient-se constantment gr\u00e0cies al tap\/clauer personalitzat.<\/p>\n<\/div>\n\t\t<\/div><\/div><\/div><div id=\"pg-2792-1\"  class=\"panel-grid panel-no-style\" ><div id=\"pgc-2792-1-0\"  class=\"panel-grid-cell panel-grid-cell-empty\" ><\/div><\/div><\/div>","protected":false},"excerpt":{"rendered":"A causa de l&#8217;increment de cellers que realitzen la important\u00edssima tasca de fomentar l&#8217;enoturisme, amb l&#8217;objectiu d&#8217;apropar cada vegada m\u00e9s persones al m\u00f3n del vi, i amb la voluntat de col\u00b7laborar amb tots vosaltres perqu\u00e8 els vostres vins es donin a con\u00e8ixer al m\u00e0xim de llocs possible, hem creat la possibilitat d&#8217;oferir-vos clauers totalment personalitzats&#8230;. <a class=\"view-article\" href=\"https:\/\/tapcork.net\/ca\/personalizacion\/\">View Article<\/a>","protected":false},"author":2,"featured_media":0,"parent":0,"menu_order":0,"comment_status":"closed","ping_status":"closed","template":"","meta":[],"acf":[],"_links":{"self":[{"href":"https:\/\/tapcork.net\/ca\/wp-json\/wp\/v2\/pages\/2792"}],"collection":[{"href":"https:\/\/tapcork.net\/ca\/wp-json\/wp\/v2\/pages"}],"about":[{"href":"https:\/\/tapcork.net\/ca\/wp-json\/wp\/v2\/types\/page"}],"author":[{"embeddable":true,"href":"https:\/\/tapcork.net\/ca\/wp-json\/wp\/v2\/users\/2"}],"replies":[{"embeddable":true,"href":"https:\/\/tapcork.net\/ca\/wp-json\/wp\/v2\/comments?post=2792"}],"version-history":[{"count":3,"href":"https:\/\/tapcork.net\/ca\/wp-json\/wp\/v2\/pages\/2792\/revisions"}],"predecessor-version":[{"id":2796,"href":"https:\/\/tapcork.net\/ca\/wp-json\/wp\/v2\/pages\/2792\/revisions\/2796"}],"wp:attachment":[{"href":"https:\/\/tapcork.net\/ca\/wp-json\/wp\/v2\/media?parent=2792"}],"curies":[{"name":"wp","href":"https:\/\/api.w.org\/{rel}","templated":true}]}}