{"id":2460,"date":"2021-12-23T11:14:33","date_gmt":"2021-12-23T09:14:33","guid":{"rendered":"https:\/\/tapcork.net\/?page_id=2460"},"modified":"2026-03-02T18:40:48","modified_gmt":"2026-03-02T16:40:48","slug":"politica-de-qualitat","status":"publish","type":"page","link":"https:\/\/tapcork.net\/ca\/politica-de-qualitat\/","title":{"rendered":"Pol\u00edtica de qualitat"},"content":{"rendered":"<div id=\"pl-2460\"  class=\"panel-layout\" ><div id=\"pg-2460-0\"  class=\"panel-grid panel-no-style\" ><div id=\"pgc-2460-0-0\"  class=\"panel-grid-cell\" ><div id=\"panel-2460-0-0-0\" class=\"so-panel widget widget_sow-editor panel-first-child panel-last-child\" data-index=\"0\" ><div class=\"so-widget-sow-editor so-widget-sow-editor-base\">\n<div class=\"siteorigin-widget-tinymce textwidget\">\n\t<h2>POL\u00cdTICA DE QUALITAT<\/h2>\n<p>La direcci\u00f3 de TAPCORK NATURAL, SLU defineix i es compromet amb la seva pol\u00edtica de qualitat segons el que s'exposa a continuaci\u00f3:<\/p>\n<p>La nostra filosofia \u00e9s oferir un molt bon producte amb la millor relaci\u00f3 qualitat-preu possible i amb un bon servei d'assessorament i personalitzaci\u00f3 tant pre-venda com post-venda, que desenvolupen tant els nostres t\u00e8cnics comercials com des de f\u00e0brica, on es treballen els taps amb detall, sempre controlant la qualitat i les peticions del client, considerant que la qualitat \u00e9s el principal factor per a la satisfacci\u00f3 dels clients, i per aix\u00f2 sempre treballa sota la premissa de la millora cont\u00ednua i implica a tots els membres de la plantilla a la aportaci\u00f3 d'idees per prevenir problemes i aportar millores, responsabilitzant a la majoria tots els seus empleats en el control de qualitat del producte.<\/p>\n<p>Seguint un estricte control de qualitat elaborat tant en les pr\u00f2pies instal\u00b7lacions com en laboratoris externs, Tapcork ofereix als seus clients la m\u00e0xima seguretat pel que fa a la tra\u00e7abilitat del tap i el compliment de la normativa. Tots els productes utilitzats per a la neteja i acabat del tap compleixen normatives de FDA i CEE.<\/p>\n<p>Tots els nostres taps es lliuren al client envasats al buit i esterilitzats amb SO2, amb un control t\u00e8cnic adjunt, on figuren totes les especificacions t\u00e8cniques del tap i amb el codi corresponent que marquen les NCS per emmagatzemar.<\/p>\n<p>La direcci\u00f3 de l'empresa considera indispensable tenir una pol\u00edtica de gesti\u00f3, aix\u00ed com els compromisos associats, amb l'objectiu de garantir als clients que el producte que rebran s'ajusta al m\u00e0xim als seus requisits de compra.<\/p>\n<p>A Tapcork Natural es prenen totes les mesures de prevenci\u00f3 de defectes necess\u00e0ries, s'analitzen totes les no conformitats i es posen en pr\u00e0ctica les accions correctives corresponents.<\/p>\n<p>Aix\u00ed mateix treballem seguint respectuosos amb el medi ambient sobretot si parlem del producte de rebuig.<\/p>\n<p>Tots els treballadors de Tapcork Natural es veuen d'una manera o altra implicats en el proc\u00e9s de lliurament de partides als clients, per aquest motiu sempre estem en millores cont\u00ednues detectant aix\u00ed possibles errors i modificant sempre de forma preventiva.<\/p>\n<p>La direcci\u00f3 de TAPCORK NATURAL<\/p>\n<p>A 19 de febrer de 2026<\/p>\n<\/div>\n<\/div><\/div><\/div><\/div><\/div>","protected":false},"excerpt":{"rendered":"POL\u00cdTICA DE QUALITAT La direcci\u00f3 de TAPCORK NATURAL, SLU defineix i es compromet amb la seva pol\u00edtica de qualitat segons el que s&#8217;exposa a continuaci\u00f3: La nostra filosofia \u00e9s oferir un molt bon producte amb la millor relaci\u00f3 qualitat-preu possible i amb un bon servei d&#8217;assessorament i personalitzaci\u00f3 tant pre-venda com post-venda, que desenvolupen tant&#8230; <a class=\"view-article\" href=\"https:\/\/tapcork.net\/ca\/politica-de-qualitat\/\">View Article<\/a>","protected":false},"author":1,"featured_media":0,"parent":0,"menu_order":0,"comment_status":"closed","ping_status":"closed","template":"","meta":[],"acf":[],"_links":{"self":[{"href":"https:\/\/tapcork.net\/ca\/wp-json\/wp\/v2\/pages\/2460"}],"collection":[{"href":"https:\/\/tapcork.net\/ca\/wp-json\/wp\/v2\/pages"}],"about":[{"href":"https:\/\/tapcork.net\/ca\/wp-json\/wp\/v2\/types\/page"}],"author":[{"embeddable":true,"href":"https:\/\/tapcork.net\/ca\/wp-json\/wp\/v2\/users\/1"}],"replies":[{"embeddable":true,"href":"https:\/\/tapcork.net\/ca\/wp-json\/wp\/v2\/comments?post=2460"}],"version-history":[{"count":6,"href":"https:\/\/tapcork.net\/ca\/wp-json\/wp\/v2\/pages\/2460\/revisions"}],"predecessor-version":[{"id":2713,"href":"https:\/\/tapcork.net\/ca\/wp-json\/wp\/v2\/pages\/2460\/revisions\/2713"}],"wp:attachment":[{"href":"https:\/\/tapcork.net\/ca\/wp-json\/wp\/v2\/media?parent=2460"}],"curies":[{"name":"wp","href":"https:\/\/api.w.org\/{rel}","templated":true}]}}