{"id":2089,"date":"2021-12-10T11:04:51","date_gmt":"2021-12-10T09:04:51","guid":{"rendered":"https:\/\/tapcork.net\/politica-de-cookies\/"},"modified":"2021-12-15T02:08:42","modified_gmt":"2021-12-15T00:08:42","slug":"politica-de-cookies","status":"publish","type":"page","link":"https:\/\/tapcork.net\/ca\/politica-de-cookies\/","title":{"rendered":"Pol\u00edtica de cookies"},"content":{"rendered":"<div id=\"pl-2089\"  class=\"panel-layout\" ><div id=\"pg-2089-0\"  class=\"panel-grid panel-no-style\" ><div id=\"pgc-2089-0-0\"  class=\"panel-grid-cell\" ><div id=\"panel-2089-0-0-0\" class=\"so-panel widget widget_sow-editor panel-first-child panel-last-child\" data-index=\"0\" ><div class=\"so-widget-sow-editor so-widget-sow-editor-base\">\n<div class=\"siteorigin-widget-tinymce textwidget\">\n\t<h2>POL\u00cdTICA DE COOKIES<\/h2>\n<p>Cookie \u00e9s un fitxer que es descarrega en el seu ordinador quan accedeix a determinades p\u00e0gines web. Les cookies permeten a una p\u00e0gina web, entre altres coses, emmagatzemar i recuperar informaci\u00f3 sobre els h\u00e0bits de navegaci\u00f3 d'un usuari o del seu equip i, depenent de la informaci\u00f3 que continguin i de la forma en que utilitzi el seu equip, poden utilitzar-se per a recon\u00e8ixer a l'usuari. El navegador de l'usuari memoritza cookies en el disc dur nom\u00e9s durant la sessi\u00f3 actual ocupant un espai de mem\u00f2ria m\u00ednim i no perjudicant a l'ordinador. Les cookies no contenen cap classe d'informaci\u00f3 personal espec\u00edfica, i la majoria s'esborren del disc dur al finalitzar la sessi\u00f3 de navegador (les denominades cookies de sessi\u00f3).<\/p>\n<p>La majoria dels navegadors accepten com a est\u00e0ndard a les cookies i permeten o impedeixen en els ajustaments de seguretat les cookies temporals o memoritzades.<\/p>\n<p><strong>Tipus de cookies segons la seva finalitat<\/strong><\/p>\n<p style=\"padding-left: 40px;\"><strong>Cookies t\u00e8cniques.<\/strong> S\u00f3n aquelles que permeten a l'usuari la navegaci\u00f3 a trav\u00e9s d'una p\u00e0gina web, plataforma o aplicaci\u00f3 i la utilitzaci\u00f3 de les diferents opcions o serveis com, per exemple, controlar el tr\u00e0nsit i la comunicaci\u00f3 de dades, identificar la sessi\u00f3, accedir a parts d'acc\u00e9s restringit, recordar els elements que integren una comanda, realitzar el proc\u00e9s de compra d'una comanda, realitzar la sol.licitud d'inscripci\u00f3 o participaci\u00f3 en un event, utilitzar elements de seguretat durant la navegaci\u00f3, emmagatzemar continguts per a la difussi\u00f3 de v\u00eddeos o so o compartir continguts a trav\u00e9s de xarxes socials.<br \/>\n<strong>Cookies de personalitzaci\u00f3.<\/strong> S\u00f3n aquelles que permeten a l'usuari accedir al servei amb algunes caracter\u00edstiques de car\u00e0cter general predefinides en funci\u00f3 d'una s\u00e8rie de criteris en el terminal de l'usuari com per exemple serien l'idioma, el tipus de navegador a trav\u00e9s del qual accedeix al servei, la configuraci\u00f3 regional des d'on accedeix al servei, etc.<br \/>\n<strong>Cookies d'an\u00e0lisi.<\/strong> S\u00f3n aquelles que ben tractades per nosaltres o per tercers, ens permeten quantificar el n\u00famero d'usuaris i aix\u00ed realitzar la medici\u00f3 i an\u00e0lisi estad\u00edstic de la utilitzaci\u00f3 que fan els usuaris del servei ofert. Per a aix\u00f2 s'analitza la seva navegaci\u00f3 en la nostra p\u00e0gina web amb la finalitat de millorar l'oferta de productes o serveis que li oferim.<br \/>\n<strong>Cookies publicit\u00e0ries.<\/strong> S\u00f3n aquelles que, ben tractades per nosaltres o per tercers, ens permeten gestionar de la forma m\u00e9s efica\u00e7 possible l'oferta dels espais publicitaris que hi ha a la p\u00e0gina web, adequant el contingut de l'anunci al contingut del servei sol.licitat o a l'\u00fas que realitzi de la nostra p\u00e0gina web. Per a aix\u00f2 podem analitzar els seus h\u00e1bits de navegaci\u00f3 a Internet i podem mostrar-li publicitat relacionada amb el seu perfil de navegaci\u00f3.<br \/>\n<strong>Cookies de publicitat comportamental.<\/strong> S\u00f3n aquelles que permeten la gesti\u00f3, de la forma m\u00e9s efica\u00e7 possible, dels espais publicitaris que, en el seu cas, l'editor hagi incl\u00f2s en una p\u00e0gina web, aplicaci\u00f3 o plataforma des de la que presta el servei sol.licitat. Aquestes cookies emmagatzemen informaci\u00f3 del comportament dels usuaris obtinguda a trav\u00e9s de l'observaci\u00f3 continuada dels seus h\u00e0bits de navegaci\u00f3, el que permet desenvolupar un perfil espec\u00edfic per a mostrar publicitat.<\/p>\n<p><strong>Tipus de cookies segons el seu gestor<\/strong><\/p>\n<p style=\"padding-left: 40px;\"><strong>Cookies pr\u00f2pies.<\/strong> Les cookies pr\u00f2pies s'envien a l'equip terminal de l'usuari des d'un equip o domini gestionat pel propi editor i des d'on es presta el servei sol.licitat per l'usuari.<br \/>\n<strong>Cookies de tercers.<\/strong> Les cookies de tercers s'envien a l'equip terminal de l'usuari des d'un equip o domini que no \u00e9s gestionat per l'editor, sin\u00f3 per una altra entitat que tracta les dades obtingudes a trav\u00e9s de les cookies. Tamb\u00e9 s\u00f3n de tercers les cookies instalades per l'editor per\u00f2 gestionades per un tercer.<\/p>\n<p style=\"padding-left: 40px;\"><strong>\u00bfQuins tipus de cookies utilitza aquesta p\u00e0gina web?<\/strong><br \/>\n- Cookies t\u00e8cniques<br \/>\n- Cookies d'an\u00e0lisi<\/p>\n<p>Per tant, l'usuari accepta expressament, per la utilitzaci\u00f3 d'aquest lloc, el tractament de la informaci\u00f3 recollida en la forma i amb les finalitats anteriorment mencionades. I aix\u00ed mateix reconeix con\u00e8ixer la possibilitat de rebutjar el tractament de tals dades o informaci\u00f3 rebutjant l'\u00fas de cookies mitjan\u00e7ant la selecci\u00f3 de la configuraci\u00f3 apropiada a tal finalitat en el seu navegador. Si b\u00e9 aquesta opci\u00f3 de bloqueig de cookies en el seu navegador pot no permetre l'\u00fas de totes les funcionalitats del Website.<\/p>\n<p>&nbsp;<\/p>\n<p>&nbsp;<\/p>\n<\/div>\n<\/div><\/div><\/div><\/div><\/div>","protected":false},"excerpt":{"rendered":"POL\u00cdTICA DE COOKIES Cookie \u00e9s un fitxer que es descarrega en el seu ordinador quan accedeix a determinades p\u00e0gines web. Les cookies permeten a una p\u00e0gina web, entre altres coses, emmagatzemar i recuperar informaci\u00f3 sobre els h\u00e0bits de navegaci\u00f3 d&#8217;un usuari o del seu equip i, depenent de la informaci\u00f3 que continguin i de la&#8230; <a class=\"view-article\" href=\"https:\/\/tapcork.net\/ca\/politica-de-cookies\/\">View Article<\/a>","protected":false},"author":1,"featured_media":0,"parent":0,"menu_order":0,"comment_status":"closed","ping_status":"closed","template":"","meta":[],"acf":[],"_links":{"self":[{"href":"https:\/\/tapcork.net\/ca\/wp-json\/wp\/v2\/pages\/2089"}],"collection":[{"href":"https:\/\/tapcork.net\/ca\/wp-json\/wp\/v2\/pages"}],"about":[{"href":"https:\/\/tapcork.net\/ca\/wp-json\/wp\/v2\/types\/page"}],"author":[{"embeddable":true,"href":"https:\/\/tapcork.net\/ca\/wp-json\/wp\/v2\/users\/1"}],"replies":[{"embeddable":true,"href":"https:\/\/tapcork.net\/ca\/wp-json\/wp\/v2\/comments?post=2089"}],"version-history":[{"count":0,"href":"https:\/\/tapcork.net\/ca\/wp-json\/wp\/v2\/pages\/2089\/revisions"}],"wp:attachment":[{"href":"https:\/\/tapcork.net\/ca\/wp-json\/wp\/v2\/media?parent=2089"}],"curies":[{"name":"wp","href":"https:\/\/api.w.org\/{rel}","templated":true}]}}