{"id":1052,"date":"2021-11-13T15:52:37","date_gmt":"2021-11-13T13:52:37","guid":{"rendered":"https:\/\/tapcork.net\/qualitat\/"},"modified":"2026-03-12T11:09:29","modified_gmt":"2026-03-12T09:09:29","slug":"qualitat","status":"publish","type":"page","link":"https:\/\/tapcork.net\/ca\/qualitat\/","title":{"rendered":"Qualitat"},"content":{"rendered":"<div id=\"pl-1052\"  class=\"panel-layout\" ><div id=\"pg-1052-0\"  class=\"panel-grid panel-has-style\" ><div class=\"siteorigin-panels-stretch panel-row-style panel-row-style-for-1052-0\" data-stretch-type=\"full-stretched\" ><div id=\"pgc-1052-0-0\"  class=\"panel-grid-cell\" ><div id=\"panel-1052-0-0-0\" class=\"so-panel widget widget_sow-slider panel-first-child panel-last-child\" data-index=\"0\" ><div class=\"so-widget-sow-slider so-widget-sow-slider-default-53fd0f98de19-1052\"><div class=\"sow-slider-base\" style=\"display: none\"><ul class=\"sow-slider-images\" data-settings=\"{&quot;pagination&quot;:true,&quot;speed&quot;:800,&quot;timeout&quot;:8000,&quot;paused&quot;:false,&quot;pause_on_hover&quot;:false,&quot;swipe&quot;:false,&quot;nav_always_show_desktop&quot;:&quot;&quot;,&quot;nav_always_show_mobile&quot;:&quot;&quot;,&quot;breakpoint&quot;:&quot;780px&quot;,&quot;unmute&quot;:false}\">\t\t<li class=\"sow-slider-image  sow-slider-image-cover\" style=\"background-image: url(https:\/\/tapcork.net\/wp-content\/uploads\/2021\/11\/hero-calidad_03.jpg)\" >\n\t\t\t\t\t\t\t\t\t<img width=\"669\" height=\"362\" src=\"https:\/\/tapcork.net\/wp-content\/uploads\/2021\/11\/hero-calidad_03.jpg\" class=\"sow-slider-background-image skip-lazy\" alt=\"\" loading=\"eager\" srcset=\"https:\/\/tapcork.net\/wp-content\/uploads\/2021\/11\/hero-calidad_03.jpg 669w, https:\/\/tapcork.net\/wp-content\/uploads\/2021\/11\/hero-calidad_03-250x135.jpg 250w, https:\/\/tapcork.net\/wp-content\/uploads\/2021\/11\/hero-calidad_03-120x65.jpg 120w\" sizes=\"(max-width: 669px) 100vw, 669px\" \/>\t\t\t\t\t\t\t\t<\/li>\n\t\t<\/ul>\t\t\t\t<ol class=\"sow-slider-pagination\">\n\t\t\t\t\t\t\t\t\t\t\t<li><a href=\"#\" data-goto=\"0\" aria-label=\"display slide 1\"><\/a><\/li>\n\t\t\t\t\t\t\t\t\t<\/ol>\n\n\t\t\t\t<div class=\"sow-slide-nav sow-slide-nav-next\">\n\t\t\t\t\t<a href=\"#\" data-goto=\"next\" aria-label=\"next slide\" data-action=\"next\">\n\t\t\t\t\t\t<em class=\"sow-sld-icon-ultra-thin-right\"><\/em>\n\t\t\t\t\t<\/a>\n\t\t\t\t<\/div>\n\n\t\t\t\t<div class=\"sow-slide-nav sow-slide-nav-prev\">\n\t\t\t\t\t<a href=\"#\" data-goto=\"previous\" aria-label=\"previous slide\" data-action=\"prev\">\n\t\t\t\t\t\t<em class=\"sow-sld-icon-ultra-thin-left\"><\/em>\n\t\t\t\t\t<\/a>\n\t\t\t\t<\/div>\n\t\t\t\t<\/div><\/div><\/div><\/div><\/div><\/div><div id=\"pg-1052-1\"  class=\"panel-grid panel-has-style\" ><div class=\"slogan principal siteorigin-panels-stretch panel-row-style panel-row-style-for-1052-1\" data-stretch-type=\"full-stretched\" ><div id=\"pgc-1052-1-0\"  class=\"panel-grid-cell\" ><div id=\"panel-1052-1-0-0\" class=\"so-panel widget widget_sow-editor panel-first-child panel-last-child\" data-index=\"1\" ><div class=\"so-widget-sow-editor so-widget-sow-editor-base\"><h3 class=\"widget-title\">Qualitat<\/h3>\n<div class=\"siteorigin-widget-tinymce textwidget\">\n\t<\/div>\n<\/div><\/div><\/div><\/div><\/div><div id=\"pg-1052-2\"  class=\"panel-grid panel-has-style\" ><div class=\"panel-row-style panel-row-style-for-1052-2\" ><div id=\"pgc-1052-2-0\"  class=\"panel-grid-cell\" ><div id=\"panel-1052-2-0-0\" class=\"so-panel widget widget_sow-editor panel-first-child panel-last-child\" data-index=\"2\" ><div class=\"so-widget-sow-editor so-widget-sow-editor-base\">\n<div class=\"siteorigin-widget-tinymce textwidget\">\n\t<p>EL CONTROL DE QUALITAT<\/p>\n<p>El producte acabat de TAPCORK segueix un estricte control de qualitat per a oferir als seus clients la m\u00e0xima seguretat quant a la tra\u00e7abilitat del tap i el compliment de les normatives de qualitat.<br \/>\nDisposem de la Certificaci\u00f3 ISO 9001.<br \/>\nTots els productes utilitzats per a la fabricaci\u00f3 i acabat del tap compleixen normatives de FDA i CEE.<br \/>\nPer a clients que ho desitgin, oferim un Plus de Qualitat, es tracta del <strong>proc\u00e9s<\/strong> <strong>Sniffing<\/strong>. \u00c9s un procediment no invasiu en el qual es realitza un tast sensorial, un a un, per a reduir a la m\u00ednima expressi\u00f3 qualsevol desviament sensorial en el tap.<\/p>\n<p>&nbsp;<\/p>\n<p>&nbsp;<\/p>\n<\/div>\n<\/div><\/div><\/div><div id=\"pgc-1052-2-1\"  class=\"panel-grid-cell\" ><div id=\"panel-1052-2-1-0\" class=\"so-panel widget widget_sow-editor panel-first-child panel-last-child\" data-index=\"3\" ><div class=\"so-widget-sow-editor so-widget-sow-editor-base\">\n<div class=\"siteorigin-widget-tinymce textwidget\">\n\t<p>&nbsp;<\/p>\n<p style=\"text-align: center;\"><img loading=\"lazy\" width=\"250\" height=\"121\" class=\"alignnone size-medium wp-image-2692\" src=\"http:\/\/tapcork.net\/wp-content\/uploads\/2026\/03\/ISO-9001-RGB-250x121.png\" alt=\"\" srcset=\"https:\/\/tapcork.net\/wp-content\/uploads\/2026\/03\/ISO-9001-RGB-250x121.png 250w, https:\/\/tapcork.net\/wp-content\/uploads\/2026\/03\/ISO-9001-RGB-700x338.png 700w, https:\/\/tapcork.net\/wp-content\/uploads\/2026\/03\/ISO-9001-RGB-768x371.png 768w, https:\/\/tapcork.net\/wp-content\/uploads\/2026\/03\/ISO-9001-RGB-120x58.png 120w, https:\/\/tapcork.net\/wp-content\/uploads\/2026\/03\/ISO-9001-RGB.png 820w\" sizes=\"(max-width: 250px) 100vw, 250px\" \/><\/p>\n<\/div>\n<\/div><\/div><\/div><\/div><\/div><\/div>","protected":false},"excerpt":{"rendered":"Qualitat EL CONTROL DE QUALITAT El producte acabat de TAPCORK segueix un estricte control de qualitat per a oferir als seus clients la m\u00e0xima seguretat quant a la tra\u00e7abilitat del tap i el compliment de les normatives de qualitat. Disposem de la Certificaci\u00f3 ISO 9001. Tots els productes utilitzats per a la fabricaci\u00f3 i acabat&#8230; <a class=\"view-article\" href=\"https:\/\/tapcork.net\/ca\/qualitat\/\">View Article<\/a>","protected":false},"author":1,"featured_media":0,"parent":0,"menu_order":0,"comment_status":"closed","ping_status":"closed","template":"","meta":[],"acf":[],"_links":{"self":[{"href":"https:\/\/tapcork.net\/ca\/wp-json\/wp\/v2\/pages\/1052"}],"collection":[{"href":"https:\/\/tapcork.net\/ca\/wp-json\/wp\/v2\/pages"}],"about":[{"href":"https:\/\/tapcork.net\/ca\/wp-json\/wp\/v2\/types\/page"}],"author":[{"embeddable":true,"href":"https:\/\/tapcork.net\/ca\/wp-json\/wp\/v2\/users\/1"}],"replies":[{"embeddable":true,"href":"https:\/\/tapcork.net\/ca\/wp-json\/wp\/v2\/comments?post=1052"}],"version-history":[{"count":9,"href":"https:\/\/tapcork.net\/ca\/wp-json\/wp\/v2\/pages\/1052\/revisions"}],"predecessor-version":[{"id":2779,"href":"https:\/\/tapcork.net\/ca\/wp-json\/wp\/v2\/pages\/1052\/revisions\/2779"}],"wp:attachment":[{"href":"https:\/\/tapcork.net\/ca\/wp-json\/wp\/v2\/media?parent=1052"}],"curies":[{"name":"wp","href":"https:\/\/api.w.org\/{rel}","templated":true}]}}