{"id":1049,"date":"2021-11-13T15:48:48","date_gmt":"2021-11-13T13:48:48","guid":{"rendered":"https:\/\/tapcork.net\/empresa\/"},"modified":"2021-12-25T01:48:17","modified_gmt":"2021-12-24T23:48:17","slug":"empresa","status":"publish","type":"page","link":"https:\/\/tapcork.net\/ca\/empresa\/","title":{"rendered":"Empresa"},"content":{"rendered":"<div id=\"pl-1049\"  class=\"panel-layout\" ><div id=\"pg-1049-0\"  class=\"panel-grid panel-has-style\" ><div class=\"siteorigin-panels-stretch panel-row-style panel-row-style-for-1049-0\" data-stretch-type=\"full-stretched\" ><div id=\"pgc-1049-0-0\"  class=\"panel-grid-cell\" ><div id=\"panel-1049-0-0-0\" class=\"so-panel widget widget_sow-slider panel-first-child panel-last-child\" data-index=\"0\" ><div class=\"so-widget-sow-slider so-widget-sow-slider-default-53fd0f98de19-1049\"><div class=\"sow-slider-base\" style=\"display: none\"><ul class=\"sow-slider-images\" data-settings=\"{&quot;pagination&quot;:true,&quot;speed&quot;:800,&quot;timeout&quot;:8000,&quot;paused&quot;:false,&quot;pause_on_hover&quot;:false,&quot;swipe&quot;:true,&quot;nav_always_show_desktop&quot;:&quot;&quot;,&quot;nav_always_show_mobile&quot;:&quot;&quot;,&quot;breakpoint&quot;:&quot;780px&quot;,&quot;unmute&quot;:false}\">\t\t<li class=\"sow-slider-image  sow-slider-image-cover\" style=\"background-image: url(https:\/\/tapcork.net\/wp-content\/uploads\/2021\/11\/hero-empresa_03.jpg)\" >\n\t\t\t\t\t\t\t\t\t<img width=\"676\" height=\"399\" src=\"https:\/\/tapcork.net\/wp-content\/uploads\/2021\/11\/hero-empresa_03.jpg\" class=\"sow-slider-background-image skip-lazy\" alt=\"\" loading=\"eager\" srcset=\"https:\/\/tapcork.net\/wp-content\/uploads\/2021\/11\/hero-empresa_03.jpg 676w, https:\/\/tapcork.net\/wp-content\/uploads\/2021\/11\/hero-empresa_03-250x148.jpg 250w, https:\/\/tapcork.net\/wp-content\/uploads\/2021\/11\/hero-empresa_03-120x71.jpg 120w\" sizes=\"(max-width: 676px) 100vw, 676px\" \/>\t\t\t\t\t\t\t\t<\/li>\n\t\t\t\t<li class=\"sow-slider-image  sow-slider-image-cover\" style=\"background-image: url(https:\/\/tapcork.net\/wp-content\/uploads\/2021\/11\/hero-empresa-02_03.jpg)\" >\n\t\t\t\t\t\t\t\t\t<img width=\"666\" height=\"592\" src=\"https:\/\/tapcork.net\/wp-content\/uploads\/2021\/11\/hero-empresa-02_03.jpg\" class=\"sow-slider-background-image skip-lazy\" alt=\"\" loading=\"eager\" srcset=\"https:\/\/tapcork.net\/wp-content\/uploads\/2021\/11\/hero-empresa-02_03.jpg 666w, https:\/\/tapcork.net\/wp-content\/uploads\/2021\/11\/hero-empresa-02_03-250x222.jpg 250w, https:\/\/tapcork.net\/wp-content\/uploads\/2021\/11\/hero-empresa-02_03-120x107.jpg 120w\" sizes=\"(max-width: 666px) 100vw, 666px\" \/>\t\t\t\t\t\t\t\t<\/li>\n\t\t<\/ul>\t\t\t\t<ol class=\"sow-slider-pagination\">\n\t\t\t\t\t\t\t\t\t\t\t<li><a href=\"#\" data-goto=\"0\" aria-label=\"display slide 1\"><\/a><\/li>\n\t\t\t\t\t\t\t\t\t\t\t<li><a href=\"#\" data-goto=\"1\" aria-label=\"display slide 2\"><\/a><\/li>\n\t\t\t\t\t\t\t\t\t<\/ol>\n\n\t\t\t\t<div class=\"sow-slide-nav sow-slide-nav-next\">\n\t\t\t\t\t<a href=\"#\" data-goto=\"next\" aria-label=\"next slide\" data-action=\"next\">\n\t\t\t\t\t\t<em class=\"sow-sld-icon-ultra-thin-right\"><\/em>\n\t\t\t\t\t<\/a>\n\t\t\t\t<\/div>\n\n\t\t\t\t<div class=\"sow-slide-nav sow-slide-nav-prev\">\n\t\t\t\t\t<a href=\"#\" data-goto=\"previous\" aria-label=\"previous slide\" data-action=\"prev\">\n\t\t\t\t\t\t<em class=\"sow-sld-icon-ultra-thin-left\"><\/em>\n\t\t\t\t\t<\/a>\n\t\t\t\t<\/div>\n\t\t\t\t<\/div><\/div><\/div><\/div><\/div><\/div><div id=\"pg-1049-1\"  class=\"panel-grid panel-has-style\" ><div class=\"slogan principal siteorigin-panels-stretch panel-row-style panel-row-style-for-1049-1\" data-stretch-type=\"full-stretched\" ><div id=\"pgc-1049-1-0\"  class=\"panel-grid-cell\" ><div id=\"panel-1049-1-0-0\" class=\"so-panel widget widget_sow-editor panel-first-child panel-last-child\" data-index=\"1\" ><div class=\"so-widget-sow-editor so-widget-sow-editor-base\"><h3 class=\"widget-title\">Empresa<\/h3>\n<div class=\"siteorigin-widget-tinymce textwidget\">\n\t<\/div>\n<\/div><\/div><\/div><\/div><\/div><div id=\"pg-1049-2\"  class=\"panel-grid panel-has-style\" ><div class=\"panel-row-style panel-row-style-for-1049-2\" ><div id=\"pgc-1049-2-0\"  class=\"panel-grid-cell\" ><div id=\"panel-1049-2-0-0\" class=\"so-panel widget widget_sow-editor panel-first-child panel-last-child\" data-index=\"2\" ><div class=\"so-widget-sow-editor so-widget-sow-editor-base\">\n<div class=\"siteorigin-widget-tinymce textwidget\">\n\t<h3>Experi\u00e8ncia y tradici\u00f3<\/h3>\n<p>Situats en una zona de gran tradici\u00f3 surera, en TAPCORK disposem d'un ampli coneixement d'aquest producte natural, el qual ens permet elaborar la nostra coneguda gamma de taps de suro que s'adapten a les necessitats de tapament de tot tipus de vins i begudes amb excel\u00b7lents resultats i \u00f2ptimes condicions.<br \/>\nLa filosofia de TAPCORK \u00e9s oferir un molt bon producte amb la millor relaci\u00f3 qualitat-preu possible i amb un bon servei d'assessorament i personalitzaci\u00f3 tant pre-venda com a post-venda, desenvolupat tant pels nostres t\u00e8cnics comercials com des de f\u00e0brica, on es treballen els taps amb detall, sempre controlant la qualitat i les peticions del client.<br \/>\nLa missi\u00f3 de TAPCORK \u00e9s oferir i destacar en el mercat pels seus productes i sobretot per un tracte molt seri\u00f3s i totalment personalitzat al client.<\/p>\n<p><img loading=\"lazy\" width=\"130\" height=\"156\" class=\"size-full wp-image-673 aligncenter\" src=\"http:\/\/tapcork.net\/wp-content\/uploads\/2021\/11\/logo-empresa.jpg\" alt=\"\" srcset=\"https:\/\/tapcork.net\/wp-content\/uploads\/2021\/11\/logo-empresa.jpg 130w, https:\/\/tapcork.net\/wp-content\/uploads\/2021\/11\/logo-empresa-120x144.jpg 120w\" sizes=\"(max-width: 130px) 100vw, 130px\" \/><\/p>\n<\/div>\n<\/div><\/div><\/div><\/div><\/div><\/div>","protected":false},"excerpt":{"rendered":"Empresa Experi\u00e8ncia y tradici\u00f3 Situats en una zona de gran tradici\u00f3 surera, en TAPCORK disposem d&#8217;un ampli coneixement d&#8217;aquest producte natural, el qual ens permet elaborar la nostra coneguda gamma de taps de suro que s&#8217;adapten a les necessitats de tapament de tot tipus de vins i begudes amb excel\u00b7lents resultats i \u00f2ptimes condicions. La&#8230; <a class=\"view-article\" href=\"https:\/\/tapcork.net\/ca\/empresa\/\">View Article<\/a>","protected":false},"author":1,"featured_media":0,"parent":0,"menu_order":0,"comment_status":"closed","ping_status":"closed","template":"","meta":[],"acf":[],"_links":{"self":[{"href":"https:\/\/tapcork.net\/ca\/wp-json\/wp\/v2\/pages\/1049"}],"collection":[{"href":"https:\/\/tapcork.net\/ca\/wp-json\/wp\/v2\/pages"}],"about":[{"href":"https:\/\/tapcork.net\/ca\/wp-json\/wp\/v2\/types\/page"}],"author":[{"embeddable":true,"href":"https:\/\/tapcork.net\/ca\/wp-json\/wp\/v2\/users\/1"}],"replies":[{"embeddable":true,"href":"https:\/\/tapcork.net\/ca\/wp-json\/wp\/v2\/comments?post=1049"}],"version-history":[{"count":2,"href":"https:\/\/tapcork.net\/ca\/wp-json\/wp\/v2\/pages\/1049\/revisions"}],"predecessor-version":[{"id":2504,"href":"https:\/\/tapcork.net\/ca\/wp-json\/wp\/v2\/pages\/1049\/revisions\/2504"}],"wp:attachment":[{"href":"https:\/\/tapcork.net\/ca\/wp-json\/wp\/v2\/media?parent=1049"}],"curies":[{"name":"wp","href":"https:\/\/api.w.org\/{rel}","templated":true}]}}