{"id":1046,"date":"2021-11-13T15:44:09","date_gmt":"2021-11-13T13:44:09","guid":{"rendered":"https:\/\/tapcork.net\/avis-legal\/"},"modified":"2021-12-10T10:46:54","modified_gmt":"2021-12-10T08:46:54","slug":"avis-legal","status":"publish","type":"page","link":"https:\/\/tapcork.net\/ca\/avis-legal\/","title":{"rendered":"Av\u00eds legal"},"content":{"rendered":"<div id=\"pl-1046\"  class=\"panel-layout\" ><div id=\"pg-1046-0\"  class=\"panel-grid panel-has-style\" ><div class=\"panel-row-style panel-row-style-for-1046-0\" ><div id=\"pgc-1046-0-0\"  class=\"panel-grid-cell\" ><div id=\"panel-1046-0-0-0\" class=\"so-panel widget widget_sow-editor panel-first-child panel-last-child\" data-index=\"0\" ><div class=\"so-widget-sow-editor so-widget-sow-editor-base\">\n<div class=\"siteorigin-widget-tinymce textwidget\">\n\t<h2>AV\u00cdS LEGAL<\/h2>\n<p><strong>1. Dades de l'empresa<\/strong><br \/>\nEn compliment de l'article 10 de la Llei 34\/2002, de 11 de juliol, de Serveis de la Societat de la Informaci\u00f3 i Comer\u00e7 Electr\u00f2nic, a continuaci\u00f3 s'exposen les dades identificaries de l'empresa.<\/p>\n<p style=\"padding-left: 40px;\">Nom: Tapcork Natural<br \/>\nDenominaci\u00f3 Social: Tapcork Natural, S.L.U.<br \/>\nNIF \/ CIF: B55110753<br \/>\nInscripci\u00f3: Registre Mercantil Girona, Tom 2833, Llibre 0, Foli 103, Full GI-51691.<br \/>\nDomicili Social: C\/ Garrotxa, 18. Pol.Ind.Casa Nova - 17181 Aiguaviva - Girona<br \/>\nTel\u00e8fon: 972.11.10.88<br \/>\nAdre\u00e7a de correu electr\u00f2nic: info@tapcork.net<\/p>\n<p><strong>2. Propietat Intel\u00b7lectual<\/strong><br \/>\nEl codi font, els dissenys gr\u00e0fics, les imatges, les fotografies, els sons, les animacions, el programari, els textos, aix\u00ed com la informaci\u00f3 i els continguts que es recullen en nom de l'empresa estan protegits per la legislaci\u00f3 espanyola sobre els drets de propietat intel\u00b7lectual i industrial a favor de denominaci\u00f3 social de l'empresa i no es permet la reproducci\u00f3 i \/ o publicaci\u00f3, total o parcial, del lloc web, ni el seu tractament inform\u00e0tic, la seva distribuci\u00f3, difusi\u00f3, ni la seva modificaci\u00f3, transformaci\u00f3 o descompilaci\u00f3 , ni altres drets reconeguts legalment al seu titular, sense el perm\u00eds previ i per escrit del mateix, Tapcork Natural.<\/p>\n<p>L'usuari, \u00fanicament i exclusivament, pot utilitzar el material que aparegui en aquest lloc web per al seu \u00fas personal i privat, quedant prohibit el seu \u00fas amb fins comercials o per inc\u00f3rrer en activitats il\u00b7l\u00edcites. Tots els drets derivats de la propietat intel\u00b7lectual estan expressament reservats per Tapcork Natural.<\/p>\n<p>Tapcork Natural vetllar\u00e0 pel compliment de les anteriors condicions com per la deguda utilitzaci\u00f3 dels continguts presentats a la seva p\u00e0gina web, exercitant totes les accions civils i penals que li corresponguin en el cas d'infracci\u00f3 o incompliment d'aquests drets per part de l'usuari.<\/p>\n<p><strong>3. Protecci\u00f3 de dades de car\u00e0cter personal<\/strong><br \/>\nLes dades personals que es puguin obtenir per mitj\u00e0 del formulari de contacte d'aquesta p\u00e0gina o b\u00e9 per la recepci\u00f3 de correus electr\u00f2nics s\u00f3n tractades amb la m\u00e0xima confidencialitat i nom\u00e9s s'utilitzaran per atendre les sol \u00b7 licituds d'informaci\u00f3 o consultes. \u00danicament s'incorporarien a un fitxer en el cas que s'establ\u00eds una relaci\u00f3 comercial entre Tapcork Natural i la persona interessada, i sempre amb el consentiment previ d'aquesta persona.<\/p>\n<p>Tapcork Natural ha adoptat els nivells de seguretat adequats a les dades que es faciliten i, a m\u00e9s, s'han instal\u00b7lat tots els mitjans i mesures t\u00e8cniques al seu abast per evitar la p\u00e8rdua, mal \u00fas, alteraci\u00f3, acc\u00e9s no autoritzat i robatori de les dades que ens faciliten.<\/p>\n<p><strong>4. Diversos<\/strong><\/p>\n<p style=\"padding-left: 40px;\">A. - Tapcork Natural utilitza cookies que es quedaran emmagatzemades a l'ordinador. Les cookies s\u00f3n petits arxius que el nostre ordinador envia al seu, per\u00f2 que no ens proporcionen informaci\u00f3 ni sobre el seu nom, ni sobre qualsevol dada de car\u00e0cter personal seu. Les cookies que utilitzem no poden llegir dades del seu ordinador ni llegir les cookies que existeixin al seu ordinador.<\/p>\n<p style=\"padding-left: 40px;\">Quan l'usuari es trobi navegant per les p\u00e0gines web de Tapcork Natural el servidor on es troba allotjada reconeix autom\u00e0ticament l'adre\u00e7a IP del seu ordinador, el dia i l'hora en qu\u00e8 comen\u00e7a la visita, en qu\u00e8 abandona la visita, aix\u00ed com informaci\u00f3 sobre les diferents seccions consultades. Cal que el servidor conegui aquestes dades per poder comunicar-se i enviar-li la petici\u00f3 realitzada i que a trav\u00e9s del navegador es pugui veure a la pantalla.<br \/>\nSi vost\u00e8 ho desitja pot configurar el seu navegador de manera que l'avisi a la pantalla si rebr\u00e0 una galeta. L'usuari pot configurar el seu ordinador de manera que no rebi aquestes cookies, aquest fet no impedir\u00e0 que es pugui accedir a la informaci\u00f3 del lloc web www.tapcork.net.<\/p>\n<p style=\"padding-left: 40px;\">B. - Tapcork Natural podr\u00e0 modificar, sense previ av\u00eds, la informaci\u00f3 continguda al seu lloc web, aix\u00ed com la seva configuraci\u00f3 i presentaci\u00f3.<\/p>\n<p style=\"padding-left: 40px;\">C. - Tapcork Natural es compromet a trav\u00e9s d'aquest mitj\u00e0 a NO REALITZAR PUBLICITAT ENGANYOSA. A aquests efectes, per tant, no seran considerats com publicitat enganyosa els errors formals o num\u00e8rics que puguin trobar al llarg del contingut de les diferents seccions del web de nom de l'empresa, produ\u00efts com a conseq\u00fc\u00e8ncia d'un manteniment i \/ o actualitzaci\u00f3 incompleta o defectuosa de la informaci\u00f3 continguda \u00e9s aquestes seccions. Tapcork Natural, com a conseq\u00fc\u00e8ncia del que disposa aquest apartat, es compromet a corregir-ho tan aviat com tingui coneixement d'aquests errors.<\/p>\n<p style=\"padding-left: 40px;\">D. - Tapcork Natural es compromet a NO REMETRE COMUNICACIONS COMERCIALS SENSE IDENTIFICAR-LES COM TALS, conforme al que disposa la Llei 34\/2002 de Serveis de la Societat de la Informaci\u00f3 i de comer\u00e7 electr\u00f2nic. A aquests efectes no ser\u00e0 considerat com comunicaci\u00f3 comercial tota la informaci\u00f3 que s'envi\u00ef ALS CLIENTS de Tapcork Natural sempre que tingui per finalitat el manteniment de la relaci\u00f3 contractual existent entre client i Tapcork Natural, aix\u00ed com l'acompliment de les tasques d'informaci\u00f3, formaci\u00f3 i altres activitats pr\u00f2pies de la relaci\u00f3 comercial amb l'empresa.<\/p>\n<p style=\"padding-left: 40px;\">E. - Tapcork Natural no es fa responsable de l'incompliment de qualsevol norma aplicable en qu\u00e8 pugui inc\u00f3rrer l'usuari en el seu acc\u00e9s al lloc web de l'empresa i \/ o en l'\u00fas de les informacions contingudes en el mateix.<\/p>\n<p style=\"padding-left: 40px;\">F. - Tapcork Natural no ser\u00e0 responsable dels danys i perjudicis produ\u00efts o que puguin produir-se, qualsevol que sigui la seva naturalesa, que es derivin de l'\u00fas de la informaci\u00f3, de les mat\u00e8ries contingudes en aquest lloc web i dels programes que incorpora. Els enlla\u00e7os (Links) i hipertext que possibilitin, a trav\u00e9s del lloc web de l'empresa, accedir a l'usuari a prestacions i serveis oferts per tercers, no pertanyen ni es troben sota el control de Tapcork Natural; aquesta entitat no es fa responsable ni de la informaci\u00f3 continguda en els mateixos ni de qualsevol efecte que poguessin derivar d'aquesta informaci\u00f3.<\/p>\n<p style=\"padding-left: 40px;\">G. - Tapcork Natural no es fa responsable de l'\u00fas il \u00b7 leg\u00edtim que terceres persones puguin fer dels noms de marca, noms de producte, marques comercials que, no sent propietat d'aquesta entitat, apareguin en el Web-Site web de l'empresa. Tampoc es responsabilitza de la integritat, veracitat i licitud del contingut dels enlla\u00e7os a les webs a les que pugui accedir des www.tapcork.net.<\/p>\n<p style=\"padding-left: 40px;\">H. - Tapcork Natural no es responsabilitza dels virus que tinguin el seu origen en una transmissi\u00f3 telem\u00e0tica infiltrats per terceres parts (per exemple, els macros de processadors de text, els applets de Java i els programes ActiveX), generats amb la finalitat de obtenir resultats negatius per a un sistema inform\u00e0tic.<\/p>\n<p style=\"padding-left: 40px;\">I. - En definitiva, l'usuari \u00e9s l'\u00fanic responsable de l'\u00fas que realitzi dels serveis, continguts, enlla\u00e7os (links) i hipertext inclosos en el lloc web de l'empresa.<\/p>\n<p style=\"padding-left: 40px;\">J. - Tot el que es refereix al web-site www.tapcork.net, es regeix exclusivament per les lleis espanyoles. En el cas que es produeixi qualsevol tipus de discrep\u00e0ncia o difer\u00e8ncia entre les parts en relaci\u00f3 a l'interpretaci\u00f3 i contingut de la present p\u00e0gina web, totes les parts es sotmeten, amb ren\u00fancia expressa a qualsevol altre aforament, als Jutjats i Tribunals de Girona.<\/p>\n<\/div>\n<\/div><\/div><\/div><\/div><\/div><\/div>","protected":false},"excerpt":{"rendered":"AV\u00cdS LEGAL 1. Dades de l&#8217;empresa En compliment de l&#8217;article 10 de la Llei 34\/2002, de 11 de juliol, de Serveis de la Societat de la Informaci\u00f3 i Comer\u00e7 Electr\u00f2nic, a continuaci\u00f3 s&#8217;exposen les dades identificaries de l&#8217;empresa. Nom: Tapcork Natural Denominaci\u00f3 Social: Tapcork Natural, S.L.U. NIF \/ CIF: B55110753 Inscripci\u00f3: Registre Mercantil Girona, Tom&#8230; <a class=\"view-article\" href=\"https:\/\/tapcork.net\/ca\/avis-legal\/\">View Article<\/a>","protected":false},"author":1,"featured_media":0,"parent":0,"menu_order":0,"comment_status":"closed","ping_status":"closed","template":"","meta":[],"acf":[],"_links":{"self":[{"href":"https:\/\/tapcork.net\/ca\/wp-json\/wp\/v2\/pages\/1046"}],"collection":[{"href":"https:\/\/tapcork.net\/ca\/wp-json\/wp\/v2\/pages"}],"about":[{"href":"https:\/\/tapcork.net\/ca\/wp-json\/wp\/v2\/types\/page"}],"author":[{"embeddable":true,"href":"https:\/\/tapcork.net\/ca\/wp-json\/wp\/v2\/users\/1"}],"replies":[{"embeddable":true,"href":"https:\/\/tapcork.net\/ca\/wp-json\/wp\/v2\/comments?post=1046"}],"version-history":[{"count":0,"href":"https:\/\/tapcork.net\/ca\/wp-json\/wp\/v2\/pages\/1046\/revisions"}],"wp:attachment":[{"href":"https:\/\/tapcork.net\/ca\/wp-json\/wp\/v2\/media?parent=1046"}],"curies":[{"name":"wp","href":"https:\/\/api.w.org\/{rel}","templated":true}]}}